

{"id":91580,"date":"2026-03-18T11:05:45","date_gmt":"2026-03-18T10:05:45","guid":{"rendered":"https:\/\/forestpioneer.es\/producto\/rcu75-3\/"},"modified":"2026-03-24T08:58:02","modified_gmt":"2026-03-24T07:58:02","slug":"rcu75-3","status":"publish","type":"product","link":"https:\/\/forestpioneer.es\/fr\/produit\/rcu75-3\/","title":{"rendered":"FAE RCU75"},"content":{"rendered":"<div><span style=\"font-family: Arial;font-size: 14px\">\u00c9quip\u00e9 d&rsquo;un moteur Kohler KDI 2504 stage V de 75CV<\/span><\/div>\n<div><span style=\"font-family: Arial;font-size: 14px\">Moteur certifi\u00e9 pour des pentes jusqu&rsquo;\u00e0 55\u00b0 dans toutes les directions<\/span><\/div>\n<div><span style=\"font-family: Arial;font-size: 14px\">Translation hydrostatique via deux pompes Danfoss 28CC ind\u00e9pendantes.<\/span><\/div>\n<div><span style=\"font-family: Arial;font-size: 14px\">Pompe Danfoss hydrostatique 45cc d\u00e9di\u00e9e \u00e0 l&rsquo;entrainement du broyeur.<\/span><\/div>\n<div><span style=\"font-family: Arial;font-size: 14px\">Gestion electro-hydraulique des pompes avec priorit\u00e9 au broyage et fonction anti-calage moteur.<\/span><\/div>\n<div><span style=\"font-family: Arial;font-size: 14px\">Train de chaine voies-variables ind\u00e9pendantes, \u00e0 tension automatique. Vitesse max 7,5KM\/H<\/span><\/div>\n<div><span style=\"font-family: Arial;font-size: 14px\">Chenilles 320mm, profil haut.<\/span><\/div>\n<div><span style=\"font-family: Arial;font-size: 14px\">Telecommande proportionelle, avec \u00e9cran LCD3.5&Prime; port\u00e9e 250m<\/span><\/div>\n<div><span style=\"font-family: Arial;font-size: 14px\">Dimensions transport nue : 2840(L)x1700(l)x1562(h) mm. poids 3470kg&nbsp;<\/span><\/div>\n<div><font face=\"Arial\"><span style=\"font-size: 14px\">roulement en acier, t\u00eate BL2\/RCU75 avec dents C3 mini, treuil de 2 t,&nbsp;<\/span><\/font><\/div>\n<div><\/div>\n","protected":false},"excerpt":{"rendered":"<div><span style=\"font-size: 18px\"><b>\ufeffRobot broyeur d&rsquo;occasion<\/b><\/span><\/div>\n","protected":false},"featured_media":92993,"template":"","meta":{"_acf_changed":false,"_joinchat":[]},"product_brand":[336],"product_cat":[42],"product_tag":[],"translation_priority":[],"class_list":{"0":"post-91580","1":"product","2":"type-product","3":"status-publish","4":"has-post-thumbnail","6":"product_brand-fae","7":"product_cat-machine-en-stock","8":"pa_marca-fae","9":"pa_tipo-robot-broyeur","11":"first","12":"instock","13":"taxable","14":"shipping-taxable","15":"product-type-simple"},"acf":[],"_links":{"self":[{"href":"https:\/\/forestpioneer.es\/fr\/wp-json\/wp\/v2\/product\/91580","targetHints":{"allow":["GET"]}}],"collection":[{"href":"https:\/\/forestpioneer.es\/fr\/wp-json\/wp\/v2\/product"}],"about":[{"href":"https:\/\/forestpioneer.es\/fr\/wp-json\/wp\/v2\/types\/product"}],"wp:featuredmedia":[{"embeddable":true,"href":"https:\/\/forestpioneer.es\/fr\/wp-json\/wp\/v2\/media\/92993"}],"wp:attachment":[{"href":"https:\/\/forestpioneer.es\/fr\/wp-json\/wp\/v2\/media?parent=91580"}],"wp:term":[{"taxonomy":"product_brand","embeddable":true,"href":"https:\/\/forestpioneer.es\/fr\/wp-json\/wp\/v2\/product_brand?post=91580"},{"taxonomy":"product_cat","embeddable":true,"href":"https:\/\/forestpioneer.es\/fr\/wp-json\/wp\/v2\/product_cat?post=91580"},{"taxonomy":"product_tag","embeddable":true,"href":"https:\/\/forestpioneer.es\/fr\/wp-json\/wp\/v2\/product_tag?post=91580"},{"taxonomy":"translation_priority","embeddable":true,"href":"https:\/\/forestpioneer.es\/fr\/wp-json\/wp\/v2\/translation_priority?post=91580"}],"curies":[{"name":"wp","href":"https:\/\/api.w.org\/{rel}","templated":true}]}}