

{"id":88495,"date":"2026-02-13T09:47:24","date_gmt":"2026-02-13T08:47:24","guid":{"rendered":"https:\/\/forestpioneer.es\/producto\/tn725d-4\/"},"modified":"2026-03-24T09:17:50","modified_gmt":"2026-03-24T08:17:50","slug":"tn725d-4","status":"publish","type":"product","link":"https:\/\/forestpioneer.es\/fr\/produit\/tn725d-4\/","title":{"rendered":"TIMBERPRO TN725D"},"content":{"rendered":"<p>Train de chenilles CAT D6 avec 48 tuiles (simple barrette) de 700 mm, longueur 470 cm<\/p>\n<p>Syst\u00e8me de lutte contre incendie automatique DAFO, capacit\u00e9 r\u00e9sevoir 20 litres<\/p>\n<p>Contrepoids sur les chenilles<\/p>\n<p>Cam\u00e9ra de visibilit\u00e9 arri\u00e8re<\/p>\n<p>Cabine certifi\u00e9e CE\/SAE avec 3 sorties de secours, Cabine pressuris\u00e9e et filtration anti pollen, air conditionn\u00e9, chauffage, cabine pr\u00e9suris\u00e9e et filtre anti pollen, Radio AM\/FM avec entr\u00e9e IPOD, Vitre avant renforc\u00e9e 3,2 cm, Phares LED pour visibilit\u00e9 nocturne, 1 Phare Xenon sur le balancier de la grue, Si\u00e8ge pneumatique chauffant, Prise 12 V, Syst\u00e8me \u00e9lectrique 24 V avec coupe batterie, Protection pot d&rsquo;\u00e9chappement anti-incendie et bruit, Potentiom\u00e8tre control de vitesse des chenilles, R\u00e9ducteur de translation LOHMANN, Grue feller buncher longue port\u00e9e (7,9m) avec bietllettes et v\u00e9rins, Rouleaux sup\u00e9rieurs, Roulement de tourelle renforc\u00e9, Rotation de tourelle avec moteur hydrostatique<\/p>\n<p><div><\/div><\/p>\n","protected":false},"excerpt":{"rendered":"<p><span style=\"font-size: 18px\"><b>\ufeffFeller buncher d&rsquo;occasion<\/b><\/span><\/p>\n","protected":false},"featured_media":95444,"template":"","meta":{"_acf_changed":false,"_joinchat":[]},"product_brand":[579],"product_cat":[42,349],"product_tag":[],"translation_priority":[],"class_list":{"0":"post-88495","1":"product","2":"type-product","3":"status-publish","4":"has-post-thumbnail","6":"product_brand-timberpro-fr","7":"product_cat-machine-en-stock","8":"product_cat-machinerie","9":"pa_marca-timberpro","10":"pa_tipo-feller-buncher","12":"first","13":"instock","14":"taxable","15":"shipping-taxable","16":"product-type-simple"},"acf":[],"_links":{"self":[{"href":"https:\/\/forestpioneer.es\/fr\/wp-json\/wp\/v2\/product\/88495","targetHints":{"allow":["GET"]}}],"collection":[{"href":"https:\/\/forestpioneer.es\/fr\/wp-json\/wp\/v2\/product"}],"about":[{"href":"https:\/\/forestpioneer.es\/fr\/wp-json\/wp\/v2\/types\/product"}],"wp:featuredmedia":[{"embeddable":true,"href":"https:\/\/forestpioneer.es\/fr\/wp-json\/wp\/v2\/media\/95444"}],"wp:attachment":[{"href":"https:\/\/forestpioneer.es\/fr\/wp-json\/wp\/v2\/media?parent=88495"}],"wp:term":[{"taxonomy":"product_brand","embeddable":true,"href":"https:\/\/forestpioneer.es\/fr\/wp-json\/wp\/v2\/product_brand?post=88495"},{"taxonomy":"product_cat","embeddable":true,"href":"https:\/\/forestpioneer.es\/fr\/wp-json\/wp\/v2\/product_cat?post=88495"},{"taxonomy":"product_tag","embeddable":true,"href":"https:\/\/forestpioneer.es\/fr\/wp-json\/wp\/v2\/product_tag?post=88495"},{"taxonomy":"translation_priority","embeddable":true,"href":"https:\/\/forestpioneer.es\/fr\/wp-json\/wp\/v2\/translation_priority?post=88495"}],"curies":[{"name":"wp","href":"https:\/\/api.w.org\/{rel}","templated":true}]}}