

{"id":84417,"date":"2026-01-21T09:09:25","date_gmt":"2026-01-21T08:09:25","guid":{"rendered":"https:\/\/forestpioneer.es\/producto\/s400\/"},"modified":"2026-05-11T08:48:40","modified_gmt":"2026-05-11T06:48:40","slug":"s400","status":"publish","type":"product","link":"https:\/\/forestpioneer.es\/fr\/produit\/s400\/","title":{"rendered":"Cisaille foresti\u00e8re &#8211; Woodcracker S400 WESTTECH"},"content":{"rendered":"<p><span data-sheets-root=\"1\" style=\"font-size: 10pt;font-family: Poppins, Arial\"><b><span style=\"font-size: 12px\">Ing\u00e9nierie et conception : <\/span><\/b><span style=\"font-size: 12px\">R\u00e9sistance \u00e9prouv\u00e9e en conditions extr\u00eames La Woodcracker S400 est enti\u00e8rement fabriqu\u00e9e en acier Hardox\u00ae haute r\u00e9sistance, garantissant une dur\u00e9e de vie prolong\u00e9e m\u00eame pour les travaux de d\u00e9broussaillage et de travaux publics les plus exigeants. Pour assurer une protection anticorrosion sup\u00e9rieure, le ch\u00e2ssis b\u00e9n\u00e9ficie d\u2019un traitement par cataphor\u00e8se (KTL) et d\u2019une finition par poudrage, r\u00e9duisant drastiquement les besoins de maintenance et prot\u00e9geant l&rsquo;investissement sur le long terme.&nbsp;&nbsp;<\/span><\/span><\/p>\n<p><b><span style=\"font-size: 12px\">Coupe et rendement :<\/span><\/b><span style=\"font-size: 12px\"> Efficacit\u00e9 \u00e0 chaque mouvement Contrairement aux technologies de rognage de souches conventionnelles, la S400 permet de couper et de manipuler le syst\u00e8me racinaire simultan\u00e9ment. Sa lame haute r\u00e9sistance offre une largeur de coupe de 480 mm, facilitant l&rsquo;extraction d&rsquo;une biomasse additionnelle souvent inexploit\u00e9e en for\u00eat. Ce syst\u00e8me est nettement plus rapide et s\u00fbr, permettant un nettoyage du terrain agile et une pr\u00e9paration optimale pour les processus de d\u00e9chiquetage ult\u00e9rieurs.<\/span><\/p>\n<p><b><span style=\"font-size: 12px\">Qualit\u00e9 de travail et durabilit\u00e9 :<\/span><\/b><span style=\"font-size: 12px\"> Respect du cycle naturel La conception de la S400 a \u00e9t\u00e9 optimis\u00e9e pour les sols sablonneux ou sujets \u00e0 l&rsquo;\u00e9rosion. En permettant une coupe nette au ras du sol, le mat\u00e9riel racinaire restant demeure dans la terre, pr\u00e9servant ainsi le cycle naturel des nutriments et aidant \u00e0 stabiliser le sol dans les zones \u00e0 forte pente. C&rsquo;est une ing\u00e9nierie pens\u00e9e pour la for\u00eat qui allie productivit\u00e9 et gestion foresti\u00e8re responsable.<\/span><\/p>\n<p><b><span style=\"font-size: 12px\">Compatibilit\u00e9 de flotte&nbsp;&nbsp;<\/span><\/b><\/p>\n<p><span data-sheets-root=\"1\" style=\"font-size: 12px;font-family: Poppins, Arial\">La Woodcracker S400 se distingue par sa polyvalence et sa facilit\u00e9 de montage sur diverses machines porteuses :<\/span><\/p>\n<ul>\n<li><span data-sheets-root=\"1\" style=\"font-size: 12px;font-family: Poppins, Arial\">Excavatrices compatibles : Mod\u00e8les jusqu&rsquo;\u00e0 18 tonnes de poids op\u00e9rationnel.<\/span><\/li>\n<li><span data-sheets-root=\"1\" style=\"font-size: 12px;font-family: Poppins, Arial\">D\u00e9bit hydraulique requis : Entre 60 et 120 l\/min.<\/span><\/li>\n<li><span data-sheets-root=\"1\" style=\"font-size: 12px;font-family: Poppins, Arial\">Pression de service : Recommand\u00e9e entre 240 et 270 bar.<\/span><\/li>\n<li><span data-sheets-root=\"1\" style=\"font-size: 12px;font-family: Poppins, Arial\">Installation : Couplage simple via des syst\u00e8mes d&rsquo;attache rapide ou montage direct.<\/span><\/li>\n<\/ul>\n<p><span data-sheets-root=\"1\" style=\"font-size: 10pt;font-family: Poppins, Arial\"><b><span style=\"font-size: 12px\">\u00bfNecesitas una adaptaci\u00f3n espec\u00edfica para tu m\u00e1quina?<\/span><\/b><span style=\"font-size: 12px\"> Consulta con nuestro servicio t\u00e9cnico para una configuraci\u00f3n personalizada.<\/span><br \/><span style=\"font-size: 12px\">&#8212;&#8212;&#8212;&#8212;&#8212;&#8212;&#8212;&#8212;&#8212;&#8212;&#8212;&#8212;&#8212;<\/span><br \/><\/span><\/p>\n<p><font face=\"Poppins, Arial\"><span style=\"font-size: 12px\"><b>Foire Aux Questions (FAQ)<\/b><\/span><\/font><\/p>\n<div><\/div>\n<p><span data-sheets-root=\"1\" style=\"font-size: 10pt;font-family: Poppins, Arial\"><b><span style=\"font-size: 12px\">1. Quels sont les avantages de la S400 par rapport \u00e0 une rogneuse de souches ? <\/span><\/b><span style=\"font-size: 12px\">La Woodcracker S400 est beaucoup plus rapide et s\u00fbre. Tandis que la rogneuse d\u00e9sint\u00e8gre le mat\u00e9riel, la S400 permet de l&rsquo;extraire et de le d\u00e9placer pour une valorisation ult\u00e9rieure en biomasse, le tout en une seule op\u00e9ration.<\/span><\/span><\/p>\n<p><b><span style=\"font-size: 12px\">2. Est-elle adapt\u00e9e au travail sur talus ou terrains inclin\u00e9s ?<\/span><\/b><span style=\"font-size: 12px\"> Oui. Gr\u00e2ce \u00e0 sa capacit\u00e9 de coupe au ras du sol, les racines restent dans la terre, aidant \u00e0 la fixation du terrain et pr\u00e9venant l&rsquo;\u00e9rosion sur les pentes.<\/span><\/p>\n<p><b><span style=\"font-size: 12px\">3. Quel entretien n\u00e9cessite l&rsquo;\u00e9quipement ?<\/span><\/b><span style=\"font-size: 12px\"> C&rsquo;est un dispositif \u00e0 faible maintenance. Gr\u00e2ce \u00e0 l&rsquo;utilisation d&rsquo;acier Hardox\u00ae et \u00e0 son rev\u00eatement KTL, elle ne n\u00e9cessite que des r\u00e9visions p\u00e9riodiques des points de graissage et de l&rsquo;\u00e9tat de la lame de coupe.&nbsp;&nbsp;<\/span><\/p>\n<p><b><span style=\"font-size: 12px\">4. Puis-je utiliser la S400 pour charger les r\u00e9sidus dans des camions ? <\/span><\/b><span style=\"font-size: 12px\">Absolument. La pince est con\u00e7ue pour que, apr\u00e8s la coupe, vous puissiez manipuler et charger les souches directement dans des remorques ou des d\u00e9chiqueteuses.<\/span><\/p>\n<p><b><span style=\"font-size: 12px\">5. Est-elle compatible avec ma pelleteuse de 15 tonnes ? <\/span><\/b><span style=\"font-size: 12px\">Oui, la S400 est parfaite pour les excavatrices de cette gamme, car son poids de service maximum recommand\u00e9 est de 18 tonnes.<\/span><\/p>\n","protected":false},"excerpt":{"rendered":"<p><span data-sheets-root=\"1\" style=\"font-size: 10pt;font-family: Poppins, Arial\"><b>La Woodcracker S400 est un outil robuste et efficace con\u00e7u sp\u00e9cifiquement pour le traitement des souches et la r\u00e9colte de biomasse racinaire en une seule \u00e9tape.<br \/><\/b>Avec un poids de 760 kg et une ouverture de pince de 600 mm, ce dispositif est la solution id\u00e9ale pour les excavatrices jusqu&rsquo;\u00e0 18 tonnes souhaitant maximiser la rentabilit\u00e9 des travaux de d\u00e9gagement et de pr\u00e9paration des sols.&nbsp;&nbsp;<\/span><\/p>\n","protected":false},"featured_media":87018,"template":"","meta":{"_acf_changed":false,"_joinchat":[]},"product_brand":[337],"product_cat":[58],"product_tag":[],"translation_priority":[],"class_list":{"0":"post-84417","1":"product","2":"type-product","3":"status-publish","4":"has-post-thumbnail","6":"product_brand-westtech","7":"product_cat-machine-fr","8":"pa_marca-westtech","9":"pa_tipo-rogneuse","11":"first","12":"instock","13":"taxable","14":"shipping-taxable","15":"product-type-simple"},"acf":[],"_links":{"self":[{"href":"https:\/\/forestpioneer.es\/fr\/wp-json\/wp\/v2\/product\/84417","targetHints":{"allow":["GET"]}}],"collection":[{"href":"https:\/\/forestpioneer.es\/fr\/wp-json\/wp\/v2\/product"}],"about":[{"href":"https:\/\/forestpioneer.es\/fr\/wp-json\/wp\/v2\/types\/product"}],"wp:featuredmedia":[{"embeddable":true,"href":"https:\/\/forestpioneer.es\/fr\/wp-json\/wp\/v2\/media\/87018"}],"wp:attachment":[{"href":"https:\/\/forestpioneer.es\/fr\/wp-json\/wp\/v2\/media?parent=84417"}],"wp:term":[{"taxonomy":"product_brand","embeddable":true,"href":"https:\/\/forestpioneer.es\/fr\/wp-json\/wp\/v2\/product_brand?post=84417"},{"taxonomy":"product_cat","embeddable":true,"href":"https:\/\/forestpioneer.es\/fr\/wp-json\/wp\/v2\/product_cat?post=84417"},{"taxonomy":"product_tag","embeddable":true,"href":"https:\/\/forestpioneer.es\/fr\/wp-json\/wp\/v2\/product_tag?post=84417"},{"taxonomy":"translation_priority","embeddable":true,"href":"https:\/\/forestpioneer.es\/fr\/wp-json\/wp\/v2\/translation_priority?post=84417"}],"curies":[{"name":"wp","href":"https:\/\/api.w.org\/{rel}","templated":true}]}}