

{"id":84411,"date":"2026-01-21T08:11:26","date_gmt":"2026-01-21T07:11:26","guid":{"rendered":"https:\/\/forestpioneer.es\/producto\/g850\/"},"modified":"2026-05-11T08:40:23","modified_gmt":"2026-05-11T06:40:23","slug":"g850","status":"publish","type":"product","link":"https:\/\/forestpioneer.es\/fr\/produit\/g850\/","title":{"rendered":"R\u00e2teau Forestier \u2013 Woodcracker G850 WESTTECH"},"content":{"rendered":"<p><span data-sheets-root=\"1\" style=\"font-size: 10pt;font-family: Poppins, Arial\"><b><span style=\"font-size: 12px\">Ing\u00e9nierie et conception : <\/span><\/b><span style=\"font-size: 12px\">R\u00e9sistance extr\u00eame pour la for\u00eat Fid\u00e8le \u00e0 la philosophie de \u00ab l&rsquo;ing\u00e9nierie pour la for\u00eat \u00bb, le Woodcracker G850 est fabriqu\u00e9 en acier Hardox\u00ae haute r\u00e9sistance, garantissant une durabilit\u00e9 exceptionnelle face \u00e0 l&rsquo;usure m\u00e9canique et aux impacts. Pour r\u00e9sister aux climats humides et exigeants, toute la structure b\u00e9n\u00e9ficie d\u2019un traitement de surface par cataphor\u00e8se (KTL) et d\u2019un rev\u00eatement par poudre, offrant une protection anticorrosion de niveau industriel. Sa forme ergonomique a \u00e9t\u00e9 optimis\u00e9e pour p\u00e9n\u00e9trer dans le sol et collecter le mat\u00e9riau avec un effort minimal de la part de la machine porteuse.&nbsp;&nbsp;<\/span><\/span><\/p>\n<p><b><span style=\"font-size: 12px\">Performance et manipulation : <\/span><\/b><span style=\"font-size: 12px\">Technologie de pr\u00e9hension intelligente Le facteur diff\u00e9renciant du G850 est son syst\u00e8me de levier coud\u00e9 (toggle lever), qui g\u00e9n\u00e8re une amplitude de mouvement exceptionnellement grande, permettant de saisir et de manipuler des volumes massifs de mat\u00e9riaux \u00e0 chaque cycle. Les dents du grappin disposent d&rsquo;un contr\u00f4le sp\u00e9cial qui leur permet de s&rsquo;adapter individuellement au mat\u00e9riau collect\u00e9, assurant un maintien ferme des branches fines comme des racines et des souches. Ce syst\u00e8me maximise l&rsquo;efficacit\u00e9 lors du chargement de la biomasse et du d\u00e9frichement de terrains pour la construction ou le reboisement.<\/span><\/p>\n<p><b><span style=\"font-size: 12px\">Qualit\u00e9 de finition et polyvalence :<\/span><\/b><span style=\"font-size: 12px\"> Nettoyage total du sol Pour les professionnels exigeant une finition impeccable, le G850 offre une modularit\u00e9 exceptionnelle. Il peut \u00eatre \u00e9quip\u00e9 en option d&rsquo;un r\u00e2teau fin (fine rake), id\u00e9al pour r\u00e9aliser un nettoyage du sol forestier exhaustif apr\u00e8s le d\u00e9bardage, en \u00e9liminant les petits d\u00e9bris et les pierres. De plus, l&rsquo;\u00e9quipement peut \u00eatre utilis\u00e9 exclusivement comme r\u00e2teau de d\u00e9frichement ou comme un puissant grappin de manipulation de mat\u00e9riaux, s&rsquo;adaptant ainsi aux besoins sp\u00e9cifiques de chaque chantier.<\/span><\/p>\n<p><b><span style=\"font-size: 12px\">Compatibilit\u00e9 de flotte<\/span><\/b><\/p>\n<ul>\n<li><span data-sheets-root=\"1\" style=\"font-size: 12px;font-family: Poppins, Arial\">Machine porteuse : Optimis\u00e9 pour les pelles sur chenilles ou sur pneus et engins de travaux publics conventionnels.<\/span><\/li>\n<li><span data-sheets-root=\"1\" style=\"font-size: 12px;font-family: Poppins, Arial\">Poids du porteur : Recommand\u00e9 pour des v\u00e9hicules entre 7,5 et 15 tonnes.<\/span><\/li>\n<\/ul>\n<p><span data-sheets-root=\"1\" style=\"font-size: 12px;font-family: Poppins, Arial\"><b>Exigences hydrauliques :<\/b><\/span><\/p>\n<ul>\n<li><span data-sheets-root=\"1\" style=\"font-size: 12px;font-family: Poppins, Arial\">D\u00e9bit de pompe recommand\u00e9 : 40 \u2013 60 l\/min.<\/span><\/li>\n<li><span data-sheets-root=\"1\" style=\"font-size: 12px;font-family: Poppins, Arial\">Pression de travail recommand\u00e9e : 200 \u2013 250 bar.<\/span><\/li>\n<\/ul>\n<p><span data-sheets-root=\"1\" style=\"font-size: 10pt;font-family: Poppins, Arial\"><b><span style=\"font-size: 12px\">Besoin d&rsquo;une configuration sp\u00e9cifique ? <\/span><\/b><span style=\"font-size: 12px\">Nous \u00e9tudions l&rsquo;adaptation de chaque t\u00eate ou \u00e9quipement pour optimiser votre production.<\/span><br \/><span style=\"font-size: 12px\">&#8212;&#8212;&#8212;&#8212;&#8212;&#8212;&#8212;&#8212;&#8212;&#8212;&#8212;&#8212;&#8212;&#8212;&#8212;&#8212;&#8212;&#8212;&#8212;&#8211;<\/span><br \/><\/span><\/p>\n<p><font face=\"Poppins, Arial\"><span style=\"font-size: 12px\"><b>Foire Aux Questions (FAQ)<\/b><\/span><\/font><\/p>\n<div><\/div>\n<p><span data-sheets-root=\"1\" style=\"font-size: 10pt;font-family: Poppins, Arial\"><b><span style=\"font-size: 12px\">1. Quel type d&rsquo;entretien n\u00e9cessite le Woodcracker G850 ?<\/span><\/b><span style=\"font-size: 12px\"> C\u2019est un \u00e9quipement con\u00e7u pour une maintenance r\u00e9duite et une faible usure. Gr\u00e2ce \u00e0 l&rsquo;acier Hardox\u00ae et \u00e0 la robustez de ses composants, les arr\u00eats techniques sont minimaux et se concentrent principalement sur la r\u00e9vision p\u00e9riodique des points de graissage.<\/span><\/span><\/p>\n<p><b><span style=\"font-size: 12px\">2. Comment les dents s&rsquo;adaptent-elles \u00e0 des mat\u00e9riaux de tailles diff\u00e9rentes ?<\/span><\/b><span style=\"font-size: 12px\"> Les dents du grappin disposent d&rsquo;un contr\u00f4le sp\u00e9cial qui leur permet de se fermer individuellement selon la r\u00e9sistance rencontr\u00e9e. Cela permet de maintenir fermement aussi bien des broussailles fines que des souches de racines irr\u00e9guli\u00e8res en une seule op\u00e9ration.<\/span><\/p>\n<p><b><span style=\"font-size: 12px\">3. Puis-je utiliser le r\u00e2teau sans la fonction grappin ? <\/span><\/b><span style=\"font-size: 12px\">Oui, le Woodcracker G850 est \u00e9galement disponible en versions sans dents de pr\u00e9hension si seule la fonction de ratissage et de nettoyage du sol est requise.<\/span><\/p>\n<p><b><span style=\"font-size: 12px\">4. Est-il possible de nettoyer de tr\u00e8s petits r\u00e9sidus forestiers avec cet \u00e9quipement ? <\/span><\/b><span style=\"font-size: 12px\">Pour un nettoyage profond et \u00e9tendu du sol forestier, nous recommandons d&rsquo;installer l&rsquo;accessoire r\u00e2teau fin optionnel, qui s&rsquo;adapte facilement au corps principal du Woodcracker s\u00e9rie G.<\/span><\/p>\n<p><b><span style=\"font-size: 12px\">5. Quels avantages offre le syst\u00e8me de levier coud\u00e9 (toggle lever) ? <\/span><\/b><span style=\"font-size: 12px\">Ce m\u00e9canisme permet au r\u00e2teau d&rsquo;avoir une amplitude de mouvement beaucoup plus grande que les syst\u00e8mes conventionnels, ce qui facilite la saisie de grandes quantit\u00e9s de biomasse et am\u00e9liore la visibilit\u00e9 depuis la cabine.<\/span><\/p>\n","protected":false},"excerpt":{"rendered":"<p><span data-sheets-root=\"1\" style=\"font-size: 10pt;font-family: Poppins, Arial\"><span style=\"font-size: 10pt;font-weight: bold\">Le Woodcracker G850 est un r\u00e2teau collecteur et de d\u00e9frichement haute r\u00e9sistance, con\u00e7u sp\u00e9cifiquement pour les pelles hydrauliques de 7,5 \u00e0 15 tonnes.<br \/><\/span><span style=\"font-size: 10pt\">Avec une largeur de travail de 850 mm et une structure int\u00e9gralement fabriqu\u00e9e en acier Hardox\u00ae, cet outil combine une agilit\u00e9 sup\u00e9rieure avec une capacit\u00e9 massive de manipulation de biomasse et de r\u00e9manents forestiers.<\/span><\/span><\/p>\n","protected":false},"featured_media":87168,"template":"","meta":{"_acf_changed":false,"_joinchat":[]},"product_brand":[337],"product_cat":[58],"product_tag":[],"translation_priority":[],"class_list":{"0":"post-84411","1":"product","2":"type-product","3":"status-publish","4":"has-post-thumbnail","6":"product_brand-westtech","7":"product_cat-machine-fr","8":"pa_marca-westtech","9":"pa_tipo-rogneuse","11":"first","12":"instock","13":"taxable","14":"shipping-taxable","15":"product-type-simple"},"acf":[],"_links":{"self":[{"href":"https:\/\/forestpioneer.es\/fr\/wp-json\/wp\/v2\/product\/84411","targetHints":{"allow":["GET"]}}],"collection":[{"href":"https:\/\/forestpioneer.es\/fr\/wp-json\/wp\/v2\/product"}],"about":[{"href":"https:\/\/forestpioneer.es\/fr\/wp-json\/wp\/v2\/types\/product"}],"wp:featuredmedia":[{"embeddable":true,"href":"https:\/\/forestpioneer.es\/fr\/wp-json\/wp\/v2\/media\/87168"}],"wp:attachment":[{"href":"https:\/\/forestpioneer.es\/fr\/wp-json\/wp\/v2\/media?parent=84411"}],"wp:term":[{"taxonomy":"product_brand","embeddable":true,"href":"https:\/\/forestpioneer.es\/fr\/wp-json\/wp\/v2\/product_brand?post=84411"},{"taxonomy":"product_cat","embeddable":true,"href":"https:\/\/forestpioneer.es\/fr\/wp-json\/wp\/v2\/product_cat?post=84411"},{"taxonomy":"product_tag","embeddable":true,"href":"https:\/\/forestpioneer.es\/fr\/wp-json\/wp\/v2\/product_tag?post=84411"},{"taxonomy":"translation_priority","embeddable":true,"href":"https:\/\/forestpioneer.es\/fr\/wp-json\/wp\/v2\/translation_priority?post=84411"}],"curies":[{"name":"wp","href":"https:\/\/api.w.org\/{rel}","templated":true}]}}