

{"id":84409,"date":"2026-01-21T07:54:22","date_gmt":"2026-01-21T06:54:22","guid":{"rendered":"https:\/\/forestpioneer.es\/producto\/g1250\/"},"modified":"2026-05-11T08:39:13","modified_gmt":"2026-05-11T06:39:13","slug":"g1250","status":"publish","type":"product","link":"https:\/\/forestpioneer.es\/fr\/produit\/g1250\/","title":{"rendered":"R\u00e2teau Forestier \u2013 Woodcracker G1250 WESTTECH"},"content":{"rendered":"<p><span data-sheets-root=\"1\" style=\"font-size: 10pt;font-family: Poppins, Arial\"><b><span style=\"font-size: 12px\">Ing\u00e9nierie et conception : <\/span><\/b><span style=\"font-size: 12px\">R\u00e9sistance extr\u00eame en Hardox\u00ae Fid\u00e8le \u00e0 la philosophie de \u00ab l&rsquo;ing\u00e9nierie pour la for\u00eat \u00bb, le Woodcracker G1250 est enti\u00e8rement fabriqu\u00e9 en acier Hardox\u00ae haute r\u00e9sistance. Pour garantir une durabilit\u00e9 sup\u00e9rieure dans les environnements humides, toute la structure b\u00e9n\u00e9ficie d\u2019un traitement de surface par cataphor\u00e8se (KTL) et d&rsquo;un rev\u00eatement par poudre, offrant une protection anticorrosion de niveau industriel. La conception ergonomique de ses dents permet une p\u00e9n\u00e9tration optimale avec une usure minimale.&nbsp;&nbsp;<\/span><br \/><b><br \/><span style=\"font-size: 12px\">Performance et manipulation : <\/span><\/b><span style=\"font-size: 12px\">Amplitude de mouvement massive Le facteur diff\u00e9renciant du G1250 est son syst\u00e8me de levier coud\u00e9 (toggle lever), qui g\u00e9n\u00e8re une amplitude de mouvement exceptionnellement grande. Gr\u00e2ce \u00e0 sa forme optimis\u00e9e, ce r\u00e2teau peut saisir et manipuler des volumes massifs de mat\u00e9riaux \u00e0 chaque cycle, facilitant grandement le chargement et l&rsquo;alimentation des d\u00e9chiqueteuses en biomasse. Les dents du grappin disposent d&rsquo;un contr\u00f4le sp\u00e9cial qui leur permet de s&rsquo;adapter individuellement au mat\u00e9riau collect\u00e9, assurant un maintien ferme des r\u00e9sidus irr\u00e9guliers.<\/span><\/span><\/p>\n<p><b><span style=\"font-size: 12px\">Qualit\u00e9 de finition et polyvalence : <\/span><\/b><span style=\"font-size: 12px\">Nettoyage total du sol Pour maximiser la rentabilit\u00e9 sur chaque chantier, le G1250 offre une modularit\u00e9 exceptionnelle. Il peut \u00eatre \u00e9quip\u00e9 en option d&rsquo;un r\u00e2teau fin (fine rake), id\u00e9al pour r\u00e9aliser un nettoyage du sol forestier exhaustif et \u00e9tendu apr\u00e8s le d\u00e9bardage du bois. De plus, l&rsquo;\u00e9quipement est disponible en versions avec ou sans dents de pr\u00e9hension, s&rsquo;adaptant avec pr\u00e9cision aux besoins de manipulation de chaque entrepreneur forestier.<\/span><\/p>\n<p><b><span style=\"font-size: 12px\">Compatibilit\u00e9 de flotte<\/span><\/b><\/p>\n<ul>\n<li><span data-sheets-root=\"1\" style=\"font-size: 12px;font-family: Poppins, Arial\">Machine porteuse : Optimis\u00e9 pour les pelles sur chenilles ou sur pneus de 15 \u00e0 22 tonnes.<\/span><\/li>\n<li><span data-sheets-root=\"1\" style=\"font-size: 12px;font-family: Poppins, Arial\">Compatibilit\u00e9 universelle : Peut \u00eatre mont\u00e9 sur tous les v\u00e9hicules porteurs conventionnels du march\u00e9.<\/span><\/li>\n<\/ul>\n<p><span data-sheets-root=\"1\" style=\"font-size: 12px;font-family: Poppins, Arial\"><b>Exigences hydrauliques :<\/b><\/span><\/p>\n<ul>\n<li><span data-sheets-root=\"1\" style=\"font-size: 12px;font-family: Poppins, Arial\">D\u00e9bit de pompe recommand\u00e9 : 50 \u2013 90 l\/min.<\/span><\/li>\n<li><span data-sheets-root=\"1\" style=\"font-size: 12px;font-family: Poppins, Arial\">Pression de service recommand\u00e9e : 200 \u2013 250 bar.<\/span><\/li>\n<\/ul>\n<p><span data-sheets-root=\"1\" style=\"font-size: 10pt;font-family: Poppins, Arial\"><br \/><\/span><\/p>\n<p><span data-sheets-root=\"1\" style=\"font-size: 10pt;font-family: Poppins, Arial\"><b><span style=\"font-size: 12px\">Besoin d&rsquo;une configuration sp\u00e9cifique ? <\/span><\/b><span style=\"font-size: 12px\">Nous \u00e9tudions l&rsquo;adaptation de chaque t\u00eate ou \u00e9quipement pour optimiser votre production.<\/span><br \/><span style=\"font-size: 12px\">&#8212;&#8212;&#8212;&#8212;&#8212;&#8212;&#8212;&#8212;&#8212;&#8212;&#8212;<\/span><br \/><\/span><\/p>\n<p><font face=\"Poppins, Arial\"><span style=\"font-size: 12px\"><b>Foire Aux Questions (FAQ)<\/b><\/span><\/font><\/p>\n<div><\/div>\n<p><span data-sheets-root=\"1\" style=\"font-size: 10pt;font-family: Poppins, Arial\"><b><span style=\"font-size: 12px\">1. Quel type d&rsquo;entretien n\u00e9cessite le Woodcracker G1250 ?<\/span><\/b><span style=\"font-size: 12px\"> C\u2019est un \u00e9quipement con\u00e7u pour une maintenance r\u00e9duite et une faible usure. Gr\u00e2ce \u00e0 l&rsquo;acier Hardox\u00ae et \u00e0 la qualit\u00e9 de ses composants, les arr\u00eats techniques sont minimaux et se concentrent principalement sur la r\u00e9vision des points de graissage.&nbsp; &nbsp;<\/span><\/span><\/p>\n<p><b><span style=\"font-size: 12px\">2. Comment les dents se comportent-elles face \u00e0 des mat\u00e9riaux de diff\u00e9rentes tailles ?<\/span><\/b><span style=\"font-size: 12px\"> Les dents du grappin s&rsquo;adaptent individuellement au mat\u00e9riau. Cela permet de maintenir fermement aussi bien des branches fines que des souches plus volumineuses en une seule op\u00e9ration.<\/span><\/p>\n<p><b><span style=\"font-size: 12px\">3. Est-il possible de nettoyer des r\u00e9sidus fins sur le sol avec ce r\u00e2teau ? <\/span><\/b><span style=\"font-size: 12px\">Oui. Pour un nettoyage profond et \u00e9tendu du sol forestier, nous recommandons d&rsquo;installer l&rsquo;accessoire r\u00e2teau fin optionnel, qui s&rsquo;accouple facilement au Woodcracker s\u00e9rie G.<\/span><\/p>\n<p><b><span style=\"font-size: 12px\">4. Puis-je l&rsquo;utiliser pour manipuler du mat\u00e9riel en plus du nettoyage ?<\/span><\/b><span style=\"font-size: 12px\"> Absolument. Le G1250 peut \u00e9galement \u00eatre utilis\u00e9 comme un puissant grappin de manipulation, s&rsquo;av\u00e9rant tr\u00e8s efficace pour organiser des piles de biomasse ou alimenter des machines de transformation.<\/span><\/p>\n<p><b><span style=\"font-size: 12px\">5. Est-il compatible avec ma pelle de 18 tonnes ?<\/span><\/b><span style=\"font-size: 12px\"> Oui, le G1250 est sp\u00e9cifiquement optimis\u00e9 pour des machines porteuses dans la plage de 15 \u00e0 22 tonnes.&nbsp;&nbsp;<\/span><\/p>\n","protected":false},"excerpt":{"rendered":"<p><span data-sheets-root=\"1\" style=\"font-size: 10pt;font-family: Poppins, Arial\"><b>Le Woodcracker G1250 est un r\u00e2teau collecteur robuste de haute capacit\u00e9, con\u00e7u pour des pelles hydrauliques de 15 \u00e0 22 tonnes.<br \/><\/b>Avec un poids op\u00e9rationnel de 1 420 kg et une largeur de travail de 1 250 mm, c\u2019est l&rsquo;outil ultime pour la r\u00e9colte efficace de biomasse et le d\u00e9frichement de grandes surfaces foresti\u00e8res.&nbsp;<\/span><\/p>\n","protected":false},"featured_media":86021,"template":"","meta":{"_acf_changed":false,"_joinchat":[]},"product_brand":[],"product_cat":[58],"product_tag":[],"translation_priority":[],"class_list":{"0":"post-84409","1":"product","2":"type-product","3":"status-publish","4":"has-post-thumbnail","6":"product_cat-machine-fr","7":"pa_marca-westtech","8":"pa_tipo-rogneuse","10":"first","11":"instock","12":"taxable","13":"shipping-taxable","14":"product-type-simple"},"acf":[],"_links":{"self":[{"href":"https:\/\/forestpioneer.es\/fr\/wp-json\/wp\/v2\/product\/84409","targetHints":{"allow":["GET"]}}],"collection":[{"href":"https:\/\/forestpioneer.es\/fr\/wp-json\/wp\/v2\/product"}],"about":[{"href":"https:\/\/forestpioneer.es\/fr\/wp-json\/wp\/v2\/types\/product"}],"wp:featuredmedia":[{"embeddable":true,"href":"https:\/\/forestpioneer.es\/fr\/wp-json\/wp\/v2\/media\/86021"}],"wp:attachment":[{"href":"https:\/\/forestpioneer.es\/fr\/wp-json\/wp\/v2\/media?parent=84409"}],"wp:term":[{"taxonomy":"product_brand","embeddable":true,"href":"https:\/\/forestpioneer.es\/fr\/wp-json\/wp\/v2\/product_brand?post=84409"},{"taxonomy":"product_cat","embeddable":true,"href":"https:\/\/forestpioneer.es\/fr\/wp-json\/wp\/v2\/product_cat?post=84409"},{"taxonomy":"product_tag","embeddable":true,"href":"https:\/\/forestpioneer.es\/fr\/wp-json\/wp\/v2\/product_tag?post=84409"},{"taxonomy":"translation_priority","embeddable":true,"href":"https:\/\/forestpioneer.es\/fr\/wp-json\/wp\/v2\/translation_priority?post=84409"}],"curies":[{"name":"wp","href":"https:\/\/api.w.org\/{rel}","templated":true}]}}