

{"id":78649,"date":"2025-12-15T10:30:23","date_gmt":"2025-12-15T09:30:23","guid":{"rendered":"https:\/\/forestpioneer.es\/producto\/65-euca-3\/"},"modified":"2025-12-17T15:23:46","modified_gmt":"2025-12-17T14:23:46","slug":"65-euca-3","status":"publish","type":"product","link":"https:\/\/forestpioneer.es\/fr\/produit\/65-euca-3\/","title":{"rendered":"AFM 65"},"content":{"rendered":"<div>AFM 65<\/div>\n<div>\n<div>Sp\u00e9cifications technique de l\u2019 AFM 65<\/div>\n<div>Poids 1620 kg<\/div>\n<div>Taille optimale 30-50 cm<\/div>\n<div>Longueur du guide 75-90 cm<\/div>\n<div>Poids machine de base \u00e0 chenilles 20-25 t<\/div>\n<div>Poids machine de base \u00e0 roues 20-25 t<\/div>\n<div>Ouverture couteaux sup. max. 750 mm<\/div>\n<div>Ouverture rouleaux, max .775 mm<\/div>\n<div>Opening of back knives, max. 850 mm<\/div>\n<div>Largeur, max. 1785 mm<\/div>\n<div>Hauteur, max. 1544 mm<\/div>\n<div>Diam\u00e8tre d\u2019abattage max. 860 mm<\/div>\n<div>Couteaux d\u2019\u00e9branchage 2-4 pcs<\/div>\n<div>Syst\u00e8me d\u2019avancement 4 moteurs \u2013 3 rouleaux<\/div>\n<div>Vitesse d\u2019avancement 0-5,5 m\/s<\/div>\n<div>Puissance d\u2019avancement 35 kN<\/div>\n<div>Puissance moteur requis, min 120 cv<\/div>\n<div>D\u00e9bit d\u2019huile requis, min.300 l\/min<\/div>\n<div>Manuel utilisateur en fran\u00e7ais; Livre de pi\u00e8ces d\u00e9tach\u00e9es; Garantie constructeur de pi\u00e8ces et main d&rsquo;oeuvre 1 an ou 1500 heures (premier terme atteint met fin \u00e0 la garantie); Formation \u00e0 la livraison 1 jour; Certificat CE<\/div>\n<\/div>\n","protected":false},"excerpt":{"rendered":"<p><b>T\u00eate d&rsquo;abattage\u00a0<\/b><\/p>\n","protected":false},"featured_media":79846,"template":"","meta":{"_acf_changed":false,"_joinchat":[]},"product_brand":[491],"product_cat":[42],"product_tag":[],"translation_priority":[18],"class_list":{"0":"post-78649","1":"product","2":"type-product","3":"status-publish","4":"has-post-thumbnail","6":"product_brand-afm-fr","7":"product_cat-machine-en-stock","8":"pa_marca-afm","9":"pa_tipo-tete-dabattage","10":"translation_priority-facultatif","12":"first","13":"instock","14":"taxable","15":"shipping-taxable","16":"product-type-simple"},"acf":[],"_links":{"self":[{"href":"https:\/\/forestpioneer.es\/fr\/wp-json\/wp\/v2\/product\/78649","targetHints":{"allow":["GET"]}}],"collection":[{"href":"https:\/\/forestpioneer.es\/fr\/wp-json\/wp\/v2\/product"}],"about":[{"href":"https:\/\/forestpioneer.es\/fr\/wp-json\/wp\/v2\/types\/product"}],"wp:featuredmedia":[{"embeddable":true,"href":"https:\/\/forestpioneer.es\/fr\/wp-json\/wp\/v2\/media\/79846"}],"wp:attachment":[{"href":"https:\/\/forestpioneer.es\/fr\/wp-json\/wp\/v2\/media?parent=78649"}],"wp:term":[{"taxonomy":"product_brand","embeddable":true,"href":"https:\/\/forestpioneer.es\/fr\/wp-json\/wp\/v2\/product_brand?post=78649"},{"taxonomy":"product_cat","embeddable":true,"href":"https:\/\/forestpioneer.es\/fr\/wp-json\/wp\/v2\/product_cat?post=78649"},{"taxonomy":"product_tag","embeddable":true,"href":"https:\/\/forestpioneer.es\/fr\/wp-json\/wp\/v2\/product_tag?post=78649"},{"taxonomy":"translation_priority","embeddable":true,"href":"https:\/\/forestpioneer.es\/fr\/wp-json\/wp\/v2\/translation_priority?post=78649"}],"curies":[{"name":"wp","href":"https:\/\/api.w.org\/{rel}","templated":true}]}}