

{"id":7151,"date":"2025-02-18T09:11:20","date_gmt":"2025-02-18T08:11:20","guid":{"rendered":"https:\/\/forestpioneer.es\/producto\/c250-2\/"},"modified":"2026-01-08T17:03:56","modified_gmt":"2026-01-08T16:03:56","slug":"c250-2","status":"publish","type":"product","link":"https:\/\/forestpioneer.es\/fr\/produit\/c250-2\/","title":{"rendered":"WESTTECH C250"},"content":{"rendered":"<div>R\u00e9colte traditionnelle des arbres et des arbustes<\/div>\n<div>R\u00e9colte des plantations \u00e0 courtes rotations<\/div>\n<div>Dans les terrains ext\u00e9rieurs, sur des pentes et dans les milieux humides<\/div>\n<div>Entretien des routes et sentiers<\/div>\n<div>R\u00e9colte \u00e0 grande \u00e9chelle des for\u00eats<\/div>\n<div>Abattage des arbres \u00e0 probl\u00e8mes<\/div>\n<div>Entretien de la culture et du paysage<\/div>\n<div><\/div>\n<div>Diam\u00e8tre de d\u00e9coupe (bois tendre) (mm):&nbsp;<span style=\"font-weight: bolder\">330<\/span><\/div>\n<div><\/div>\n<div>Diam\u00e8tre de d\u00e9coupe (bois dur):&nbsp;<span style=\"font-weight: bolder\">280<\/span><\/div>\n<div><\/div>\n<div>Ouverture du grappin (mm):&nbsp;<span style=\"font-weight: bolder\">930&nbsp;<\/span><\/div>\n<div><\/div>\n<div>Ouverture de ciseau (mm) :&nbsp;<span style=\"font-weight: bolder\">450<\/span><\/div>\n<div><\/div>\n<div>Poids propre (Basic \u2013 avec options) (kg):&nbsp;<span style=\"font-weight: bolder\">580-970<\/span><\/div>\n<div><\/div>\n<div>D\u00e9bit hydraulique conseill\u00e9 * (l\/min.):&nbsp;<span style=\"font-weight: bolder\">50-100<\/span><\/div>\n<div><\/div>\n<div>Puissance hydraulique conseill\u00e9e pour les fonctions annexes * (l\/min.):&nbsp;<span style=\"font-weight: bolder\">35-50<\/span><\/div>\n<div><\/div>\n<div>Pression de travail conseill\u00e9e (bar):&nbsp;<span style=\"font-weight: bolder\">280<\/span><\/div>\n<div><\/div>\n<div>Poids du v\u00e9hicule porteur ** (t):&nbsp;<span style=\"font-weight: bolder\">7-15<\/span><\/div>\n<div><\/div>\n<div>Multigrip:&nbsp;<span style=\"font-weight: bolder\">int\u00e9gr\u00e9<\/span><\/div>\n<div><\/div>\n<div>Option:&nbsp;<span style=\"font-weight: bolder\">Autospeed<\/span><\/div>\n<div><\/div>\n<div>Option :&nbsp;<span style=\"font-weight: bolder\">pivotement v\u00e9rin&nbsp; 2 x 48\u00b0<\/span><\/div>\n<div><\/div>\n<div>Option:&nbsp;<span style=\"font-weight: bolder\">Tiltator&nbsp;<\/span><\/div>\n<div><\/div>\n<div>Option :&nbsp;<span style=\"font-weight: bolder\">Graissage automatique pour Tiltator<\/span><\/div>\n<div><\/div>\n<div>Option:&nbsp;<span style=\"font-weight: bolder\">collecteur<\/span><\/div>\n<div><\/div>\n","protected":false},"excerpt":{"rendered":"<p><span style=\"font-size: 24px\">T\u00eate feller \u00e0 cisaille<\/span><\/p>\n","protected":false},"featured_media":46956,"template":"","meta":{"_acf_changed":false,"_joinchat":[]},"product_brand":[583],"product_cat":[42,349],"product_tag":[],"translation_priority":[],"class_list":{"0":"post-7151","1":"product","2":"type-product","3":"status-publish","4":"has-post-thumbnail","6":"product_brand-westtech-fr","7":"product_cat-machine-en-stock","8":"product_cat-machinerie","9":"pa_marca-westtech","10":"pa_tipo-tete-feller-a-cisaille","12":"first","13":"instock","14":"taxable","15":"shipping-taxable","16":"product-type-simple"},"acf":[],"_links":{"self":[{"href":"https:\/\/forestpioneer.es\/fr\/wp-json\/wp\/v2\/product\/7151","targetHints":{"allow":["GET"]}}],"collection":[{"href":"https:\/\/forestpioneer.es\/fr\/wp-json\/wp\/v2\/product"}],"about":[{"href":"https:\/\/forestpioneer.es\/fr\/wp-json\/wp\/v2\/types\/product"}],"wp:featuredmedia":[{"embeddable":true,"href":"https:\/\/forestpioneer.es\/fr\/wp-json\/wp\/v2\/media\/46956"}],"wp:attachment":[{"href":"https:\/\/forestpioneer.es\/fr\/wp-json\/wp\/v2\/media?parent=7151"}],"wp:term":[{"taxonomy":"product_brand","embeddable":true,"href":"https:\/\/forestpioneer.es\/fr\/wp-json\/wp\/v2\/product_brand?post=7151"},{"taxonomy":"product_cat","embeddable":true,"href":"https:\/\/forestpioneer.es\/fr\/wp-json\/wp\/v2\/product_cat?post=7151"},{"taxonomy":"product_tag","embeddable":true,"href":"https:\/\/forestpioneer.es\/fr\/wp-json\/wp\/v2\/product_tag?post=7151"},{"taxonomy":"translation_priority","embeddable":true,"href":"https:\/\/forestpioneer.es\/fr\/wp-json\/wp\/v2\/translation_priority?post=7151"}],"curies":[{"name":"wp","href":"https:\/\/api.w.org\/{rel}","templated":true}]}}