

{"id":6038,"date":"2025-02-18T09:09:59","date_gmt":"2025-02-18T08:09:59","guid":{"rendered":"https:\/\/forestpioneer.es\/producto\/simulator-2\/"},"modified":"2025-07-24T15:54:02","modified_gmt":"2025-07-24T13:54:02","slug":"simulator-2","status":"publish","type":"product","link":"https:\/\/forestpioneer.es\/fr\/produit\/simulator-2\/","title":{"rendered":"SIMULATEUR"},"content":{"rendered":"<p>\u00c9cran HD-LED de 55 pouces<br \/>\u00c9quipement de simulation haut de gamme<br \/>Syst\u00e8me de contr\u00f4le Logset TOC&nbsp; 2 de 12 pouces<br \/>V\u00e9ritable si\u00e8ge, comme ceux des machines foresti\u00e8res, avec joysticks et accoudoirs<br \/>Logiciel simulant l&rsquo;abatteuse 8H GT avec t\u00eate d&rsquo;abattage TH75 et le porteur 8F GT<br \/>Plate-forme 2 D mouvement<br \/>Manuel d&rsquo;utilisateur en fran\u00e7ais, certificat CE<\/p>\n","protected":false},"excerpt":{"rendered":"<p><span style=\"font-size: 24px\"><b>Simulateur Logset<\/b><\/span><\/p>\n","protected":false},"featured_media":6002,"template":"","meta":{"_acf_changed":false,"_joinchat":[]},"product_brand":[],"product_cat":[42],"product_tag":[],"translation_priority":[],"class_list":{"0":"post-6038","1":"product","2":"type-product","3":"status-publish","4":"has-post-thumbnail","6":"product_cat-machine-en-stock","7":"pa_marca-logset","8":"pa_tipo-simulateur","10":"first","11":"instock","12":"taxable","13":"shipping-taxable","14":"product-type-simple"},"acf":[],"_links":{"self":[{"href":"https:\/\/forestpioneer.es\/fr\/wp-json\/wp\/v2\/product\/6038","targetHints":{"allow":["GET"]}}],"collection":[{"href":"https:\/\/forestpioneer.es\/fr\/wp-json\/wp\/v2\/product"}],"about":[{"href":"https:\/\/forestpioneer.es\/fr\/wp-json\/wp\/v2\/types\/product"}],"wp:featuredmedia":[{"embeddable":true,"href":"https:\/\/forestpioneer.es\/fr\/wp-json\/wp\/v2\/media\/6002"}],"wp:attachment":[{"href":"https:\/\/forestpioneer.es\/fr\/wp-json\/wp\/v2\/media?parent=6038"}],"wp:term":[{"taxonomy":"product_brand","embeddable":true,"href":"https:\/\/forestpioneer.es\/fr\/wp-json\/wp\/v2\/product_brand?post=6038"},{"taxonomy":"product_cat","embeddable":true,"href":"https:\/\/forestpioneer.es\/fr\/wp-json\/wp\/v2\/product_cat?post=6038"},{"taxonomy":"product_tag","embeddable":true,"href":"https:\/\/forestpioneer.es\/fr\/wp-json\/wp\/v2\/product_tag?post=6038"},{"taxonomy":"translation_priority","embeddable":true,"href":"https:\/\/forestpioneer.es\/fr\/wp-json\/wp\/v2\/translation_priority?post=6038"}],"curies":[{"name":"wp","href":"https:\/\/api.w.org\/{rel}","templated":true}]}}