

{"id":4609,"date":"2025-02-18T08:59:08","date_gmt":"2025-02-18T07:59:08","guid":{"rendered":"https:\/\/forestpioneer.es\/producto\/pml-ex-125\/"},"modified":"2026-01-09T16:03:38","modified_gmt":"2026-01-09T15:03:38","slug":"pml-ex-125","status":"publish","type":"product","link":"https:\/\/forestpioneer.es\/fr\/produit\/pml-ex-125\/","title":{"rendered":"Broyeur pour pelle \u2013 FAE PML\/EX 125"},"content":{"rendered":"<p><span data-sheets-root=\"1\" style=\"font-size: 10pt;font-family: Poppins, Arial\"><span style=\"font-size: 10pt;font-weight: bold\">Ing\u00e9nierie et conception :<\/span><span style=\"font-size: 10pt\"> Compacit\u00e9 et maintenance r\u00e9duite La PML\/EX a \u00e9t\u00e9 projet\u00e9e pour offrir une durabilit\u00e9 maximale avec un effort op\u00e9rationnel minimal.<br \/>Sa structure b\u00e9n\u00e9ficie d&rsquo;un ch\u00e2ssis interne \u00ab anti-poussi\u00e8re \u00bb et d&rsquo;un moteur Direct Drive int\u00e9gr\u00e9 qui non seulement r\u00e9duit les dimensions totales de la t\u00eate, mais minimise \u00e9galement les t\u00e2ches de maintenance ordinaire en \u00e9liminant les composants de transmission complexes. Elle comprend en outre des semelles anti-usure sur des patins d&rsquo;appui interchangeables fabriqu\u00e9s en Hardox, assurant une r\u00e9sistance sup\u00e9rieure face \u00e0 l&rsquo;abrasion du terrain.<br \/><\/span><span style=\"font-size: 10pt;font-weight: bold\"><br \/>Alimentation et rendement :<\/span><span style=\"font-size: 10pt\"> Technologie Plug &amp; Play Ce broyeur se distingue par sa facilit\u00e9 d&rsquo;installation.<br \/>Le moteur hydraulique est compatible avec les pelles ne disposant pas de ligne de drainage (retour libre), ce qui permet une connexion directe et rapide. \u00c9quip\u00e9e d&rsquo;une valve Flow Control avec syst\u00e8mes de s\u00e9curit\u00e9 et anti-cavitation int\u00e9gr\u00e9s, la PML\/EX g\u00e8re des d\u00e9bits compris entre 25 et 90 l\/min, optimisant le couple moteur pour un d\u00e9broussaillage fluide et constant sans surcharger le syst\u00e8me hydraulique de la machine porteuse.<br \/><\/span><span style=\"font-size: 10pt;font-weight: bold\"><br \/>Qualit\u00e9 de travail : <\/span><span style=\"font-size: 10pt\">Polyvalence de coupe Le rotor de la PML\/EX offre une flexibilit\u00e9 exceptionnelle pour s&rsquo;adapter \u00e0 diff\u00e9rents types de v\u00e9g\u00e9tation.<br \/>Il peut \u00eatre \u00e9quip\u00e9 de 20 marteaux mobiles type PML (standard) pour un broyage forestier l\u00e9ger ou de couteaux oscillants en forme de Y (en option) pour les travaux de fauchage d&rsquo;herbe et de ronces. Son rouleau arri\u00e8re r\u00e9glable permet de contr\u00f4ler la hauteur de travail et garantit un suivi parfait du relief du sol, laissant une finition propre et professionnelle.<br \/><\/span><span style=\"font-size: 10pt;font-weight: bold\"><br \/>Compatibilit\u00e9 de la flotte<\/span><span style=\"font-size: 10pt\"><br \/><\/span><\/span><\/p>\n<ul>\n<li><span data-sheets-root=\"1\" style=\"font-size: 10pt;font-family: Poppins, Arial\"><span style=\"font-size: 10pt\">Pelles recommand\u00e9es : Machines de 5 \u00e0 7,5 tonnes.<\/span><\/span><\/li>\n<li><span data-sheets-root=\"1\" style=\"font-size: 10pt;font-family: Poppins, Arial\"><span style=\"font-size: 10pt\">Exigences hydrauliques : D\u00e9bit de 25-90 l\/min et pression de 180-250 bar.<\/span><\/span><\/li>\n<li>Installation : Ne n\u00e9cessite pas de ligne de drainage externe, facilitant l&rsquo;\u00e9change entre diff\u00e9rentes machines de la flotte.<\/li>\n<\/ul>\n<p><span data-sheets-root=\"1\" style=\"font-size: 10pt;font-family: Poppins, Arial\"><span style=\"font-size: 10pt\"><b><br \/>Adaptation personnalis\u00e9e : Vous avez besoin d&rsquo;une configuration sp\u00e9cifique ?<\/b><\/span><span style=\"font-size: 10pt\"> Contactez-nous pour b\u00e9n\u00e9ficier d&rsquo;un conseil personnalis\u00e9.<br \/>&#8212;&#8212;&#8212;&#8212;&#8212;&#8212;&#8212;&#8212;&#8212;&#8212;<br \/><\/span><span style=\"font-size: 10pt\"><b>Foire Aux Questions (FAQ)<br \/><\/b><br \/><b>1. Quel type de v\u00e9g\u00e9tation la PML\/EX 125 peut-elle traiter ?<\/b><\/span><span style=\"font-size: 10pt\"> Elle est con\u00e7ue pour la v\u00e9g\u00e9tation l\u00e9g\u00e8re, les arbustes et les branches jusqu&rsquo;\u00e0 5 cm de diam\u00e8tre, ce qui la rend id\u00e9ale pour le nettoyage de parcelles et des bords de chemins.&nbsp;&nbsp;<br \/><\/span><span style=\"font-size: 10pt\"><br \/><b>2. Est-elle compatible avec ma pelle si elle n&rsquo;a pas de ligne de drainage ?<\/b><\/span><span style=\"font-size: 10pt\"> Oui, c&rsquo;est un \u00e9quipement Plug &amp; Play. Le moteur hydraulique est con\u00e7u pour fonctionner parfaitement sans avoir besoin d&rsquo;une ligne de drainage externe.<br \/><\/span><span style=\"font-size: 10pt\"><br \/><b>3. Quelle est la diff\u00e9rence entre l&rsquo;utilisation de marteaux ou de couteaux ?<\/b><\/span><span style=\"font-size: 10pt\"> Les marteaux PML sont plus adapt\u00e9s au bois et aux arbustes, tandis que les couteaux en Y sont id\u00e9aux pour un nettoyage rapide de l&rsquo;herbe et des broussailles l\u00e9g\u00e8res.<br \/><\/span><span style=\"font-size: 10pt\"><br \/><b>4. Quel entretien le syst\u00e8me Direct Drive n\u00e9cessite-t-il ?<\/b><\/span><span style=\"font-size: 10pt\"><b> <\/b>L&rsquo;entretien est minimal par rapport aux syst\u00e8mes \u00e0 courroies, car le moteur est coupl\u00e9 directement au rotor, r\u00e9duisant ainsi les points d&rsquo;usure.<br \/><\/span><span style=\"font-size: 10pt\"><br \/><b>5. Quelles garanties et assistance sont incluses ?<\/b><\/span><span style=\"font-size: 10pt\"> Nous offrons une garantie de 1 500 heures ou un an (pi\u00e8ces et main-d&rsquo;\u0153uvre). De plus, une formation technique de 1 ou 2 jours et la mise en service sont incluses lors de la livraison de l&rsquo;\u00e9quipement.<\/span><\/span><\/p>\n","protected":false},"excerpt":{"rendered":"<p><span data-sheets-root=\"1\" style=\"font-size: 10pt;font-family: Poppins, Arial\"><span style=\"font-size: 10pt;font-weight: bold\">La FAE PML\/EX 125 est un broyeur compact et efficace con\u00e7u pour les pelles hydrauliques de 5 \u00e0 7,5 tonnes.<br \/><\/span><span style=\"font-size: 10pt\">Avec un poids de seulement 300 kg, c&rsquo;est l&rsquo;outil id\u00e9al pour broyer la v\u00e9g\u00e9tation l\u00e9g\u00e8re, les arbustes et les arbres jusqu&rsquo;\u00e0 5 cm de diam\u00e8tre. Sa conception \u00ab Plug &amp; Play \u00bb et sa productivit\u00e9 \u00e9lev\u00e9e en font la solution privil\u00e9gi\u00e9e pour l&rsquo;entretien des accotements routiers et la gestion de parcelles.<\/span><\/span><\/p>\n","protected":false},"featured_media":82246,"template":"","meta":{"_acf_changed":false,"_joinchat":[]},"product_brand":[555],"product_cat":[58],"product_tag":[],"translation_priority":[],"class_list":{"0":"post-4609","1":"product","2":"type-product","3":"status-publish","4":"has-post-thumbnail","6":"product_brand-fae-fr","7":"product_cat-machine-fr","8":"pa_marca-fae","9":"pa_tipo-broyeur-hydraulique-sur-pelle-tp","11":"first","12":"instock","13":"taxable","14":"shipping-taxable","15":"product-type-simple"},"acf":[],"_links":{"self":[{"href":"https:\/\/forestpioneer.es\/fr\/wp-json\/wp\/v2\/product\/4609","targetHints":{"allow":["GET"]}}],"collection":[{"href":"https:\/\/forestpioneer.es\/fr\/wp-json\/wp\/v2\/product"}],"about":[{"href":"https:\/\/forestpioneer.es\/fr\/wp-json\/wp\/v2\/types\/product"}],"wp:featuredmedia":[{"embeddable":true,"href":"https:\/\/forestpioneer.es\/fr\/wp-json\/wp\/v2\/media\/82246"}],"wp:attachment":[{"href":"https:\/\/forestpioneer.es\/fr\/wp-json\/wp\/v2\/media?parent=4609"}],"wp:term":[{"taxonomy":"product_brand","embeddable":true,"href":"https:\/\/forestpioneer.es\/fr\/wp-json\/wp\/v2\/product_brand?post=4609"},{"taxonomy":"product_cat","embeddable":true,"href":"https:\/\/forestpioneer.es\/fr\/wp-json\/wp\/v2\/product_cat?post=4609"},{"taxonomy":"product_tag","embeddable":true,"href":"https:\/\/forestpioneer.es\/fr\/wp-json\/wp\/v2\/product_tag?post=4609"},{"taxonomy":"translation_priority","embeddable":true,"href":"https:\/\/forestpioneer.es\/fr\/wp-json\/wp\/v2\/translation_priority?post=4609"}],"curies":[{"name":"wp","href":"https:\/\/api.w.org\/{rel}","templated":true}]}}