

{"id":4552,"date":"2025-02-18T07:58:30","date_gmt":"2025-02-18T07:58:30","guid":{"rendered":"https:\/\/forestpioneer.es\/producto\/produit-42\/"},"modified":"2025-02-18T07:58:30","modified_gmt":"2025-02-18T07:58:30","slug":"produit-42","status":"publish","type":"product","link":"https:\/\/forestpioneer.es\/fr\/produit\/produit-42\/","title":{"rendered":"Produit"},"content":{"rendered":"","protected":false},"excerpt":{"rendered":"<p>Diam\u00e8tre max abattage 650 mm<br \/>Guide de chaine 750 mm<br \/>Moteur de scie bucher 20cc<br \/>Unit\u00e9 de scie supercut 100 automatique<br \/>Volume r\u00e9servoir huile 8 litres<br \/>Pression maximale 280 bars<br \/>D\u00e9bit huile 160 l\/min<br \/>Moteur hyd ext 400cc (6m\/s) Danfoss<br \/>Moteur hyd int 250 cc Danfoss<br \/> Certificat CE, manuel utilisateur en fran\u00e7ais, livre de pi\u00e8ces d\u00e9tach\u00e9es,formation \u00e0 la livraison 1 jour, garantie constructeur de pi\u00e8ces et main d&rsquo;oeuvre 1 an ou 2000 heures (premier terme atteint met fin \u00e0 la garantie).<\/p>\n","protected":false},"featured_media":0,"template":"","meta":{"_acf_changed":false,"_joinchat":[]},"product_brand":[],"product_cat":[58],"product_tag":[],"translation_priority":[],"class_list":{"0":"post-4552","1":"product","2":"type-product","3":"status-publish","5":"product_cat-machine-fr","7":"first","8":"instock","9":"taxable","10":"shipping-taxable","11":"product-type-simple"},"acf":[],"_links":{"self":[{"href":"https:\/\/forestpioneer.es\/fr\/wp-json\/wp\/v2\/product\/4552","targetHints":{"allow":["GET"]}}],"collection":[{"href":"https:\/\/forestpioneer.es\/fr\/wp-json\/wp\/v2\/product"}],"about":[{"href":"https:\/\/forestpioneer.es\/fr\/wp-json\/wp\/v2\/types\/product"}],"wp:attachment":[{"href":"https:\/\/forestpioneer.es\/fr\/wp-json\/wp\/v2\/media?parent=4552"}],"wp:term":[{"taxonomy":"product_brand","embeddable":true,"href":"https:\/\/forestpioneer.es\/fr\/wp-json\/wp\/v2\/product_brand?post=4552"},{"taxonomy":"product_cat","embeddable":true,"href":"https:\/\/forestpioneer.es\/fr\/wp-json\/wp\/v2\/product_cat?post=4552"},{"taxonomy":"product_tag","embeddable":true,"href":"https:\/\/forestpioneer.es\/fr\/wp-json\/wp\/v2\/product_tag?post=4552"},{"taxonomy":"translation_priority","embeddable":true,"href":"https:\/\/forestpioneer.es\/fr\/wp-json\/wp\/v2\/translation_priority?post=4552"}],"curies":[{"name":"wp","href":"https:\/\/api.w.org\/{rel}","templated":true}]}}