

{"id":4528,"date":"2025-02-18T08:57:37","date_gmt":"2025-02-18T07:57:37","guid":{"rendered":"https:\/\/forestpioneer.es\/producto\/154-hvt\/"},"modified":"2025-12-22T09:54:28","modified_gmt":"2025-12-22T08:54:28","slug":"154-hvt","status":"publish","type":"product","link":"https:\/\/forestpioneer.es\/fr\/produit\/154-hvt\/","title":{"rendered":"Abatteuse \u00e0 Chenilles- Neuson Forest 154 HVT"},"content":{"rendered":"<div><span data-sheets-root=\"1\" style=\"font-size: 10pt;font-family: Poppins, Arial\"><span style=\"font-size: 10pt;font-weight: bold\">Ing\u00e9nierie Compacte au C\u0153ur de G\u00e9ant :<\/span><span style=\"font-size: 10pt\"> La 154HVT est con\u00e7ue pour les entrepreneurs qui refusent de choisir entre agilit\u00e9 et puissance. Son ch\u00e2ssis compact, avec une largeur de transport de seulement 2,50 m\u00e8tres, lui permet de naviguer ais\u00e9ment dans les pistes \u00e9troites et les lignes d&rsquo;\u00e9claircie. Ne vous fiez pas \u00e0 sa taille : elle int\u00e8gre le robuste syst\u00e8me de nivellement (Tilt) de Neuson, capable de compenser 25\u00b0 vers l&rsquo;avant et +\/- 15\u00b0 lat\u00e9ralement, garantissant une plateforme de travail stable et s\u00fbre dans les pentes les plus exigeantes.<br \/><\/span><span style=\"font-size: 10pt;font-weight: bold\"><br \/>Puissance Hydraulique Sans Pr\u00e9c\u00e9dent :<\/span><span style=\"font-size: 10pt\"> Ce qui distingue vraiment la 154HVT, c&rsquo;est sa configuration hydraulique, inhabituelle dans sa cat\u00e9gorie. Elle est \u00e9quip\u00e9e d&rsquo;un moteur John Deere 4 cylindres de 175 CV (129 kW) qui alimente un syst\u00e8me de pompes tr\u00e8s haute performance : une pompe principale LS de 358 l\/min et une pompe d\u00e9di\u00e9e \u00e0 la t\u00eate de 297 l\/min. Cela se traduit par une capacit\u00e9 d&rsquo;alimentation et d&rsquo;\u00e9branchage explosive, permettant de g\u00e9rer des arbres de grand volume avec la vitesse d&rsquo;une machine bien plus grosse.<br \/><\/span><span style=\"font-size: 10pt;font-weight: bold\"><br \/>Traction et Performance en Pente : <\/span><span style=\"font-size: 10pt\">Avec une force de traction de 155 kN et une capacit\u00e9 de grimpe de 60 % (30\u00b0), la 154HVT gravit les pentes avec autorit\u00e9. Son rapport puissance-poids est l&rsquo;un des meilleurs du march\u00e9, ce qui, ajout\u00e9 \u00e0 une garde au sol de 570 mm, lui permet de franchir souches et rochers sans perdre la cadence de production.<\/p>\n<p><\/span><span style=\"font-size: 10pt;font-weight: bold\"><u>Compatibilit\u00e9 des t\u00eates d&rsquo;abattage<br \/><\/u><\/span><span style=\"font-size: 10pt\">Gr\u00e2ce \u00e0 son d\u00e9bit hydraulique extraordinaire et sa stabilit\u00e9, la 154HVT accepte des t\u00eates \u00e0 haut rendement, tant pour l&rsquo;\u00e9claircie lourde que pour la coupe finale l\u00e9g\u00e8re-moyenne :<\/span><\/span><\/div>\n<div><span data-sheets-root=\"1\" style=\"font-size: 10pt;font-family: Poppins, Arial\"><span style=\"font-size: 10pt\"><br \/><\/span><\/span><\/div>\n<ul>\n<li><span data-sheets-root=\"1\" style=\"font-size: 10pt;font-family: Poppins, Arial\"><span style=\"font-size: 10pt\"><b>AFM Forest<\/b> : AFM 45 (Vitesse pure).<\/span><\/span><span style=\"font-size: 10pt;font-family: Poppins, Arial\"><br \/><\/span><\/li>\n<li><span style=\"font-size: 10pt;font-family: Poppins, Arial\"><b>Logmax <\/b>: 4000T, 5000V (Puissance et pr\u00e9cision).<\/span><span style=\"font-size: 10pt;font-family: Poppins, Arial\"><br \/><\/span><\/li>\n<li><span style=\"font-size: 10pt;font-family: Poppins, Arial\"><b>Waratah<\/b> : H423.<\/span><span style=\"font-size: 10pt;font-family: Poppins, Arial\"><br \/><\/span><\/li>\n<li><span style=\"font-size: 10pt;font-family: Poppins, Arial\"><b>Ponsse <\/b>: H5.<\/span><span style=\"font-size: 10pt;font-family: Poppins, Arial\"><br \/><\/span><\/li>\n<li><span style=\"font-size: 10pt;font-family: Poppins, Arial\"><b>Kesla <\/b>: 21RH-III, 24RH-III.<\/span><\/li>\n<\/ul>\n<div><span data-sheets-root=\"1\" style=\"font-size: 10pt;font-family: Poppins, Arial\"><span style=\"font-size: 10pt;font-weight: bold\"><br \/>Configuration sur mesure : Vous avez besoin d&rsquo;une configuration sp\u00e9cifique ? <\/span><span style=\"font-size: 10pt\">Contactez-nous pour un conseil personnalis\u00e9.<br \/>&#8212;&#8212;&#8212;&#8212;&#8212;&#8212;&#8212;&#8212;-<br \/><\/span><span style=\"font-size: 10pt\"><b>Foire Aux Questions (FAQ)<\/b><\/p>\n<p><b>1. Pourquoi choisir la 154HVT plut\u00f4t que la 204HVT ?<\/b><\/span><span style=\"font-size: 10pt\"> La 154HVT est id\u00e9ale si votre priorit\u00e9 est la transportabilit\u00e9 et le travail dans des espaces plus ferm\u00e9s. Avec 2,50 m de large et 15,8 tonnes, elle est plus facile \u00e0 d\u00e9placer entre de petites parcelles que la 204HVT (20 t), mais gr\u00e2ce \u00e0 ses 175 CV, elle ne sacrifie pas la vitesse de fa\u00e7onnage dans le bois moyen.<br \/><\/span><span style=\"font-weight: bold;font-size: 10pt\"><br \/>2. Est-elle vraiment efficace en pente avec ce gabarit ?<\/span><span style=\"font-weight: bold;font-size: 10pt\"> <\/span><span style=\"font-size: 10pt\">Absolument. Son syst\u00e8me de nivellement est identique en angles (25\u00b0\/15\u00b0) \u00e0 celui des grosses machines. Ayant un centre de gravit\u00e9 bas et un poids contenu, elle agrippe le terrain de mani\u00e8re exceptionnelle, se montrant tr\u00e8s agile sur des versants o\u00f9 des machines plus lourdes glisseraient.<br \/><\/span><span style=\"font-weight: bold;font-size: 10pt\"><br \/>3. Que signifient des pompes de 358 l\/min et 297 l\/min ? <\/span><span style=\"font-size: 10pt\">Cela signifie que vous ne manquerez jamais d&rsquo;huile. Contrairement \u00e0 d&rsquo;autres machines de 15 t qui partagent le d\u00e9bit, la 154HVT a de la capacit\u00e9 \u00e0 revendre pour bouger la grue rapidement pendant que la t\u00eate alimente \u00e0 pleine vitesse. C&rsquo;est un rendement hydraulique digne d&rsquo;une cat\u00e9gorie sup\u00e9rieure.<br \/><\/span><span style=\"font-weight: bold;font-size: 10pt\"><br \/>4. Quelle grue \u00e9quipe-t-elle ?<\/span><span style=\"font-size: 10pt\"> Elle est livr\u00e9e en standard avec la grue parall\u00e8le 1395H de 10 m\u00e8tres de port\u00e9e, mais peut \u00eatre configur\u00e9e avec la version 13105H de 11 m\u00e8tres pour ceux qui priorisent la port\u00e9e en \u00e9claircie afin d&rsquo;\u00e9viter de d\u00e9placer le ch\u00e2ssis.&nbsp;<br \/><\/span><span style=\"font-weight: bold;font-size: 10pt\"><br \/>5. Est-elle adapt\u00e9e \u00e0 l&rsquo;eucalyptus ?<\/span><span style=\"font-size: 10pt\"> <\/span><span style=\"font-size: 10pt\">C&rsquo;est une candidate parfaite. Sa taille lui permet d&rsquo;entrer dans des plantations denses ou aux interlignes anciens, et sa puissance hydraulique lui permet d&rsquo;\u00e9brancher de l&rsquo;eucalyptus de taille moyenne sans que la t\u00eate ne s&rsquo;\u00e9touffe, offrant une rentabilit\u00e9 tr\u00e8s \u00e9lev\u00e9e gr\u00e2ce \u00e0 sa faible consommation et sa grande vitesse.<\/span><\/span><\/div>\n<ul>\n<\/ul>\n","protected":false},"excerpt":{"rendered":"<p><span data-sheets-root=\"1\" style=\"font-size: 10pt;font-family: Poppins, Arial\"><span style=\"font-size: 10pt;font-weight: bold\">La Neuson Forest 154HVT red\u00e9finit l&rsquo;efficacit\u00e9 dans la cat\u00e9gorie des 15 tonnes. <\/span><span style=\"font-size: 10pt\">Avec un poids op\u00e9rationnel de seulement 15,8 tonnes mais propuls\u00e9e par un moteur de 175 CV et un syst\u00e8me hydraulique \u00e0 double pompe, cette abatteuse offre l&rsquo;agilit\u00e9 n\u00e9cessaire pour les \u00e9claircies denses et la puissance brute pour les coupes rases sur des pentes jusqu&rsquo;\u00e0 60 %.<\/span><\/span><\/p>\n","protected":false},"featured_media":39425,"template":"","meta":{"_acf_changed":false,"_joinchat":[]},"product_brand":[567],"product_cat":[58],"product_tag":[],"translation_priority":[],"class_list":{"0":"post-4528","1":"product","2":"type-product","3":"status-publish","4":"has-post-thumbnail","6":"product_brand-neuson-fr","7":"product_cat-machine-fr","8":"pa_marca-neuson","9":"pa_tipo-abatteuse-sur-chenilles","11":"first","12":"instock","13":"taxable","14":"shipping-taxable","15":"product-type-simple"},"acf":[],"_links":{"self":[{"href":"https:\/\/forestpioneer.es\/fr\/wp-json\/wp\/v2\/product\/4528","targetHints":{"allow":["GET"]}}],"collection":[{"href":"https:\/\/forestpioneer.es\/fr\/wp-json\/wp\/v2\/product"}],"about":[{"href":"https:\/\/forestpioneer.es\/fr\/wp-json\/wp\/v2\/types\/product"}],"wp:featuredmedia":[{"embeddable":true,"href":"https:\/\/forestpioneer.es\/fr\/wp-json\/wp\/v2\/media\/39425"}],"wp:attachment":[{"href":"https:\/\/forestpioneer.es\/fr\/wp-json\/wp\/v2\/media?parent=4528"}],"wp:term":[{"taxonomy":"product_brand","embeddable":true,"href":"https:\/\/forestpioneer.es\/fr\/wp-json\/wp\/v2\/product_brand?post=4528"},{"taxonomy":"product_cat","embeddable":true,"href":"https:\/\/forestpioneer.es\/fr\/wp-json\/wp\/v2\/product_cat?post=4528"},{"taxonomy":"product_tag","embeddable":true,"href":"https:\/\/forestpioneer.es\/fr\/wp-json\/wp\/v2\/product_tag?post=4528"},{"taxonomy":"translation_priority","embeddable":true,"href":"https:\/\/forestpioneer.es\/fr\/wp-json\/wp\/v2\/translation_priority?post=4528"}],"curies":[{"name":"wp","href":"https:\/\/api.w.org\/{rel}","templated":true}]}}