

{"id":4525,"date":"2025-02-18T07:57:33","date_gmt":"2025-02-18T07:57:33","guid":{"rendered":"https:\/\/forestpioneer.es\/producto\/produit-37\/"},"modified":"2026-04-15T16:03:49","modified_gmt":"2026-04-15T14:03:49","slug":"produit-37","status":"publish","type":"product","link":"https:\/\/forestpioneer.es\/fr\/produit\/produit-37\/","title":{"rendered":"Produit"},"content":{"rendered":"","protected":false},"excerpt":{"rendered":"<p>Moteur Diesel Perkins 1204-E44TA 110kW<br \/>Panlin HLP Universal 46 (Huile Mineral)<br \/>1300&#215;530-508<br \/>Laquage standard<br \/>Grille de toit FOPS-Classe<br \/>Si\u00e8ge KAB<br \/>Camera arriere<br \/>LED working light on boom<br \/>LED lighting<br \/>Manuel utilisateur en fran\u00e7ais<br \/>Livre de pi\u00e8ces d\u00e9tach\u00e9es<br \/>Formation \u00e0 la livraison 1-2 jours<br \/>Certificat CE<br \/>Garantie constructeur de pi\u00e8ces et main d&rsquo;oeuvre 1 an ou 1500 heures (premier terme atteint met fin \u00e0 la garantie)<\/p>\n","protected":false},"featured_media":0,"template":"","meta":{"_acf_changed":false,"_joinchat":[]},"product_brand":[],"product_cat":[58],"product_tag":[],"translation_priority":[],"class_list":{"0":"post-4525","1":"product","2":"type-product","3":"status-publish","5":"product_cat-machine-fr","7":"first","8":"instock","9":"taxable","10":"shipping-taxable","11":"product-type-simple"},"acf":[],"_links":{"self":[{"href":"https:\/\/forestpioneer.es\/fr\/wp-json\/wp\/v2\/product\/4525","targetHints":{"allow":["GET"]}}],"collection":[{"href":"https:\/\/forestpioneer.es\/fr\/wp-json\/wp\/v2\/product"}],"about":[{"href":"https:\/\/forestpioneer.es\/fr\/wp-json\/wp\/v2\/types\/product"}],"wp:attachment":[{"href":"https:\/\/forestpioneer.es\/fr\/wp-json\/wp\/v2\/media?parent=4525"}],"wp:term":[{"taxonomy":"product_brand","embeddable":true,"href":"https:\/\/forestpioneer.es\/fr\/wp-json\/wp\/v2\/product_brand?post=4525"},{"taxonomy":"product_cat","embeddable":true,"href":"https:\/\/forestpioneer.es\/fr\/wp-json\/wp\/v2\/product_cat?post=4525"},{"taxonomy":"product_tag","embeddable":true,"href":"https:\/\/forestpioneer.es\/fr\/wp-json\/wp\/v2\/product_tag?post=4525"},{"taxonomy":"translation_priority","embeddable":true,"href":"https:\/\/forestpioneer.es\/fr\/wp-json\/wp\/v2\/translation_priority?post=4525"}],"curies":[{"name":"wp","href":"https:\/\/api.w.org\/{rel}","templated":true}]}}