

{"id":4483,"date":"2025-02-18T08:56:42","date_gmt":"2025-02-18T07:56:42","guid":{"rendered":"https:\/\/forestpioneer.es\/producto\/rcu75\/"},"modified":"2026-04-15T10:49:03","modified_gmt":"2026-04-15T08:49:03","slug":"rcu75","status":"publish","type":"product","link":"https:\/\/forestpioneer.es\/fr\/produit\/rcu75\/","title":{"rendered":"Broyeur radiocommand\u00e9 \u2013 FAE RCU 75"},"content":{"rendered":"<p><span data-sheets-root=\"1\" style=\"font-size: 10pt;font-family: Poppins, Arial\"><span style=\"font-size: 10pt;font-weight: bold\">Ing\u00e9nierie et conception : <\/span><span style=\"font-size: 10pt\">Stabilit\u00e9 et robustesse extr\u00eame. Issu de la vaste exp\u00e9rience de FAE dans la conception de v\u00e9hicules lourds de la gamme PT et des syst\u00e8mes de d\u00e9minage (Demining), le RCU 75 pr\u00e9sente une structure en acier avec des composants int\u00e9gr\u00e9s et prot\u00e9g\u00e9s pour r\u00e9sister aux environnements les plus hostiles. Son design se distingue par un ch\u00e2ssis robuste \u00e0 voie variable hydraulique ind\u00e9pendante, permettant d&rsquo;\u00e9largir l&#8217;empattement des chenilles de 1 700 mm \u00e0 2 100 mm pour maximiser la stabilit\u00e9 sur les terrains tr\u00e8s inclin\u00e9s. Le syst\u00e8me de tension automatique des chenilles en caoutchouc \u00e0 profil haut assure que l&rsquo;\u00e9quipement fonctionne toujours avec une traction et une fiabilit\u00e9 maximales.<br \/><\/span><span style=\"font-size: 10pt;font-weight: bold\"><br \/>Performance et rendement :<\/span><span style=\"font-size: 10pt\"> Puissance intelligente Kohler &amp; Danfoss. Le c\u0153ur de cette unit\u00e9 est le moteur diesel Kohler (Rehlko) KDI 2504 turbo aftercooler de 74 ch, conforme \u00e0 la norme Stage V. Sa transmission hydrostatique utilise des pompes Danfoss \u00e0 commande \u00e9lectronique : deux de 28 cc pour une translation pr\u00e9cise et ind\u00e9pendante, et une pompe d\u00e9di\u00e9e de 45 cc pour garantir le rendement maximal du broyeur. Gr\u00e2ce au syst\u00e8me Load Control et \u00e0 la gestion \u00e9lectro-hydraulique, la machine priorise automatiquement le travail de la t\u00eate et \u00e9vite le calage du moteur, permettant une vitesse de d\u00e9placement allant jusqu&rsquo;\u00e0 7,5 km\/h.<br \/><\/span><span style=\"font-size: 10pt;font-weight: bold\"><br \/>Polyvalence et technologie : <\/span><span style=\"font-size: 10pt\">Contr\u00f4le total et multifonctionnalit\u00e9. La technologie int\u00e9gr\u00e9e des unit\u00e9s de contr\u00f4le et des capteurs garantit des performances optimales \u00e0 tout moment. L&rsquo;op\u00e9rateur dispose d&rsquo;une radiocommande ergonomique avec \u00e9cran de 4,5&Prime; (ou 3,5&Prime; selon la configuration) pour g\u00e9rer toutes les fonctions \u00e0 une distance allant jusqu&rsquo;\u00e0 250 m. De plus, l&rsquo;application mobile FAE permet de surveiller les param\u00e8tres en temps r\u00e9el et de g\u00e9rer la maintenance programm\u00e9e. Gr\u00e2ce \u00e0 sa plaque d&rsquo;attelage universelle SAE, le RCU 75 est un outil multifonction capable d&rsquo;\u00e9quiper non seulement des t\u00eates FAE, mais aussi des outils tiers pour mini-chargeurs.<br \/><\/span><span style=\"font-size: 10pt;font-weight: bold\"><br \/>Compatibilit\u00e9 de la flotte : <\/span><span style=\"font-size: 10pt\">Le RCU 75 est une plateforme polyvalente compatible avec une large gamme d&rsquo;outils FAE :<\/span><\/span><\/p>\n<ul>\n<li><span data-sheets-root=\"1\" style=\"font-size: 10pt;font-family: Poppins, Arial\"><span style=\"font-size: 10pt\">BL2\/RCU75-150 : Broyeur forestier avec technologie Bite Limiter pour une v\u00e9g\u00e9tation jusqu&rsquo;\u00e0 15 cm.<\/span><\/span><\/li>\n<li><span data-sheets-root=\"1\" style=\"font-size: 10pt;font-family: Poppins, Arial\"><span style=\"font-size: 10pt\">PMM\/RCU75-175 : Broyeur \u00e0 marteaux mobiles pour l&rsquo;herbe et les arbustes jusqu&rsquo;\u00e0 8 cm.<\/span><\/span><\/li>\n<li><span data-sheets-root=\"1\" style=\"font-size: 10pt;font-family: Poppins, Arial\"><span style=\"font-size: 10pt\">SCL\/RCU75 : Dessoucheuse capable d&rsquo;\u00e9liminer des souches jusqu&rsquo;\u00e0 40 cm.<\/span><\/span><\/li>\n<li><span data-sheets-root=\"1\" style=\"font-size: 10pt;font-family: Poppins, Arial\"><span style=\"font-size: 10pt\">RPL\/SSL-45 : Raboteuse de chauss\u00e9e pour l&rsquo;asphalte avec une profondeur allant jusqu&rsquo;\u00e0 17 cm.<\/span><\/span><\/li>\n<li><span data-sheets-root=\"1\" style=\"font-size: 10pt;font-family: Poppins, Arial\"><span style=\"font-size: 10pt\">Outils SAE : Compatible avec les balayeuses, broyeurs de branches, godets malaxeurs et fourches de tiers.<br \/><\/span><span style=\"font-size: 10pt;font-weight: bold\"><br \/><\/span><\/span><\/li>\n<\/ul>\n<p><span data-sheets-root=\"1\" style=\"font-size: 10pt;font-family: Poppins, Arial\"><span style=\"font-size: 10pt;font-weight: bold\">Adaptation personnalis\u00e9e : Vous avez besoin d&rsquo;une configuration sp\u00e9cifique ? <\/span><span style=\"font-size: 10pt\"><span style=\"font-size: 10pt\">Contactez-nous pour recevoir un conseil personnalis\u00e9.<\/span><br \/><span style=\"font-size: 10pt\">&#8212;&#8212;&#8212;&#8212;&#8212;&#8212;&#8212;&#8212;&#8212;&#8212;&#8212;&#8212;&#8212;&#8212;&#8212;&#8212;&#8212;-<\/span><br \/><\/span><span style=\"font-size: 10pt\"><b><span style=\"font-size: 10pt\">Questions fr\u00e9quemment pos\u00e9es (FAQ) sur le RCU 75<\/span><\/b><\/p>\n<p><b><span style=\"font-size: 10pt\">1. Quel avantage offre le syst\u00e8me de voie variable ?<\/span><\/b><\/span><span style=\"font-size: 10pt\"><span style=\"font-size: 10pt\"> Il permet d&rsquo;\u00e9largir l&#8217;empattement du v\u00e9hicule de mani\u00e8re ind\u00e9pendante pour chaque chenille, ce qui abaisse le centre de gravit\u00e9 et garantit une stabilit\u00e9 op\u00e9rationnelle maximale sur les pentes lat\u00e9rales extr\u00eames allant jusqu&rsquo;\u00e0 55\u00b0.&nbsp; &nbsp;<\/span><br \/><\/span><span style=\"font-size: 10pt;font-weight: bold\"><br \/><span style=\"font-size: 10pt\">2. Comment est facilit\u00e9e la maintenance quotidienne ? <\/span><\/span><span style=\"font-size: 10pt\"><span style=\"font-size: 10pt\">Le v\u00e9hicule dispose d&rsquo;un radiateur autonettoyant avec ventilateur r\u00e9versible proportionnel qui expulse automatiquement les r\u00e9sidus, maintenant le moteur \u00e0 une temp\u00e9rature optimale et r\u00e9duisant les arr\u00eats pour nettoyage.&nbsp;&nbsp;<\/span><br \/><\/span><span style=\"font-size: 10pt;font-weight: bold\"><br \/><span style=\"font-size: 10pt\">3. Quelle s\u00e9curit\u00e9 offre-t-il en cas de perte de signal ?<\/span><\/span><span style=\"font-size: 10pt\"><span style=\"font-size: 10pt\"> Via l&rsquo;application mobile FAE, il est possible de manipuler l&rsquo;engin et de reprendre le contr\u00f4le en cas de perte de signal de la t\u00e9l\u00e9commande, garantissant que la machine ne reste jamais sans surveillance dans des zones critiques.<\/span><br \/><\/span><span style=\"font-size: 10pt;font-weight: bold\"><br \/><span style=\"font-size: 10pt\">4. Que comprend le service de livraison de l&rsquo;\u00e9quipement ?<\/span><\/span><span style=\"font-size: 10pt\"><span style=\"font-size: 10pt\"> Il est livr\u00e9 avec le manuel d&rsquo;utilisation, le catalogue de pi\u00e8ces d\u00e9tach\u00e9es et le certificat CE. De plus, nous incluons une journ\u00e9e de formation technique et de mise en service sur le terrain pour garantir une utilisation s\u00fbre et efficace.<\/span><br \/><\/span><span style=\"font-size: 10pt;font-weight: bold\"><br \/><span style=\"font-size: 10pt\">5. Quelle est la couverture de la garantie ? <\/span><\/span><span style=\"font-size: 10pt\">Le RCU 75 b\u00e9n\u00e9ficie d&rsquo;une garantie sur les pi\u00e8ces d&rsquo;un an ou 1 000 heures de travail (au premier terme \u00e9chu), soutenue par le service officiel FAE.<\/span><\/span><\/p>\n","protected":false},"excerpt":{"rendered":"<div><span data-sheets-root=\"1\" style=\"font-size: 10pt;font-family: Poppins, Arial\"><span style=\"font-size: 10pt;font-weight: bold\">Le FAE RCU 75 est un v\u00e9hicule compact et extr\u00eamement puissant de 74 ch, con\u00e7u pour offrir une efficacit\u00e9 op\u00e9rationnelle maximale sur les terrains difficiles d&rsquo;acc\u00e8s et les pentes raides allant jusqu&rsquo;\u00e0 55\u00b0.<br \/><\/span><span style=\"font-size: 10pt\">Avec un poids de 3 470 kg et un syst\u00e8me de chenilles en caoutchouc \u00e0 profil haut, cet \u00e9quipement garantit une traction sup\u00e9rieure et une stabilit\u00e9 in\u00e9gal\u00e9e. C&rsquo;est la solution professionnelle ultime pour l&rsquo;entretien des espaces verts, des infrastructures routi\u00e8res et les travaux forestiers exigeants o\u00f9 la s\u00e9curit\u00e9 de l&rsquo;op\u00e9rateur est la priorit\u00e9.<\/span><\/span><\/div>\n","protected":false},"featured_media":86237,"template":"","meta":{"_acf_changed":false,"_joinchat":[]},"product_brand":[555],"product_cat":[58],"product_tag":[],"translation_priority":[],"class_list":{"0":"post-4483","1":"product","2":"type-product","3":"status-publish","4":"has-post-thumbnail","6":"product_brand-fae-fr","7":"product_cat-machine-fr","8":"pa_marca-fae","10":"first","11":"instock","12":"taxable","13":"shipping-taxable","14":"product-type-simple"},"acf":[],"_links":{"self":[{"href":"https:\/\/forestpioneer.es\/fr\/wp-json\/wp\/v2\/product\/4483","targetHints":{"allow":["GET"]}}],"collection":[{"href":"https:\/\/forestpioneer.es\/fr\/wp-json\/wp\/v2\/product"}],"about":[{"href":"https:\/\/forestpioneer.es\/fr\/wp-json\/wp\/v2\/types\/product"}],"wp:featuredmedia":[{"embeddable":true,"href":"https:\/\/forestpioneer.es\/fr\/wp-json\/wp\/v2\/media\/86237"}],"wp:attachment":[{"href":"https:\/\/forestpioneer.es\/fr\/wp-json\/wp\/v2\/media?parent=4483"}],"wp:term":[{"taxonomy":"product_brand","embeddable":true,"href":"https:\/\/forestpioneer.es\/fr\/wp-json\/wp\/v2\/product_brand?post=4483"},{"taxonomy":"product_cat","embeddable":true,"href":"https:\/\/forestpioneer.es\/fr\/wp-json\/wp\/v2\/product_cat?post=4483"},{"taxonomy":"product_tag","embeddable":true,"href":"https:\/\/forestpioneer.es\/fr\/wp-json\/wp\/v2\/product_tag?post=4483"},{"taxonomy":"translation_priority","embeddable":true,"href":"https:\/\/forestpioneer.es\/fr\/wp-json\/wp\/v2\/translation_priority?post=4483"}],"curies":[{"name":"wp","href":"https:\/\/api.w.org\/{rel}","templated":true}]}}