

{"id":4453,"date":"2025-02-18T08:56:16","date_gmt":"2025-02-18T07:56:16","guid":{"rendered":"https:\/\/forestpioneer.es\/producto\/trim380\/"},"modified":"2026-04-16T07:47:58","modified_gmt":"2026-04-16T05:47:58","slug":"trim380","status":"publish","type":"product","link":"https:\/\/forestpioneer.es\/fr\/produit\/trim380\/","title":{"rendered":"T\u00eate  \u00e0 disque &#8211; FPM TRIM 380"},"content":{"rendered":"<p><span data-sheets-root=\"1\" style=\"font-size: 10pt;font-family: Poppins, Arial\"><span style=\"font-size: 10pt;font-weight: bold\"><span style=\"font-size: 10pt\">Conception orient\u00e9e terrain<br \/><\/span><\/span><span style=\"font-size: 10pt\">Design \u00e0 Haute Inertie et Robustesse Sous le label \u00ab\u00a0Exclusive Forestry Design\u00a0\u00bb, la TRIM 380 est b\u00e2tie pour l&rsquo;endurance. Sa structure de 1 900 kg prot\u00e8ge les composants hydrauliques vitaux, offrant une durabilit\u00e9 sup\u00e9rieure. Contrairement aux cisailles conventionnelles, son syst\u00e8me de disque \u00e0 rotation continue exploite l&rsquo;\u00e9nergie cin\u00e9tique, r\u00e9duisant le stress sur la machine de base lors de la coupe.<\/span><\/span><span style=\"font-size: 10pt;font-weight: bold\"><br \/><\/span><\/p>\n<p><span style=\"font-size: 10pt\"><b>Performance et Vitesse de Coupe&nbsp;&nbsp;<br \/><\/b><\/span><span style=\"font-size: 10pt\">Cette t\u00eate est un monstre d&rsquo;efficacit\u00e9. Elle n\u00e9cessite un d\u00e9bit hydraulique mod\u00e9r\u00e9 de 120-130 l\/min, ce qui la rend compatible avec une large gamme de pelles moyennes. Elle est parfaitement adapt\u00e9e et optimis\u00e9e pour \u00eatre mont\u00e9e sur la FPM TR130SR. Sa capacit\u00e9 de rotation de de 360\u00b0 (non-continu) offre une excellente maniabilit\u00e9 pour la coupe et le placement au sol.<\/span><span style=\"font-size: 10pt;font-weight: bold\"><br \/><\/span><\/p>\n<p><span style=\"font-size: 10pt\"><b>Qualit\u00e9 de Coupe et Finition<br \/><\/b><\/span><span style=\"font-size: 10pt\">La TRIM 380 ne se contente pas d&rsquo;abattre, elle g\u00e8re le terrain. Elle permet une hauteur de coupe minimale de 75 mm depuis le sol, garantissant des souches rases qui facilitent le passage ult\u00e9rieur des machines. Elle est capable de traiter aussi bien des arbustes de 50 mm que des troncs 350 mm, offrant une coupe nette par disque qui favorise la repousse.<\/span><u style=\"font-size: 10pt;font-weight: bold\"><span style=\"font-size: 10pt\"><br \/><\/span><\/u><\/p>\n<p><u style=\"font-size: 10pt;font-weight: bold\"><span style=\"font-size: 10pt\">Compatibilit\u00e9 de la flotte<\/span><\/u><span style=\"font-size: 10pt\"><br \/><\/span><\/p>\n<p><span style=\"font-size: 10pt\">La TRIM 380 est le compl\u00e9ment id\u00e9al pour les pelles foresti\u00e8res et abatteuses cherchant \u00e0 se diversifier vers la biomasse.<\/span><b><span style=\"font-size: 10pt;font-family: Poppins\"><br \/><\/span><\/b><\/p>\n<p><b><span style=\"font-size: 10pt;font-family: Poppins\">Machines de base recommand\u00e9es :<\/span><\/b><span style=\"font-family: Poppins;font-size: 10pt\"><br \/><\/span><\/p>\n<ul>\n<li><span style=\"font-family: Poppins;font-size: 10pt\">Pelles de 15 \u00e0 18 tonnes (FPM TR 130sr).&nbsp;&nbsp;<\/span><span style=\"font-family: Poppins;font-size: 10pt\"><br \/><\/span><\/li>\n<li><span style=\"font-family: Poppins;font-size: 10pt\">Compatible avec les pelles disposant d&rsquo;une ligne marteau et d&rsquo;une ligne petit d\u00e9bit<\/span><\/li>\n<\/ul>\n<p><b style=\"font-size: 10pt;font-family: Poppins, Arial\"><span style=\"font-family: Poppins\">Pr\u00e9requis Hydrauliques :<\/span><\/b><span style=\"font-family: Poppins;font-size: 10pt\"><br \/><\/span><\/p>\n<ul>\n<li><span style=\"font-family: Poppins;font-size: 10pt\">D\u00e9bit d&rsquo;huile : 120 &#8211; 130 l\/min.<\/span><span style=\"font-family: Poppins;font-size: 10pt\"><br \/><\/span><\/li>\n<li><span style=\"font-family: Poppins;font-size: 10pt\">Pression de service : 350 bars.&nbsp; &nbsp; &nbsp;<\/span><span style=\"font-size: 10pt\"><br \/><\/span><\/li>\n<\/ul>\n<p><span style=\"font-size: 10pt\"><b>Adaptation sur mesure : Vous avez besoin d&rsquo;une configuration sp\u00e9cifique ?<\/b><\/span><span style=\"font-family: Poppins, Arial;font-size: 10pt\"><span style=\"font-size: 10pt\"> Contactez-nous pour un conseil personnalis\u00e9.<\/span><\/span><\/p>\n<p><span data-sheets-root=\"1\" style=\"font-size: 10pt;font-family: Poppins, Arial\"><span style=\"font-size: 10pt\"><span style=\"font-size: 10pt\">&#8212;&#8212;&#8212;&#8212;&#8212;&#8212;&#8212;<\/span><br \/><\/span><span style=\"font-size: 10pt;font-weight: bold;font-family: Poppins\">Foire Aux Questions (FAQ)&nbsp; &nbsp; &nbsp;<\/span><\/span><span style=\"font-size: 10pt\"><b><br \/><\/b><\/span><\/p>\n<p><span style=\"font-family: Poppins;font-size: 10pt\"><b>1. Quel est l&rsquo;avantage du disque \u00e0 rotation continue par rapport \u00e0 une cisaille ?<\/b><\/span><span style=\"font-size: 10pt\"><span style=\"font-size: 10pt\"><b><span style=\"font-family: Poppins\"> <\/span><\/b><span style=\"font-family: Poppins\">L&rsquo;avantage principal est la vitesse de travail et le rendement. Le disque accumule de l&rsquo;inertie, permettant de couper plusieurs petites tiges ou arbres moyens en continu sans s&rsquo;arr\u00eater , ce qui d\u00e9cuple la productivit\u00e9 en biomasse.<\/span><\/span><\/span><span style=\"font-size: 10pt;font-weight: bold\"><span style=\"font-size: 10pt\"><br \/><\/span><\/span><\/p>\n<p><span style=\"font-size: 10pt;font-weight: bold\"><span style=\"font-size: 10pt;font-family: Poppins\">2. Quelle est la capacit\u00e9 de coupe r\u00e9elle ? <\/span><\/span><span style=\"font-size: 10pt\"><span style=\"font-size: 10pt;font-family: Poppins\">La TRIM 380 est certifi\u00e9e pour couper des troncs jusqu&rsquo;\u00e0 380 mm de diam\u00e8tre, tout en \u00e9tant efficace d\u00e8s 50 mm.<\/span><\/span><span style=\"font-size: 10pt;font-weight: bold\"><span style=\"font-size: 10pt\"><br \/><\/span><\/span><\/p>\n<p><span style=\"font-size: 10pt;font-weight: bold\"><span style=\"font-size: 10pt;font-family: Poppins\">3. Quel entretien n\u00e9cessite le disque ? <\/span><\/span><span style=\"font-size: 10pt\"><span style=\"font-size: 10pt;font-family: Poppins\">Le syst\u00e8me de disque est robuste et comporte moins de pi\u00e8ces mobiles expos\u00e9es qu&rsquo;un guide-cha\u00eene de tron\u00e7onneuse. L&rsquo;entretien se concentre sur les dents du disque (retournables et rempla\u00e7ables) et le graissage g\u00e9n\u00e9ral.<\/span><\/span><span style=\"font-size: 10pt;font-weight: bold\"><span style=\"font-size: 10pt\"><br \/><\/span><\/span><\/p>\n<p><span style=\"font-size: 10pt;font-weight: bold\"><span style=\"font-size: 10pt;font-family: Poppins\">4. Ai-je besoin d&rsquo;une tr\u00e8s grosse pelle pour la man\u0153uvrer ? <\/span><\/span><span style=\"font-size: 10pt\"><span style=\"font-size: 10pt;font-family: Poppins\">Avec un poids de 1 900 kg, une machine de base d&rsquo;au moins 16-18 tonnes est recommand\u00e9e pour travailler avec stabilit\u00e9 et s\u00e9curit\u00e9 en extension maximale.<\/span><\/span><span style=\"font-size: 10pt;font-weight: bold\"><span style=\"font-size: 10pt\"><br \/><\/span><\/span><\/p>\n<p><span style=\"font-size: 10pt;font-weight: bold\"><span style=\"font-size: 10pt;font-family: Poppins\">5. Peut-elle laisser des souches au ras du sol ? <\/span><\/span><span style=\"font-family: Poppins;font-size: 10pt\">Oui, sa conception permet d&rsquo;approcher le disque du sol, atteignant une hauteur de coupe de 75 mm, id\u00e9ale pour laisser un terrain propre.<\/span><\/p>\n","protected":false},"excerpt":{"rendered":"<p><span data-sheets-root=\"1\" style=\"font-size: 10pt;font-family: Poppins, Arial\"><span style=\"font-size: 10pt;font-weight: bold\">Vitesse et efficacit\u00e9 en abattage continu<\/span><span style=\"font-size: 10pt\"><br \/>Le TRIM 380 est une t\u00eate d\u2019abattage \u00e0 disque \u00e0 rotation continue con\u00e7ue pour une productivit\u00e9 maximale dans le bois \u00e9nergie. Avec un poids de 1 900 kg et une capacit\u00e9 de coupe utile de 380mm, cet outil permet les rendements les plus important, tout en laissant une souche tr\u00e8s basse.<\/span><\/span><\/p>\n<p><span data-sheets-root=\"1\" style=\"font-size: 10pt;font-family: Poppins, Arial\"><span style=\"font-size: 10pt\">Pour un fonctionnement continu, l\u2019hydraulique de la pelle doit \u00eatre adapt\u00e9. La trim380 est optimis\u00e9e pour l\u2019utilisation sur notre FPM TR130SR en permettant une relance en continu, quelque soit la phase de travail.<\/span><\/span><\/p>\n","protected":false},"featured_media":104152,"template":"","meta":{"_acf_changed":false,"_joinchat":[]},"product_brand":[493],"product_cat":[58],"product_tag":[],"translation_priority":[],"class_list":{"0":"post-4453","1":"product","2":"type-product","3":"status-publish","4":"has-post-thumbnail","6":"product_brand-fpm-fr","7":"product_cat-machine-fr","8":"pa_marca-fpm","9":"pa_tipo-tete-feller-a-disque","11":"first","12":"instock","13":"taxable","14":"shipping-taxable","15":"product-type-simple"},"acf":[],"_links":{"self":[{"href":"https:\/\/forestpioneer.es\/fr\/wp-json\/wp\/v2\/product\/4453","targetHints":{"allow":["GET"]}}],"collection":[{"href":"https:\/\/forestpioneer.es\/fr\/wp-json\/wp\/v2\/product"}],"about":[{"href":"https:\/\/forestpioneer.es\/fr\/wp-json\/wp\/v2\/types\/product"}],"wp:featuredmedia":[{"embeddable":true,"href":"https:\/\/forestpioneer.es\/fr\/wp-json\/wp\/v2\/media\/104152"}],"wp:attachment":[{"href":"https:\/\/forestpioneer.es\/fr\/wp-json\/wp\/v2\/media?parent=4453"}],"wp:term":[{"taxonomy":"product_brand","embeddable":true,"href":"https:\/\/forestpioneer.es\/fr\/wp-json\/wp\/v2\/product_brand?post=4453"},{"taxonomy":"product_cat","embeddable":true,"href":"https:\/\/forestpioneer.es\/fr\/wp-json\/wp\/v2\/product_cat?post=4453"},{"taxonomy":"product_tag","embeddable":true,"href":"https:\/\/forestpioneer.es\/fr\/wp-json\/wp\/v2\/product_tag?post=4453"},{"taxonomy":"translation_priority","embeddable":true,"href":"https:\/\/forestpioneer.es\/fr\/wp-json\/wp\/v2\/translation_priority?post=4453"}],"curies":[{"name":"wp","href":"https:\/\/api.w.org\/{rel}","templated":true}]}}