

{"id":4450,"date":"2025-02-18T08:56:11","date_gmt":"2025-02-18T07:56:11","guid":{"rendered":"https:\/\/forestpioneer.es\/producto\/th55\/"},"modified":"2026-02-23T09:07:22","modified_gmt":"2026-02-23T08:07:22","slug":"th55","status":"publish","type":"product","link":"https:\/\/forestpioneer.es\/fr\/produit\/th55\/","title":{"rendered":"T\u00eate d&rsquo;abattage &#8211; LOGSET  TH55"},"content":{"rendered":"<p><span data-sheets-root=\"1\" style=\"font-size: 10pt;font-family: Poppins, Arial\"><span style=\"font-size: 10pt;font-weight: bold\">Alimentation \u00e0 Trois Rouleaux Synchronis\u00e9s :<\/span><span style=\"font-size: 10pt\"> Contrairement \u00e0 sa petite s\u0153ur, la TH55 dispose d&rsquo;un syst\u00e8me d&rsquo;alimentation \u00e0 trois rouleaux synchronis\u00e9s (deux dans les bras et un dans le ch\u00e2ssis), entra\u00een\u00e9s par quatre moteurs hydrauliques. Cela assure une force de traction sup\u00e9rieure et une prise ferme en toutes conditions, permettant de fa\u00e7onner des f\u00fbts lourds avec la m\u00eame aisance que des billons l\u00e9gers.<br \/><\/span><span style=\"font-size: 10pt;font-weight: bold\"><br \/>Performance dans le bois tordu : <\/span><span style=\"font-size: 10pt\">Son ch\u00e2ssis court et ses longs couteaux avant mont\u00e9s sur parall\u00e9logramme la rendent exceptionnellement efficace dans le bois tordu. L&rsquo;arbre glisse \u00e0 travers la t\u00eate sans blocage, tandis que le grand angle d&rsquo;inclinaison du b\u00e2ti facilite l&rsquo;abattage et le positionnement dans les terrains difficiles.<br \/><\/span><span style=\"font-size: 10pt;font-weight: bold\"><br \/>Mesure de Pr\u00e9cision : <\/span><span style=\"font-size: 10pt\">L&rsquo;exactitude est la cl\u00e9 de la rentabilit\u00e9. La TH55 mesure le diam\u00e8tre via deux capteurs situ\u00e9s dans les couteaux avant, garantissant une lecture fiable. La longueur est contr\u00f4l\u00e9e par une roue de mesure hydraulique ajustable, qui maintient un contact parfait avec le tronc m\u00eame sur des \u00e9corces irr\u00e9guli\u00e8res, assurant des coupes millim\u00e9tr\u00e9es sur chaque bille.<\/p>\n<p><\/span><span style=\"font-size: 10pt;font-weight: bold\"><u>Compatibilit\u00e9 et Configuration<br \/><\/u><\/span><span style=\"font-size: 10pt\">La t\u00eate la plus flexible pour les machines de taille moyenne, id\u00e9ale pour maximiser l&rsquo;investissement mat\u00e9riel.&nbsp;&nbsp;<\/p>\n<p>Machines de base recommand\u00e9es :&nbsp;&nbsp;<\/span><\/span><\/p>\n<ul>\n<li><span data-sheets-root=\"1\" style=\"font-size: 10pt;font-family: Poppins, Arial\"><span style=\"font-size: 10pt\"><b><span style=\"font-size: 12px\">\u00c0 pneus (Abatteuses) <\/span><\/b><span style=\"font-size: 12px\">: 14 \u2013 18 tonnes (parfait pour Logset 5HP et 6HP).<\/span><\/span><\/span><\/li>\n<li><b><span style=\"font-size: 12px\">\u00c0 chenilles (Pelles)<\/span><\/b><span style=\"font-size: 12px\"> : 16 \u2013 20 tonnes.<\/span><\/li>\n<\/ul>\n<p><span data-sheets-root=\"1\" style=\"font-size: 10pt;font-family: Poppins, Arial\"><span style=\"font-size: 10pt;font-weight: bold\"><br \/>Vous avez un mod\u00e8le sp\u00e9cifique en t\u00eate ou besoin d&rsquo;adapter cette machine \u00e0 vos besoins ? <\/span><span style=\"font-size: 10pt\">Contactez-nous pour un conseil personnalis\u00e9.<br \/>&#8212;&#8212;&#8212;&#8212;&#8212;&#8212;&#8212;&#8212;<\/p>\n<p><\/span><span style=\"font-size: 10pt\"><b>FAQ \u2013 Logset TH55&nbsp;&nbsp;<\/b><br \/><b><br \/>1. Quelle est la diff\u00e9rence principale entre la TH55 et la TH45 ?<\/b><\/span><span style=\"font-size: 10pt\"> La TH55 est plus grosse et plus puissante. Elle poss\u00e8de 3 rouleaux d&rsquo;alimentation (contre 2 pour la TH45) et 4 moteurs hydrauliques, ce qui lui conf\u00e8re beaucoup plus de force de traction. De plus, elle peut abattre des arbres jusqu&rsquo;\u00e0 65 cm, contre 55 cm pour la TH45.<br \/><\/span><span style=\"font-size: 10pt;font-weight: bold\"><br \/>2. Est-elle valide pour les coupes rases de pin et d&rsquo;eucalyptus ?<\/span><span style=\"font-size: 10pt\"> Oui, elle est excellente pour les coupes d\u00e9finitives de diam\u00e8tre moyen (optimum de fa\u00e7onnage jusqu&rsquo;\u00e0 40-45 cm). Pour du tr\u00e8s gros bois en continu, il vaut mieux passer \u00e0 la TH65, mais la TH55 g\u00e8re parfaitement la majorit\u00e9 des coupes commerciales courantes.<br \/><\/span><span style=\"font-size: 10pt;font-weight: bold\"><br \/>3. Comment fonctionne le syst\u00e8me \u00e0 trois rouleaux ? <\/span><span style=\"font-size: 10pt\">Les deux rouleaux lat\u00e9raux \u00e9treignent l&rsquo;arbre tandis que le rouleau inf\u00e9rieur du ch\u00e2ssis supporte le poids et aide \u00e0 la traction. \u00c9tant synchronis\u00e9s hydrauliquement, ils assurent que l&rsquo;arbre avance fluidement sans patiner, m\u00eame si l&rsquo;\u00e9corce est humide ou l\u00e2che.<br \/><\/span><span style=\"font-size: 10pt;font-weight: bold\"><br \/>4. Quel entretien pour le syst\u00e8me de mesure ?<\/span><span style=\"font-size: 10pt\"> Le syst\u00e8me est tr\u00e8s robuste. La roue de mesure hydraulique s&rsquo;ajuste automatiquement, mais il est recommand\u00e9 de nettoyer les capteurs de diam\u00e8tre et de v\u00e9rifier la pression de la roue p\u00e9riodiquement pour maintenir la pr\u00e9cision exig\u00e9e par l&rsquo;industrie.<br \/><\/span><span style=\"font-size: 10pt;font-weight: bold\"><br \/>5. Peut-on l&rsquo;installer sur une pelle de 20 tonnes ?<\/span><span style=\"font-size: 10pt\"> Oui, c&rsquo;est le gabarit id\u00e9al. Une pelle de 16-20 tonnes fournit le d\u00e9bit hydraulique et la stabilit\u00e9 parfaits pour tirer le meilleur rendement de la TH55 sans surcharger le bras de la machine.<\/span><\/span><\/p>\n","protected":false},"excerpt":{"rendered":"<p><span data-sheets-root=\"1\" style=\"font-size: 10pt;font-family: Poppins, Arial\"><span style=\"font-size: 10pt;font-weight: bold\">La polyvalence par excellence : de l&rsquo;\u00e9claircie \u00e0 la coupe moyenne<br \/><\/span><span style=\"font-size: 10pt\">La Logset TH55 est la t\u00eate d&rsquo;abattage \u00ab\u00a0tout-terrain\u00a0\u00bb par d\u00e9finition. Con\u00e7ue pour combler le vide entre l&rsquo;\u00e9claircie intensive et la coupe rase l\u00e9g\u00e8re, ce mod\u00e8le se distingue par sa l\u00e9g\u00e8ret\u00e9 et sa compacit\u00e9. Avec un poids de seulement 1000 kg et une capacit\u00e9 de coupe de 65 cm, c&rsquo;est l&rsquo;outil id\u00e9al pour les entrepreneurs ayant besoin d&rsquo;une solution unique pour affronter une grande vari\u00e9t\u00e9 de chantiers sans changer d&rsquo;\u00e9quipement.<\/span><\/span><\/p>\n","protected":false},"featured_media":80589,"template":"","meta":{"_acf_changed":false,"_joinchat":[]},"product_brand":[565],"product_cat":[58],"product_tag":[],"translation_priority":[],"class_list":{"0":"post-4450","1":"product","2":"type-product","3":"status-publish","4":"has-post-thumbnail","6":"product_brand-logset-fr","7":"product_cat-machine-fr","8":"pa_marca-logset","9":"pa_tipo-tete-dabattage","11":"first","12":"instock","13":"taxable","14":"shipping-taxable","15":"product-type-simple"},"acf":[],"_links":{"self":[{"href":"https:\/\/forestpioneer.es\/fr\/wp-json\/wp\/v2\/product\/4450","targetHints":{"allow":["GET"]}}],"collection":[{"href":"https:\/\/forestpioneer.es\/fr\/wp-json\/wp\/v2\/product"}],"about":[{"href":"https:\/\/forestpioneer.es\/fr\/wp-json\/wp\/v2\/types\/product"}],"wp:featuredmedia":[{"embeddable":true,"href":"https:\/\/forestpioneer.es\/fr\/wp-json\/wp\/v2\/media\/80589"}],"wp:attachment":[{"href":"https:\/\/forestpioneer.es\/fr\/wp-json\/wp\/v2\/media?parent=4450"}],"wp:term":[{"taxonomy":"product_brand","embeddable":true,"href":"https:\/\/forestpioneer.es\/fr\/wp-json\/wp\/v2\/product_brand?post=4450"},{"taxonomy":"product_cat","embeddable":true,"href":"https:\/\/forestpioneer.es\/fr\/wp-json\/wp\/v2\/product_cat?post=4450"},{"taxonomy":"product_tag","embeddable":true,"href":"https:\/\/forestpioneer.es\/fr\/wp-json\/wp\/v2\/product_tag?post=4450"},{"taxonomy":"translation_priority","embeddable":true,"href":"https:\/\/forestpioneer.es\/fr\/wp-json\/wp\/v2\/translation_priority?post=4450"}],"curies":[{"name":"wp","href":"https:\/\/api.w.org\/{rel}","templated":true}]}}