

{"id":4444,"date":"2025-02-18T08:54:43","date_gmt":"2025-02-18T07:54:43","guid":{"rendered":"https:\/\/forestpioneer.es\/producto\/cs580\/"},"modified":"2026-02-09T09:08:36","modified_gmt":"2026-02-09T08:08:36","slug":"cs580","status":"publish","type":"product","link":"https:\/\/forestpioneer.es\/fr\/produit\/cs580\/","title":{"rendered":"T\u00eate de coupe \u00e0 scie \u2013 Woodcracker CS580 WESTTECH"},"content":{"rendered":"<p><span data-sheets-root=\"1\" style=\"font-size: 10pt;font-family: Poppins, Arial\"><b>Ing\u00e9nierie et conception : <\/b>Durabilit\u00e9 \u00e9prouv\u00e9e en conditions s\u00e9v\u00e8res<br \/>Construite avec l&rsquo;ADN de r\u00e9sistance propre \u00e0 Westtech, la CS580 est enti\u00e8rement fabriqu\u00e9e en acier Hardox\u00ae haute r\u00e9sistance. Pour garantir une protection maximale dans les environnements humides et corrosifs, toute la structure b\u00e9n\u00e9ficie d&rsquo;un traitement de surface par cataphor\u00e8se (KTL) et d&rsquo;un rev\u00eatement par poudre. Sa conception robuste prot\u00e8ge les composants hydrauliques critiques, assurant une dur\u00e9e de vie prolong\u00e9e et minimisant la maintenance pr\u00e9ventive dans les milieux forestiers les plus exigeants.<br \/><b><br \/>Performance et rendement : <\/b>Une puissance de pr\u00e9cision chirurgicale<br \/>Le c\u0153ur de la CS580 r\u00e9side dans son unit\u00e9 de scie \u00e0 haut couple, \u00e9quip\u00e9e d&rsquo;un tendeur de cha\u00eene automatique qui garantit une tension parfaite en permanence, \u00e9vitant ainsi les arr\u00eats dus aux d\u00e9raillements de cha\u00eene. Son grappin \u00e0 trois doigts, dot\u00e9 d&rsquo;une large ouverture de 1 430 mm, permet une prise exceptionnellement s\u00fbre du mat\u00e9riel, facilitant le repositionnement du tronc pendant la coupe pour un abattage contr\u00f4l\u00e9 et s\u00e9curis\u00e9.<br \/><b><br \/>Qualit\u00e9 et S\u00e9curit\u00e9 :<\/b> Standards europ\u00e9ens sur le chantier<br \/>La CS580 est sp\u00e9cifiquement con\u00e7ue pour les abattages \u00e0 risque, permettant de retirer des sections d&rsquo;arbre verticalement ou horizontalement avec un contr\u00f4le total. Chaque unit\u00e9 est livr\u00e9e avec son certificat CE, son manuel d&rsquo;utilisation complet et son catalogue de pi\u00e8ces d\u00e9tach\u00e9es d\u00e9taill\u00e9 avec les r\u00e9f\u00e9rences d&rsquo;origine. De plus, elle b\u00e9n\u00e9ficie d&rsquo;une garantie constructeur de 1 500 heures ou 1 an sur les pi\u00e8ces, assurant la protection de votre investissement d\u00e8s le premier jour.<\/p>\n<p><b>Compatibilit\u00e9 de flotte<\/b><\/span><\/p>\n<ul>\n<li><span data-sheets-root=\"1\" style=\"font-size: 10pt;font-family: Poppins, Arial\">Machine porteuse : Pelles sur chenilles ou sur pneus et abatteuses foresti\u00e8res.<\/span><\/li>\n<li><span data-sheets-root=\"1\" style=\"font-size: 10pt;font-family: Poppins, Arial\">Poids du porteur : Optimis\u00e9 pour des v\u00e9hicules entre 14 et 22 tonnes.<\/span><\/li>\n<\/ul>\n<p><span data-sheets-root=\"1\" style=\"font-size: 10pt;font-family: Poppins, Arial\"><b>Exigences hydrauliques :<\/b><\/span><\/p>\n<ul>\n<li><span data-sheets-root=\"1\" style=\"font-size: 10pt;font-family: Poppins, Arial\">D\u00e9bit principal recommand\u00e9 : 120 \u2013 170 l\/min.<\/span><\/li>\n<li><span data-sheets-root=\"1\" style=\"font-size: 10pt;font-family: Poppins, Arial\">Pression de service principale : 280 bar.<\/span><\/li>\n<li><span data-sheets-root=\"1\" style=\"font-size: 10pt;font-family: Poppins, Arial\">D\u00e9bit pour Tiltator : 50 \u2013 70 l\/min.<\/span><\/li>\n<li>Pression de service Tiltator : 200 bar.<\/li>\n<\/ul>\n<p><span data-sheets-root=\"1\" style=\"font-size: 10pt;font-family: Poppins, Arial\"><b><br \/>Besoin d&rsquo;une configuration sp\u00e9cifique ? <\/b>Nous \u00e9tudions l&rsquo;adaptation de chaque t\u00eate ou \u00e9quipement pour optimiser votre production.<br \/>&#8212;&#8212;&#8212;&#8212;&#8212;&#8212;&#8212;&#8212;&#8212;&#8212;&#8212;&#8212;&#8212;&#8212;&#8212;&#8212;&#8211;<br \/><b>Questions Fr\u00e9quemment Pos\u00e9es (FAQ)<\/b><\/span><\/p>\n<p><span data-sheets-root=\"1\" style=\"font-size: 10pt;font-family: Poppins, Arial\"><b>1. Que couvre la garantie de la Woodcracker CS580 ? <\/b>La garantie couvre les pi\u00e8ces pour une p\u00e9riode de 1 500 heures d&rsquo;op\u00e9ration ou 1 an (au premier terme \u00e9chu), offrant une tranquillit\u00e9 d&rsquo;esprit totale contre tout d\u00e9faut de fabrication.<br \/><b><br \/>2. Comment le syst\u00e8me de rotation Tiltator b\u00e9n\u00e9ficie-t-il au travail quotidien ?<\/b> Le Tiltator permet une rotation infinie de la t\u00eate. Cela facilite l&rsquo;attaque de l&rsquo;arbre sous n&rsquo;importe quel angle et le positionnement pr\u00e9cis du mat\u00e9riel coup\u00e9, ce qui est vital lors d&rsquo;abattages \u00e0 proximit\u00e9 d&rsquo;infrastructures ou de b\u00e2timents.&nbsp; &nbsp;<br \/><b><br \/>3. L&rsquo;entretien de la scie est-il complexe sur ce mod\u00e8le ?<\/b> Pas du tout. Gr\u00e2ce au tendeur automatique de cha\u00eene, l&rsquo;op\u00e9rateur n&rsquo;a pas \u00e0 effectuer de r\u00e9glages manuels constants. De plus, l&rsquo;\u00e9quipement est livr\u00e9 avec un manuel de pi\u00e8ces d\u00e9tach\u00e9es clair pour faciliter la commande de rechanges.<br \/><b><br \/>4. Puis-je installer la CS580 sur ma pelle de 15 tonnes ? <\/b>Oui, c&rsquo;est la taille de machine id\u00e9ale. La CS580 est optimis\u00e9e pour des porteurs entre 14 et 22 tonnes, garantissant un \u00e9quilibre parfait entre poids, stabilit\u00e9 et puissance hydraulique.<br \/><b><br \/>5. Quelle documentation technique est incluse avec la machine ?<\/b> Chaque unit\u00e9 inclut le certificat CE obligatoire, le manuel d&rsquo;utilisation pour la formation de l&rsquo;op\u00e9rateur et un catalogue complet de pi\u00e8ces d\u00e9tach\u00e9es pour une gestion agile des rechanges.<\/span><\/p>\n","protected":false},"excerpt":{"rendered":"<p><span data-sheets-root=\"1\" style=\"font-size: 10pt;font-family: Poppins, Arial\"><b>La Woodcracker CS580 est un grappin-scie professionnel haute performance con\u00e7u pour l&rsquo;abattage de s\u00e9curit\u00e9 et l&rsquo;\u00e9branchage d&rsquo;arbres allant jusqu&rsquo;\u00e0 580 mm de diam\u00e8tre.<br \/><\/b>Avec un poids op\u00e9rationnel compris entre 1 400 et 1 500 kg, cette t\u00eate offre une stabilit\u00e9 et une puissance de coupe sup\u00e9rieures pour des pelles hydrauliques de 14 \u00e0 22 tonnes. C&rsquo;est la solution ultime pour les entrepreneurs exigeant une fiabilit\u00e9 extr\u00eame et le respect des normes de s\u00e9curit\u00e9 les plus strictes en for\u00eat.&nbsp; &nbsp;<\/span><\/p>\n","protected":false},"featured_media":86664,"template":"","meta":{"_acf_changed":false,"_joinchat":[]},"product_brand":[583],"product_cat":[58],"product_tag":[],"translation_priority":[],"class_list":{"0":"post-4444","1":"product","2":"type-product","3":"status-publish","4":"has-post-thumbnail","6":"product_brand-westtech-fr","7":"product_cat-machine-fr","8":"pa_marca-westtech","9":"pa_tipo-tete-feller-a-scie","11":"first","12":"instock","13":"taxable","14":"shipping-taxable","15":"product-type-simple"},"acf":[],"_links":{"self":[{"href":"https:\/\/forestpioneer.es\/fr\/wp-json\/wp\/v2\/product\/4444","targetHints":{"allow":["GET"]}}],"collection":[{"href":"https:\/\/forestpioneer.es\/fr\/wp-json\/wp\/v2\/product"}],"about":[{"href":"https:\/\/forestpioneer.es\/fr\/wp-json\/wp\/v2\/types\/product"}],"wp:featuredmedia":[{"embeddable":true,"href":"https:\/\/forestpioneer.es\/fr\/wp-json\/wp\/v2\/media\/86664"}],"wp:attachment":[{"href":"https:\/\/forestpioneer.es\/fr\/wp-json\/wp\/v2\/media?parent=4444"}],"wp:term":[{"taxonomy":"product_brand","embeddable":true,"href":"https:\/\/forestpioneer.es\/fr\/wp-json\/wp\/v2\/product_brand?post=4444"},{"taxonomy":"product_cat","embeddable":true,"href":"https:\/\/forestpioneer.es\/fr\/wp-json\/wp\/v2\/product_cat?post=4444"},{"taxonomy":"product_tag","embeddable":true,"href":"https:\/\/forestpioneer.es\/fr\/wp-json\/wp\/v2\/product_tag?post=4444"},{"taxonomy":"translation_priority","embeddable":true,"href":"https:\/\/forestpioneer.es\/fr\/wp-json\/wp\/v2\/translation_priority?post=4444"}],"curies":[{"name":"wp","href":"https:\/\/api.w.org\/{rel}","templated":true}]}}