

{"id":4441,"date":"2025-02-18T08:54:39","date_gmt":"2025-02-18T07:54:39","guid":{"rendered":"https:\/\/forestpioneer.es\/producto\/264hvt\/"},"modified":"2026-01-09T16:14:21","modified_gmt":"2026-01-09T15:14:21","slug":"264hvt","status":"publish","type":"product","link":"https:\/\/forestpioneer.es\/fr\/produit\/264hvt\/","title":{"rendered":"Abatteuse &#8211; NEUSON FOREST 264 HVT"},"content":{"rendered":"<p><span data-sheets-root=\"1\" style=\"font-size: 10pt;font-family: Poppins, Arial\"><span style=\"font-size: 10pt;font-weight: bold\">Ing\u00e9nierie de Classe Sup\u00e9rieure : <\/span><span style=\"font-size: 10pt\">La 264HVT se situe au sommet de la gamme Neuson. Sa caract\u00e9ristique distinctive est le syst\u00e8me \u00e9prouv\u00e9 de correction de d\u00e9vers (Tilt), qui nivelle la cabine et la grue de 25\u00b0 vers l&rsquo;avant et +\/- 15\u00b0 lat\u00e9ralement. Ceci, ajout\u00e9 \u00e0 l&rsquo;option d&rsquo;auto-nivellement, permet de travailler avec une stabilit\u00e9 totale sur des terrains impraticables. Malgr\u00e9 sa puissance, elle conserve une conception \u00ab\u00a0Short Tail\u00a0\u00bb (rayon de giration arri\u00e8re r\u00e9duit), facilitant les man\u0153uvres dans les espaces confin\u00e9s sans endommager le peuplement r\u00e9siduel.<br \/><\/span><span style=\"font-size: 10pt;font-weight: bold\"><br \/>Puissance Brute et Rendement Hydraulique :<\/span><span style=\"font-size: 10pt\"> Le c\u0153ur de cette b\u00eate est un moteur John Deere 6090 C1550 Turbo-Diesel de 9,0 litres, g\u00e9n\u00e9rant 226 kW (303 CV). Ce groupe motopropulseur alimente une pompe Axko haute performance avec un d\u00e9bit impressionnant de 530 l\/min \u00e0 320 bars. Cela garantit que les plus grosses t\u00eates d&rsquo;abattage (comme l&rsquo;AFM 65 ou la Logmax 7000) fonctionnent \u00e0 leur vitesse d&rsquo;alimentation maximale simultan\u00e9ment avec les mouvements de la grue.<br \/><\/span><span style=\"font-size: 10pt;font-weight: bold\"><br \/>Traction et Port\u00e9e Extr\u00eame : <\/span><span style=\"font-size: 10pt\">Avec une force de traction de 263 kN, la 264HVT gravit des pentes de 60 % (30\u00b0) avec autorit\u00e9. Pour minimiser les d\u00e9placements de la machine et prot\u00e9ger le sol, elle offre des options de grue exceptionnelles, incluant la version FarReach (P145) qui procure une port\u00e9e record de 14,5 m\u00e8tres, permettant de traiter le bois \u00e9loign\u00e9 sans se d\u00e9placer.<\/p>\n<p><\/span><span style=\"font-size: 10pt;font-weight: bold\">Compatibilit\u00e9 des t\u00eates d&rsquo;abattage<br \/><\/span><span style=\"font-size: 10pt\">Gr\u00e2ce \u00e0 son d\u00e9bit \u00e9lev\u00e9 (530 l\/min) et sa puissance, elle est compatible avec la plus large gamme de t\u00eates du march\u00e9, des mod\u00e8les d&rsquo;\u00e9claircie aux unit\u00e9s de coupe rase :<\/span><\/span><\/p>\n<ul>\n<li><span data-sheets-root=\"1\" style=\"font-size: 10pt;font-family: Poppins, Arial\"><span style=\"font-size: 10pt\"><b>Logmax <\/b>: 5000V, 6000V, 7000C, 7000XT.<\/span><\/span><\/li>\n<li><span data-sheets-root=\"1\" style=\"font-size: 10pt;font-family: Poppins, Arial\"><span style=\"font-size: 10pt\"><b>AFM Forest<\/b> : AFM 55, AFM 65.<\/span><\/span><\/li>\n<li><span data-sheets-root=\"1\" style=\"font-size: 10pt;font-family: Poppins, Arial\"><span style=\"font-size: 10pt\"><b>Waratah <\/b>: H219, HTH618C III, H425, H425HD, H425X, H480C.<\/span><\/span><\/li>\n<li><span data-sheets-root=\"1\" style=\"font-size: 10pt;font-family: Poppins, Arial\"><span style=\"font-size: 10pt\"><b>Ponsse <\/b>: H6, H7, H8, H9.<\/span><\/span><\/li>\n<li><b>SP Maskiner<\/b> : 661 LF, 761 LF.<\/li>\n<\/ul>\n<p><span data-sheets-root=\"1\" style=\"font-size: 10pt;font-family: Poppins, Arial\"><span style=\"font-size: 10pt;font-weight: bold\"><br \/>Configuration sur mesure : Vous avez besoin d&rsquo;une configuration sp\u00e9cifique ? <\/span><span style=\"font-size: 10pt\">Contactez-nous pour un conseil personnalis\u00e9.<br \/>&#8212;&#8212;&#8212;&#8212;&#8212;&#8212;&#8212;&#8212;&nbsp;<br \/><\/span><span style=\"font-size: 10pt\"><b>Foire Aux Questions (FAQ)&nbsp;<\/b><\/p>\n<p><b><span style=\"font-family: Poppins\">1. Quelle est la diff\u00e9rence avec la 243HVT ?<\/span><\/b><\/span><span style=\"font-size: 10pt;font-weight: bold;font-family: Poppins\"> <\/span><span style=\"font-size: 10pt\">La principale diff\u00e9rence r\u00e9side dans le moteur et la capacit\u00e9 hydraulique. La 264HVT embarque un moteur de 9,0 litres et 303 CV (contre 6,8L et 250 CV pour la 243HVT) et offre un d\u00e9bit de 530 l\/min. C&rsquo;est la machine de choix lorsqu&rsquo;un surplus de puissance est n\u00e9cessaire pour mouvoir de tr\u00e8s grosses t\u00eates ou travailler dans des conditions extr\u00eames de coupe rase.<br \/><\/span><span style=\"font-size: 10pt;font-weight: bold\"><br \/>2. Quel avantage offre la grue de 14,5 m\u00e8tres ? <\/span><span style=\"font-size: 10pt\">L&rsquo;option de grue P145 (FarReach) permet d&rsquo;atteindre des arbres \u00e0 14,5 m\u00e8tres de distance avec un couple de levage brut de 300 kNm. Cela r\u00e9duit drastiquement la n\u00e9cessit\u00e9 de d\u00e9placer la machine, \u00e9conomisant du carburant et prot\u00e9geant le sol forestier en r\u00e9duisant les passages des chenilles.<br \/><\/span><span style=\"font-size: 10pt;font-weight: bold\"><br \/>3. Comment est l&rsquo;acc\u00e8s pour la maintenance ? <\/span><span style=\"font-size: 10pt\">Neuson priorise la facilit\u00e9 de service. La cabine et la plateforme de service basculent hydrauliquement, offrant un acc\u00e8s large et ergonomique \u00e0 tous les composants du moteur et des pompes, permettant d&rsquo;effectuer les r\u00e9visions debout et en toute s\u00e9curit\u00e9.<br \/><\/span><span style=\"font-size: 10pt;font-weight: bold\"><br \/>4. Est-elle compatible avec les syst\u00e8mes de contr\u00f4le intelligent ?<\/span><span style=\"font-size: 10pt\"> Oui, elle peut \u00eatre \u00e9quip\u00e9e du syst\u00e8me Smart Tip Handling (STH) et du contr\u00f4le XCrane de Technion. Cela permet \u00e0 l&rsquo;op\u00e9rateur de piloter le bout de la grue directement avec des mini-joysticks, rendant le maniement plus intuitif et moins fatigant.<br \/><\/span><span style=\"font-size: 10pt;font-weight: bold\"><br \/>5. Quelle est sa largeur de transport ? <\/span><span style=\"font-size: 10pt\">Bien qu&rsquo;\u00e9tant une machine de classe sup\u00e9rieure de 26 tonnes, elle conserve une largeur de transport de 2,95 m\u00e8tres et une hauteur minimale de 3,40 m\u00e8tres (selon configuration), ce qui facilite son transfert sur des porte-engins conventionnels.<\/span><\/span><\/p>\n","protected":false},"excerpt":{"rendered":"<p><span data-sheets-root=\"1\" style=\"font-size: 10pt;font-family: Poppins, Arial\"><span style=\"font-size: 10pt;font-weight: bold\">La Neuson Forest 264HVT est l&rsquo;abatteuse ultime pour l&rsquo;exploitation foresti\u00e8re sur pente extr\u00eame. <\/span><span style=\"font-size: 10pt\">\u00c9quip\u00e9e d&rsquo;un syst\u00e8me de nivellement de la cabine et de la grue jusqu&rsquo;\u00e0 25\u00b0 et d&rsquo;un moteur de 303 CV, cette machine offre une stabilit\u00e9 et une puissance hydraulique maximales pour alimenter des t\u00eates \u00e0 haut rendement sur les terrains les plus difficiles.<\/span><\/span><\/p>\n","protected":false},"featured_media":80919,"template":"","meta":{"_acf_changed":false,"_joinchat":[]},"product_brand":[567],"product_cat":[58],"product_tag":[],"translation_priority":[],"class_list":{"0":"post-4441","1":"product","2":"type-product","3":"status-publish","4":"has-post-thumbnail","6":"product_brand-neuson-fr","7":"product_cat-machine-fr","8":"pa_marca-neuson","9":"pa_tipo-abatteuse-sur-chenilles","11":"first","12":"instock","13":"taxable","14":"shipping-taxable","15":"product-type-simple"},"acf":[],"_links":{"self":[{"href":"https:\/\/forestpioneer.es\/fr\/wp-json\/wp\/v2\/product\/4441","targetHints":{"allow":["GET"]}}],"collection":[{"href":"https:\/\/forestpioneer.es\/fr\/wp-json\/wp\/v2\/product"}],"about":[{"href":"https:\/\/forestpioneer.es\/fr\/wp-json\/wp\/v2\/types\/product"}],"wp:featuredmedia":[{"embeddable":true,"href":"https:\/\/forestpioneer.es\/fr\/wp-json\/wp\/v2\/media\/80919"}],"wp:attachment":[{"href":"https:\/\/forestpioneer.es\/fr\/wp-json\/wp\/v2\/media?parent=4441"}],"wp:term":[{"taxonomy":"product_brand","embeddable":true,"href":"https:\/\/forestpioneer.es\/fr\/wp-json\/wp\/v2\/product_brand?post=4441"},{"taxonomy":"product_cat","embeddable":true,"href":"https:\/\/forestpioneer.es\/fr\/wp-json\/wp\/v2\/product_cat?post=4441"},{"taxonomy":"product_tag","embeddable":true,"href":"https:\/\/forestpioneer.es\/fr\/wp-json\/wp\/v2\/product_tag?post=4441"},{"taxonomy":"translation_priority","embeddable":true,"href":"https:\/\/forestpioneer.es\/fr\/wp-json\/wp\/v2\/translation_priority?post=4441"}],"curies":[{"name":"wp","href":"https:\/\/api.w.org\/{rel}","templated":true}]}}