

{"id":4339,"date":"2025-02-18T08:53:16","date_gmt":"2025-02-18T07:53:16","guid":{"rendered":"https:\/\/forestpioneer.es\/producto\/18c\/"},"modified":"2026-01-09T16:19:08","modified_gmt":"2026-01-09T15:19:08","slug":"18c","status":"publish","type":"product","link":"https:\/\/forestpioneer.es\/fr\/produit\/18c\/","title":{"rendered":"T\u00eate d\u2019abattage \u2013 Quadco 18C"},"content":{"rendered":"<p><span data-sheets-root=\"1\" style=\"font-size: 10pt;font-family: Poppins, Arial\"><span style=\"font-size: 10pt;font-weight: bold\">Ing\u00e9nierie et conception :<br \/><\/span><span style=\"font-size: 10pt\">Tour allong\u00e9e et Durabilit\u00e9 Le mod\u00e8le 18C se distingue par une ing\u00e9nierie ax\u00e9e sur le contr\u00f4le des f\u00fbts de grande taille. Les mod\u00e8les de la s\u00e9rie C permettent un meilleur effet de levier lors de la manipulation de bois hauts gr\u00e2ce \u00e0 une tour allong\u00e9e, assurant une stabilit\u00e9 sup\u00e9rieure. La structure b\u00e9n\u00e9ficie de bras en acier coul\u00e9 profil\u00e9s, plus solides et durables, con\u00e7us pour offrir un soutien maximal lors de l&rsquo;accumulation et r\u00e9sister aux impacts quotidiens en for\u00eat.<\/p>\n<p><\/span><span style=\"font-size: 10pt;font-weight: bold\">Alimentation et rendement :<br \/><\/span><span style=\"font-size: 10pt\">Accumulation \u00e0 haute vitesse La vitesse est la cl\u00e9 de ce mod\u00e8le. \u00c9quip\u00e9e d&rsquo;une g\u00e9om\u00e9trie de bras reli\u00e9s entre eux, la 18C permet une accumulation plus rapide des tiges. Son syst\u00e8me de coupe est propuls\u00e9 par un entra\u00eenement \u00e0 disque de haute fiabilit\u00e9, atteignant une vitesse nominale de 1 350 tr\/min pour des coupes nettes et rapides \u00e0 chaque cycle. De plus, le disque est guid\u00e9 par des roulements facilement r\u00e9glables, simplifiant la maintenance sur le terrain et prolongeant la dur\u00e9e de vie de l&rsquo;\u00e9quipement.<\/p>\n<p><\/span><span style=\"font-size: 10pt;font-weight: bold\">Qualit\u00e9 d&rsquo;abattage et polyvalence<br \/><\/span><span style=\"font-size: 10pt\">Avec une ouverture de gorge maximale de 762 mm et une zone d&rsquo;accumulation de 0,28 m\u00b2, cette t\u00eate est id\u00e9ale pour les \u00e9claircies et les coupes finales de diam\u00e8tres moyens. Elle peut \u00eatre configur\u00e9e avec des disques monoblocs ou segment\u00e9s, s&rsquo;adaptant parfaitement \u00e0 l&rsquo;abrasivit\u00e9 du terrain et au type de bois rencontr\u00e9.<\/p>\n<p><\/span><span style=\"font-size: 10pt;font-weight: bold\">Compatibilit\u00e9 de la flotte<br \/><\/span><span style=\"font-size: 10pt\">Cette t\u00eate est con\u00e7ue pour les porteurs n\u00e9cessitant un \u00e9quilibre optimal entre capacit\u00e9 d&rsquo;accumulation et poids contenu.<\/span><\/span><\/p>\n<ul>\n<li><span data-sheets-root=\"1\" style=\"font-size: 10pt;font-family: Poppins, Arial\"><span style=\"font-size: 10pt\">Machines de base : Abatteuses-empileuses (Feller Bunchers) et pelles foresti\u00e8res compatibles avec la charge.<\/span><\/span><\/li>\n<li><span data-sheets-root=\"1\" style=\"font-size: 10pt;font-family: Poppins, Arial\"><span style=\"font-size: 10pt\">Rotation : Disponible avec rotation de 40\u00b0 ou 360\u00b0 (couple moyen), s&rsquo;adaptant aux bases sur roues ou chenilles.<\/span><\/span><\/li>\n<li>Syst\u00e8me Hydraulique : Configuration efficace de v\u00e9rins individuels pour les bras de pr\u00e9hension et d&rsquo;accumulation.<\/li>\n<\/ul>\n<p><span data-sheets-root=\"1\" style=\"font-size: 10pt;font-family: Poppins, Arial\"><span style=\"font-size: 10pt;font-weight: bold\"><br \/>Vous avez besoin de confirmer si votre machine peut supporter cette t\u00eate ? <\/span><span style=\"font-size: 10pt\">Contactez-nous pour v\u00e9rifier les diagrammes de charge et le d\u00e9bit hydraulique requis.<br \/>&#8212;&#8212;&#8212;&#8212;&#8212;&#8212;&#8211;<br \/><\/span><span style=\"font-size: 10pt\"><b>FAQ &#8211; Questions Fr\u00e9quentes sur la Quadco 18C&nbsp;&nbsp;<\/b><b><br \/><\/b><\/span><\/span><\/p>\n<p><span data-sheets-root=\"1\" style=\"font-size: 10pt;font-family: Poppins, Arial\"><span style=\"font-size: 10pt\"><b>1. Quel est l&rsquo;avantage principal de la s\u00e9rie C de Quadco ?<\/b><\/span><span style=\"font-size: 10pt;font-weight: bold\"> <\/span><span style=\"font-size: 10pt\">L&rsquo;atout majeur est le design \u00e0 tour allong\u00e9e, qui offre un meilleur effet de levier (leverage). Cela permet de manipuler du bois haut et lourd avec un contr\u00f4le accru.<br \/><\/span><span style=\"font-size: 10pt;font-weight: bold\"><br \/>2. Quelle est la capacit\u00e9 d&rsquo;accumulation de la 18C ?<\/span><span style=\"font-size: 10pt\"> Elle dispose d&rsquo;une zone d&rsquo;accumulation de 0,28 m\u00b2, permettant de grouper plusieurs petites ou moyennes tiges avant de d\u00e9barder, optimisant ainsi les cycles de l&rsquo;abatteuse.<br \/><\/span><span style=\"font-size: 10pt;font-weight: bold\"><br \/>3. Quel entretien n\u00e9cessite le syst\u00e8me de disque ? <\/span><span style=\"font-size: 10pt\">Le syst\u00e8me est con\u00e7u pour \u00eatre ultra-fiable et dispose de roulements facilement r\u00e9glables, ce qui r\u00e9duit consid\u00e9rablement les temps d&rsquo;arr\u00eat technique en for\u00eat.<br \/><\/span><span style=\"font-size: 10pt;font-weight: bold\"><br \/>4. Est-elle compatible avec des disques \u00e0 dents fixes ou rotatives ? <\/span><span style=\"font-size: 10pt\">La 18C accepte aussi bien les disques monoblocs que segment\u00e9s, vous permettant de choisir la configuration de dents (18 au total) la mieux adapt\u00e9e \u00e0 l&rsquo;abrasivit\u00e9 de votre sol.<br \/><\/span><span style=\"font-size: 10pt;font-weight: bold\"><br \/>5. Quelle diff\u00e9rence entre la rotation 40\u00b0 et 360\u00b0 ? <\/span><span style=\"font-size: 10pt\">La rotation 360\u00b0 offre une polyvalence totale pour positionner la t\u00eate sans d\u00e9placer la machine (id\u00e9al pour les \u00e9claircies s\u00e9lectives), tandis que la 40\u00b0 est plus l\u00e9g\u00e8re et simple, souvent utilis\u00e9e pour les coupes rases.<\/span><\/span><\/p>\n","protected":false},"excerpt":{"rendered":"<p><span data-sheets-root=\"1\" style=\"font-size: 10pt;font-family: Poppins, Arial\"><span style=\"font-size: 10pt;font-weight: bold\">La Quadco 18C est une t\u00eate d\u2019abattage accumulatrice con\u00e7ue pour maximiser l&rsquo;effet de levier sur les grands bois gr\u00e2ce \u00e0 sa tour allong\u00e9e.<br \/><\/span><span style=\"font-size: 10pt\">Dot\u00e9e d&rsquo;une g\u00e9om\u00e9trie de bras reli\u00e9s pour une accumulation plus rapide et d&rsquo;une capacit\u00e9 de coupe de 457 mm (18&Prime;), c&rsquo;est un outil de haute efficacit\u00e9. Son poids op\u00e9rationnel, oscillant entre 2 141 kg et 2 263 kg, garantit stabilit\u00e9 et puissance pour les op\u00e9rations intensives.<\/span><\/span><\/p>\n","protected":false},"featured_media":4336,"template":"","meta":{"_acf_changed":false,"_joinchat":[]},"product_brand":[505],"product_cat":[58],"product_tag":[],"translation_priority":[],"class_list":{"0":"post-4339","1":"product","2":"type-product","3":"status-publish","4":"has-post-thumbnail","6":"product_brand-quadco-fr","7":"product_cat-machine-fr","8":"pa_marca-quadco","9":"pa_tipo-tete-feller-a-disque","11":"first","12":"instock","13":"taxable","14":"shipping-taxable","15":"product-type-simple"},"acf":[],"_links":{"self":[{"href":"https:\/\/forestpioneer.es\/fr\/wp-json\/wp\/v2\/product\/4339","targetHints":{"allow":["GET"]}}],"collection":[{"href":"https:\/\/forestpioneer.es\/fr\/wp-json\/wp\/v2\/product"}],"about":[{"href":"https:\/\/forestpioneer.es\/fr\/wp-json\/wp\/v2\/types\/product"}],"wp:featuredmedia":[{"embeddable":true,"href":"https:\/\/forestpioneer.es\/fr\/wp-json\/wp\/v2\/media\/4336"}],"wp:attachment":[{"href":"https:\/\/forestpioneer.es\/fr\/wp-json\/wp\/v2\/media?parent=4339"}],"wp:term":[{"taxonomy":"product_brand","embeddable":true,"href":"https:\/\/forestpioneer.es\/fr\/wp-json\/wp\/v2\/product_brand?post=4339"},{"taxonomy":"product_cat","embeddable":true,"href":"https:\/\/forestpioneer.es\/fr\/wp-json\/wp\/v2\/product_cat?post=4339"},{"taxonomy":"product_tag","embeddable":true,"href":"https:\/\/forestpioneer.es\/fr\/wp-json\/wp\/v2\/product_tag?post=4339"},{"taxonomy":"translation_priority","embeddable":true,"href":"https:\/\/forestpioneer.es\/fr\/wp-json\/wp\/v2\/translation_priority?post=4339"}],"curies":[{"name":"wp","href":"https:\/\/api.w.org\/{rel}","templated":true}]}}