

{"id":4267,"date":"2025-02-18T07:43:03","date_gmt":"2025-02-18T07:43:03","guid":{"rendered":"https:\/\/forestpioneer.es\/producto\/1600-4t\/"},"modified":"2025-02-18T07:43:03","modified_gmt":"2025-02-18T07:43:03","slug":"1600-4t","status":"publish","type":"product","link":"https:\/\/forestpioneer.es\/fr\/produit\/1600-4t\/","title":{"rendered":"1600-4T"},"content":{"rendered":"","protected":false},"excerpt":{"rendered":"<p>Grappin con\u00e7u pour \u00eatre mont\u00e9 sur Sennebogen 718E<br \/>Poids sans scie 610 Kg<br \/>Pression ouvrir\/ fermer 300 bar; tournant de 140 \u00e0 210 bars; tiltcylinder 180 bar<br \/>Max huile ouvrir \/ fermer 60 l\/min; tournant 40 l\/min; tilt 40 l\/min<br \/>Large 615 mm; max grappin ouverture 1600 mm; min diam\u00e8tre 70 mm<br \/>Manuel utilisateur en fran\u00e7ais, Livre de pi\u00e8ces d\u00e9tach\u00e9es, Garantie constructeur de pi\u00e8ces 1 an ou 1500 heures (premier terme atteint met fin \u00e0 la garantie), Certificat CE<\/p>\n","protected":false},"featured_media":4264,"template":"","meta":{"_acf_changed":false,"_joinchat":[]},"product_brand":[],"product_cat":[58],"product_tag":[],"translation_priority":[],"class_list":{"0":"post-4267","1":"product","2":"type-product","3":"status-publish","4":"has-post-thumbnail","6":"product_cat-machine-fr","7":"pa_tipo-tete-feller-a-scie","9":"first","10":"instock","11":"taxable","12":"shipping-taxable","13":"product-type-simple"},"acf":[],"_links":{"self":[{"href":"https:\/\/forestpioneer.es\/fr\/wp-json\/wp\/v2\/product\/4267","targetHints":{"allow":["GET"]}}],"collection":[{"href":"https:\/\/forestpioneer.es\/fr\/wp-json\/wp\/v2\/product"}],"about":[{"href":"https:\/\/forestpioneer.es\/fr\/wp-json\/wp\/v2\/types\/product"}],"wp:featuredmedia":[{"embeddable":true,"href":"https:\/\/forestpioneer.es\/fr\/wp-json\/wp\/v2\/media\/4264"}],"wp:attachment":[{"href":"https:\/\/forestpioneer.es\/fr\/wp-json\/wp\/v2\/media?parent=4267"}],"wp:term":[{"taxonomy":"product_brand","embeddable":true,"href":"https:\/\/forestpioneer.es\/fr\/wp-json\/wp\/v2\/product_brand?post=4267"},{"taxonomy":"product_cat","embeddable":true,"href":"https:\/\/forestpioneer.es\/fr\/wp-json\/wp\/v2\/product_cat?post=4267"},{"taxonomy":"product_tag","embeddable":true,"href":"https:\/\/forestpioneer.es\/fr\/wp-json\/wp\/v2\/product_tag?post=4267"},{"taxonomy":"translation_priority","embeddable":true,"href":"https:\/\/forestpioneer.es\/fr\/wp-json\/wp\/v2\/translation_priority?post=4267"}],"curies":[{"name":"wp","href":"https:\/\/api.w.org\/{rel}","templated":true}]}}