

{"id":4237,"date":"2025-02-18T07:42:53","date_gmt":"2025-02-18T07:42:53","guid":{"rendered":"https:\/\/forestpioneer.es\/producto\/sg900\/"},"modified":"2026-05-12T12:50:16","modified_gmt":"2026-05-12T10:50:16","slug":"sg900","status":"publish","type":"product","link":"https:\/\/forestpioneer.es\/fr\/produit\/sg900\/","title":{"rendered":"SG900"},"content":{"rendered":"","protected":false},"excerpt":{"rendered":"<p>Poids approx 680 Kg<\/p>\n<p>Poids unit\u00e9 de rotation 62 Kg (en option)<br \/>D\u00e9bit d&rsquo;huile requis disque 160 l\/min, montage sur pelle de 13-25 tonnes<br \/>Pression de travail disque 350 bar<br \/>D\u00e9bit d&rsquo;huile requis rotation 25 l\/min (en option)<br \/>Pression de travail rotation 170 bar (en option)<br \/>Longueur 1500 mm<br \/>Largeur 1000 mm<br \/>Hauteur 1200 mm<br \/>Moteur hydraulique 110 cm3<br \/>Diam\u00e8tre de la roue 900mm, changement rapide des 12 porte dents de coupe<br \/>Dents soud\u00e9 sur le porte-dents<br \/>Manuel utilisateur en fran\u00e7ais, Livre de pi\u00e8ces d\u00e9tach\u00e9es, Garantie constructeur de pi\u00e8ces 1 an ou 1500 heures (premier terme atteint met fin \u00e0 la garantie), Certificat CE<\/p>\n","protected":false},"featured_media":4234,"template":"","meta":{"_acf_changed":false,"_joinchat":[]},"product_brand":[581],"product_cat":[58],"product_tag":[],"translation_priority":[],"class_list":{"0":"post-4237","1":"product","2":"type-product","3":"status-publish","4":"has-post-thumbnail","6":"product_brand-vosch-fr","7":"product_cat-machine-fr","8":"pa_marca-vosch","9":"pa_tipo-rogneuse","11":"first","12":"instock","13":"taxable","14":"shipping-taxable","15":"product-type-simple"},"acf":[],"_links":{"self":[{"href":"https:\/\/forestpioneer.es\/fr\/wp-json\/wp\/v2\/product\/4237","targetHints":{"allow":["GET"]}}],"collection":[{"href":"https:\/\/forestpioneer.es\/fr\/wp-json\/wp\/v2\/product"}],"about":[{"href":"https:\/\/forestpioneer.es\/fr\/wp-json\/wp\/v2\/types\/product"}],"wp:featuredmedia":[{"embeddable":true,"href":"https:\/\/forestpioneer.es\/fr\/wp-json\/wp\/v2\/media\/4234"}],"wp:attachment":[{"href":"https:\/\/forestpioneer.es\/fr\/wp-json\/wp\/v2\/media?parent=4237"}],"wp:term":[{"taxonomy":"product_brand","embeddable":true,"href":"https:\/\/forestpioneer.es\/fr\/wp-json\/wp\/v2\/product_brand?post=4237"},{"taxonomy":"product_cat","embeddable":true,"href":"https:\/\/forestpioneer.es\/fr\/wp-json\/wp\/v2\/product_cat?post=4237"},{"taxonomy":"product_tag","embeddable":true,"href":"https:\/\/forestpioneer.es\/fr\/wp-json\/wp\/v2\/product_tag?post=4237"},{"taxonomy":"translation_priority","embeddable":true,"href":"https:\/\/forestpioneer.es\/fr\/wp-json\/wp\/v2\/translation_priority?post=4237"}],"curies":[{"name":"wp","href":"https:\/\/api.w.org\/{rel}","templated":true}]}}