

{"id":4138,"date":"2025-02-18T08:42:12","date_gmt":"2025-02-18T07:42:12","guid":{"rendered":"https:\/\/forestpioneer.es\/producto\/pt-175\/"},"modified":"2026-02-24T09:56:02","modified_gmt":"2026-02-24T08:56:02","slug":"pt-175","status":"publish","type":"product","link":"https:\/\/forestpioneer.es\/fr\/produit\/pt-175\/","title":{"rendered":"Broyeur forestier sur chenilles \u2013 FAE PT-175"},"content":{"rendered":"<p><span data-sheets-root=\"1\" style=\"font-size: 10pt;font-family: Poppins, Arial\"><span style=\"font-size: 10pt;font-weight: bold\">Ing\u00e9nierie et conception : <\/span><span style=\"font-size: 10pt\">Protection et durabilit\u00e9 extr\u00eame. Le PT-175 a \u00e9t\u00e9 forg\u00e9 pour r\u00e9sister aux conditions les plus s\u00e9v\u00e8res en for\u00eat. Sa structure int\u00e8gre un ch\u00e2ssis oscillant avec des composants Berco de type bulldozer et des cha\u00eenes lubrifi\u00e9es qui garantissent une dur\u00e9e de vie prolong\u00e9e et une traction sup\u00e9rieure. La cabine, certifi\u00e9e selon les normes ROPS\/FOPS\/OPS, offre un environnement de travail s\u00fbr et ergonomique, \u00e9quip\u00e9e de vitres en Lexan de 12 mm et d&rsquo;un si\u00e8ge haut de gamme avec suspension pneumatique et chauffage pour maximiser la productivit\u00e9 de l&rsquo;op\u00e9rateur lors de longues journ\u00e9es.&nbsp;&nbsp;<\/p>\n<p><\/span><span style=\"font-size: 10pt;font-weight: bold\">Performance et rendement :<\/span><span style=\"font-size: 10pt\"> Technologie CAT et puissance hydrostatique. Le c\u0153ur de cette machine est un moteur CAT C4.4 Acert turbo, conforme aux normes d&rsquo;\u00e9missions les plus strictes (Stage V). La puissance est g\u00e9r\u00e9e via un syst\u00e8me de double pompe de translation Danfoss de 60 cc et des moteurs Rexroth, atteignant une pression maximale de 420 bars pour un mouvement fluide sur tous les reliefs. La t\u00eate re\u00e7oit un d\u00e9bit optimis\u00e9 gr\u00e2ce \u00e0 une pompe d\u00e9di\u00e9e de 100 cc, garantissant que le broyeur maintienne son couple m\u00eame dans des densit\u00e9s de v\u00e9g\u00e9tation critiques.<br \/><\/span><span style=\"font-size: 10pt;font-weight: bold\"><br \/>Qualit\u00e9 de travail :<\/span><span style=\"font-size: 10pt\"> Le syst\u00e8me SONIC et polyvalence des outils. L&rsquo;efficacit\u00e9 du d\u00e9broussaillage est accrue gr\u00e2ce au syst\u00e8me Sonic, qui permet une communication intelligente entre le v\u00e9hicule et la t\u00eate pour \u00e9viter les bourrages et maintenir le r\u00e9gime de travail optimal. Que ce soit avec le broyeur forestier 140\/U pour des diam\u00e8tres allant jusqu&rsquo;\u00e0 250 mm ou la dessoucheuse 200\/SC pour les travaux en profondeur, le PT-175 garantit une finition professionnelle et une r\u00e9g\u00e9n\u00e9ration du terrain plus rapide.<\/p>\n<p><\/span><span style=\"font-size: 10pt;font-weight: bold\">Compatibilit\u00e9 de la flotte:<\/span><span style=\"font-size: 10pt\"><br \/><\/span><\/span><\/p>\n<ul>\n<li><span data-sheets-root=\"1\" style=\"font-size: 10pt;font-family: Poppins, Arial\"><span style=\"font-size: 10pt\">T\u00eates compatibles : Con\u00e7ues sp\u00e9cifiquement pour les mod\u00e8les 140\/U\/SONIC\/PT175 (broyeur forestier) et 200\/SC\/PT175 (dessoucheuse).<\/span><\/span><\/li>\n<li><span data-sheets-root=\"1\" style=\"font-size: 10pt;font-family: Poppins, Arial\"><span style=\"font-size: 10pt\">D\u00e9bit hydraulique : Pompe de travail de 100 cc avec une pression de 350 bars.<\/span><\/span><\/li>\n<li><span style=\"font-size: 10pt\">Capacit\u00e9 de travail : Id\u00e9al pour les masses foresti\u00e8res avec des diam\u00e8tres de broyage allant jusqu&rsquo;\u00e0 250 mm et des souches allant jusqu&rsquo;\u00e0 500 mm.<\/span><\/li>\n<\/ul>\n<p><span data-sheets-root=\"1\" style=\"font-size: 10pt;font-family: Poppins, Arial\"><span style=\"font-size: 10pt;font-weight: bold\"><br \/><span style=\"font-size: 10pt\">Adaptation personnalis\u00e9e : Vous avez besoin d&rsquo;une configuration sp\u00e9cifique ? <\/span><\/span><span style=\"font-size: 10pt\"><span style=\"font-size: 10pt\">Contactez-nous pour recevoir un conseil personnalis\u00e9.<\/span><br \/><span style=\"font-size: 10pt\">&#8212;&#8212;&#8212;&#8212;&#8212;&#8212;&#8212;&#8212;&#8211;<\/span><br \/><\/span><span style=\"font-size: 10pt\"><b><span style=\"font-size: 10pt\">Questions fr\u00e9quemment pos\u00e9es (FAQ) sur le PT-175&nbsp;&nbsp;<\/span><\/b><\/p>\n<p><b><span style=\"font-size: 10pt\">1. Quelle est la garantie offerte par le fabricant pour le PT-175 ?<\/span><\/b><\/span><span style=\"font-size: 10pt\"><span style=\"font-size: 10pt\"> La machine b\u00e9n\u00e9ficie d&rsquo;une garantie officielle de 1 500 heures ou un an (pi\u00e8ces et main-d&rsquo;\u0153uvre), au premier terme \u00e9chu.<\/span><br \/><\/span><span style=\"font-size: 10pt;font-weight: bold\"><br \/><span style=\"font-size: 10pt\">2. Une formation pour les op\u00e9rateurs est-elle incluse lors de l&rsquo;achat ? <\/span><\/span><span style=\"font-size: 10pt\"><span style=\"font-size: 10pt\">Oui, la livraison de la machine inclut une journ\u00e9e de formation technique pour le chauffeur sur l&rsquo;utilisation efficace et la maintenance pr\u00e9ventive.&nbsp; &nbsp;<\/span><br \/><\/span><span style=\"font-size: 10pt;font-weight: bold\"><br \/><span style=\"font-size: 10pt\">3. Est-il adapt\u00e9 aux travaux sur terrains tr\u00e8s meubles ou mar\u00e9cageux ?<\/span><\/span><span style=\"font-size: 10pt\"><span style=\"font-size: 10pt\"> Absolument. Gr\u00e2ce \u00e0 ses tuiles optionnelles de 700 mm, il offre une pression au sol de seulement 0,28 kg\/cm\u00b2, permettant une flottabilit\u00e9 l\u00e0 o\u00f9 d&rsquo;autres machines s&rsquo;arr\u00eateraient.<\/span><br \/><\/span><span style=\"font-size: 10pt;font-weight: bold\"><br \/><span style=\"font-size: 10pt\">4. Comment est facilit\u00e9e la maintenance quotidienne ?<\/span><\/span><span style=\"font-size: 10pt\"><span style=\"font-size: 10pt\"> L&rsquo;\u00e9quipement comprend un manuel d&rsquo;utilisation et un catalogue de pi\u00e8ces complet. De plus, des options comme le \u00ab\u00a0Pack de maintenance simplifi\u00e9e\u00a0\u00bb incluant des pompes de remplissage d&rsquo;huile et des feux de service sont disponibles.<\/span><br \/><\/span><span style=\"font-size: 10pt;font-weight: bold\"><br \/><span style=\"font-size: 10pt\">5. Quelle s\u00e9curit\u00e9 offre-t-il contre les projections de bois ?<\/span><\/span><span style=\"font-size: 10pt\"> La cabine b\u00e9n\u00e9ficie de la certification de s\u00e9curit\u00e9 OPS et de vitres en Lexan de 12 mm, sp\u00e9cifiquement con\u00e7ues pour r\u00e9sister aux impacts lors des travaux de broyage forestier.<\/span><\/span><\/p>\n","protected":false},"excerpt":{"rendered":"<p><span data-sheets-root=\"1\" style=\"font-size: 10pt;font-family: Poppins, Arial\"><span style=\"font-size: 10pt;font-weight: bold\">Le FAE PT-175 est un broyeur sur chenilles con\u00e7u pour l&rsquo;excellence dans la gestion foresti\u00e8re et le nettoyage de terrains difficiles.<br \/><\/span><span style=\"font-size: 10pt\">Avec une puissance brute de 173 ch et un syst\u00e8me hydrostatique avanc\u00e9, il allie une agilit\u00e9 exceptionnelle \u00e0 une force de broyage de premier ordre. Son design compact et sa tr\u00e8s faible pression au sol en font le partenaire id\u00e9al pour les travaux \u00e0 haut rendement en pente et sur sols d\u00e9licats.&nbsp;&nbsp;<\/span><\/span><\/p>\n","protected":false},"featured_media":4135,"template":"","meta":{"_acf_changed":false,"_joinchat":[]},"product_brand":[555],"product_cat":[58],"product_tag":[],"translation_priority":[],"class_list":{"0":"post-4138","1":"product","2":"type-product","3":"status-publish","4":"has-post-thumbnail","6":"product_brand-fae-fr","7":"product_cat-machine-fr","8":"pa_marca-fae","9":"pa_tipo-autobroyeur-sur-chenilles","11":"first","12":"instock","13":"taxable","14":"shipping-taxable","15":"product-type-simple"},"acf":[],"_links":{"self":[{"href":"https:\/\/forestpioneer.es\/fr\/wp-json\/wp\/v2\/product\/4138","targetHints":{"allow":["GET"]}}],"collection":[{"href":"https:\/\/forestpioneer.es\/fr\/wp-json\/wp\/v2\/product"}],"about":[{"href":"https:\/\/forestpioneer.es\/fr\/wp-json\/wp\/v2\/types\/product"}],"wp:featuredmedia":[{"embeddable":true,"href":"https:\/\/forestpioneer.es\/fr\/wp-json\/wp\/v2\/media\/4135"}],"wp:attachment":[{"href":"https:\/\/forestpioneer.es\/fr\/wp-json\/wp\/v2\/media?parent=4138"}],"wp:term":[{"taxonomy":"product_brand","embeddable":true,"href":"https:\/\/forestpioneer.es\/fr\/wp-json\/wp\/v2\/product_brand?post=4138"},{"taxonomy":"product_cat","embeddable":true,"href":"https:\/\/forestpioneer.es\/fr\/wp-json\/wp\/v2\/product_cat?post=4138"},{"taxonomy":"product_tag","embeddable":true,"href":"https:\/\/forestpioneer.es\/fr\/wp-json\/wp\/v2\/product_tag?post=4138"},{"taxonomy":"translation_priority","embeddable":true,"href":"https:\/\/forestpioneer.es\/fr\/wp-json\/wp\/v2\/translation_priority?post=4138"}],"curies":[{"name":"wp","href":"https:\/\/api.w.org\/{rel}","templated":true}]}}