

{"id":4069,"date":"2025-02-18T07:39:24","date_gmt":"2025-02-18T07:39:24","guid":{"rendered":"https:\/\/forestpioneer.es\/producto\/1600-7t-hd\/"},"modified":"2025-02-18T07:39:24","modified_gmt":"2025-02-18T07:39:24","slug":"1600-7t-hd","status":"publish","type":"product","link":"https:\/\/forestpioneer.es\/fr\/produit\/1600-7t-hd\/","title":{"rendered":"1600-7T HD"},"content":{"rendered":"","protected":false},"excerpt":{"rendered":"<p>Machine de base recommand\u00e9e pelle TP 10-16 ton&nbsp;<br \/>Poids du grappin uniquement sans attache ni unit\u00e9 de scie 660 kg<br \/>Pressions de travail des bras 300 bar<br \/>D\u00e9bit requis pour les bras du grappin 40 l\/min<br \/>Pression de travail rotation 140-210 bar<br \/>D\u00e9bit requis rotation 12-40 l\/min<br \/>Largeur grappin 760 mm<br \/>Hauteur 1120 mm<br \/>Diam\u00e8tre minimum de fermeture \u00d8 50 mm&nbsp;<br \/>Ouverture maximum grappin 1520 mm<br \/>Force de fermeture 27 kN<br \/>4 moteurs de rotation HD avec clapet s\u00e9curit\u00e9 principal 220 bar<br \/>Manuel utilisateur en fran\u00e7ais<br \/>Livre de pi\u00e8ces d\u00e9tach\u00e9es<br \/>Garantie constructeur pi\u00e8ces 1 an ou 1500 heures (premier terme atteint)<br \/>Certificat CE<\/p>\n","protected":false},"featured_media":4066,"template":"","meta":{"_acf_changed":false,"_joinchat":[]},"product_brand":[],"product_cat":[58],"product_tag":[],"translation_priority":[],"class_list":{"0":"post-4069","1":"product","2":"type-product","3":"status-publish","4":"has-post-thumbnail","6":"product_cat-machine-fr","7":"pa_tipo-tete-feller-a-scie","9":"first","10":"instock","11":"taxable","12":"shipping-taxable","13":"product-type-simple"},"acf":[],"_links":{"self":[{"href":"https:\/\/forestpioneer.es\/fr\/wp-json\/wp\/v2\/product\/4069","targetHints":{"allow":["GET"]}}],"collection":[{"href":"https:\/\/forestpioneer.es\/fr\/wp-json\/wp\/v2\/product"}],"about":[{"href":"https:\/\/forestpioneer.es\/fr\/wp-json\/wp\/v2\/types\/product"}],"wp:featuredmedia":[{"embeddable":true,"href":"https:\/\/forestpioneer.es\/fr\/wp-json\/wp\/v2\/media\/4066"}],"wp:attachment":[{"href":"https:\/\/forestpioneer.es\/fr\/wp-json\/wp\/v2\/media?parent=4069"}],"wp:term":[{"taxonomy":"product_brand","embeddable":true,"href":"https:\/\/forestpioneer.es\/fr\/wp-json\/wp\/v2\/product_brand?post=4069"},{"taxonomy":"product_cat","embeddable":true,"href":"https:\/\/forestpioneer.es\/fr\/wp-json\/wp\/v2\/product_cat?post=4069"},{"taxonomy":"product_tag","embeddable":true,"href":"https:\/\/forestpioneer.es\/fr\/wp-json\/wp\/v2\/product_tag?post=4069"},{"taxonomy":"translation_priority","embeddable":true,"href":"https:\/\/forestpioneer.es\/fr\/wp-json\/wp\/v2\/translation_priority?post=4069"}],"curies":[{"name":"wp","href":"https:\/\/api.w.org\/{rel}","templated":true}]}}