

{"id":4048,"date":"2025-02-18T08:39:11","date_gmt":"2025-02-18T07:39:11","guid":{"rendered":"https:\/\/forestpioneer.es\/producto\/g1650\/"},"modified":"2026-05-11T08:37:58","modified_gmt":"2026-05-11T06:37:58","slug":"g1650","status":"publish","type":"product","link":"https:\/\/forestpioneer.es\/fr\/produit\/g1650\/","title":{"rendered":"R\u00e2teau Forestier \u2013 Woodcracker G1650 WESTTECH"},"content":{"rendered":"<p><span data-sheets-root=\"1\" style=\"font-size: 10pt;font-family: Poppins, Arial\"><b>Ing\u00e9nierie et conception :<\/b> R\u00e9sistance extr\u00eame pour le d\u00e9broussaillage professionnel <br \/>Fid\u00e8le \u00e0 la philosophie de \u00ab l&rsquo;ing\u00e9nierie pour la for\u00eat \u00bb, le Woodcracker G1650 est enti\u00e8rement fabriqu\u00e9 en acier Hardox\u00ae haute r\u00e9sistance. Toute sa structure b\u00e9n\u00e9ficie d\u2019un traitement de surface par cataphor\u00e8se (KTL) et d&rsquo;un rev\u00eatement par poudre, garantissant une protection sup\u00e9rieure contre la corrosion dans les environnements humides. La conception ergonomique de ses dents permet une p\u00e9n\u00e9tration optimale dans le sol avec une usure minimale.&nbsp;&nbsp;<br \/><b><br \/>Performance et manipulation :<\/b> Volume de collecte \u00e9lev\u00e9<br \/>Gr\u00e2ce \u00e0 sa forme optimis\u00e9e et \u00e0 l&rsquo;utilisation d&rsquo;un levier coud\u00e9, le G1650 offre une amplitude de mouvement exceptionnelle, permettant de saisir et de manipuler des volumes massifs de mat\u00e9riaux \u00e0 chaque cycle. Les dents du grappin s&rsquo;adaptent individuellement au mat\u00e9riau collect\u00e9, assurant un maintien ferme des branches fines comme des souches. Le syst\u00e8me est con\u00e7u pour fonctionner avec des d\u00e9bits hydrauliques de 50 \u00e0 90 l\/min, s&rsquo;int\u00e9grant parfaitement \u00e0 la puissance de la machine porteuse.<br \/><b><br \/>Polyvalence et finition :<\/b> Des options pour chaque terrain <br \/>Le r\u00e2teau G1650 se distingue par sa modularit\u00e9. Il peut \u00eatre \u00e9quip\u00e9 en option d&rsquo;un r\u00e2teau fin (fine rake), id\u00e9al pour un nettoyage du sol exhaustif et \u00e9tendu apr\u00e8s le d\u00e9bardage du bois. De plus, pour des travaux sp\u00e9cifiques de manipulation de mat\u00e9riaux, l&rsquo;\u00e9quipement est disponible en versions avec ou sans doigts de pr\u00e9hension, s&rsquo;adaptant ainsi aux besoins pr\u00e9cis de chaque entrepreneur forestier.<\/span><\/p>\n<p><b>Compatibilit\u00e9 de flotte<\/b><\/p>\n<ul>\n<li><span data-sheets-root=\"1\" style=\"font-size: 10pt;font-family: Poppins, Arial\">Machine porteuse : Pelles sur chenilles ou sur pneus et chargeuses de grande taille.<\/span><\/li>\n<li><span data-sheets-root=\"1\" style=\"font-size: 10pt;font-family: Poppins, Arial\">Poids du porteur : Recommand\u00e9 pour des v\u00e9hicules entre 20 et 25 tonnes.<\/span><\/li>\n<\/ul>\n<p><span data-sheets-root=\"1\" style=\"font-size: 10pt;font-family: Poppins, Arial\"><b>Exigences hydrauliques :<\/b><\/span><\/p>\n<ul>\n<li><span data-sheets-root=\"1\" style=\"font-size: 10pt;font-family: Poppins, Arial\">D\u00e9bit de pompe recommand\u00e9 : 50 \u2013 90 l\/min.<\/span><\/li>\n<li><span data-sheets-root=\"1\" style=\"font-size: 10pt;font-family: Poppins, Arial\">Pression de service recommand\u00e9e : 200 \u2013 250 bar.<\/span><\/li>\n<\/ul>\n<p><span data-sheets-root=\"1\" style=\"font-size: 10pt;font-family: Poppins, Arial\"><b>Besoin d&rsquo;une configuration sp\u00e9cifique ?<\/b> Nous \u00e9tudions l&rsquo;adaptation de chaque t\u00eate ou \u00e9quipement pour optimiser votre production.<br \/>&#8212;&#8212;&#8212;&#8212;&#8212;&#8212;&#8212;&#8212;&#8212;&#8212;&#8212;&#8212;&#8212;-<br \/><\/span><\/p>\n<p><font face=\"Poppins, Arial\"><span style=\"font-size: 13.3333px\"><b>Foire Aux Questions (FAQ)<\/b><\/span><\/font><\/p>\n<p><span data-sheets-root=\"1\" style=\"font-size: 10pt;font-family: Poppins, Arial\"><b>&nbsp;&nbsp;<br \/>1. Quels types de mat\u00e9riaux le G1650 peut-il collecter ?<\/b> Il est id\u00e9al pour collecter les r\u00e9manents, les branches, les petites souches et la biomasse sur de vastes surfaces foresti\u00e8res.<br \/><b><br \/>2. Comment les dents se comportent-elles face \u00e0 des mat\u00e9riaux irr\u00e9guliers ? <\/b>Les dents du grappin disposent d&rsquo;un contr\u00f4le sp\u00e9cial qui leur permet de s&rsquo;adapter individuellement \u00e0 la forme du mat\u00e9riau, garantissant une prise s\u00e9curis\u00e9e \u00e0 tout moment.<br \/><b><br \/>3. Ce r\u00e2teau n\u00e9cessite-t-il beaucoup d&rsquo;entretien ?<\/b> Non, le Woodcracker G1650 est con\u00e7u pour une maintenance r\u00e9duite et une faible usure, gr\u00e2ce \u00e0 l&rsquo;utilisation intensive d&rsquo;acier Hardox\u00ae et de composants haute durabilit\u00e9.<br \/><b><br \/>4. Puis-je l&rsquo;utiliser pour nettoyer le sol des pierres et d\u00e9bris fins ?<\/b> Oui, en installant l&rsquo;accessoire r\u00e2teau fin optionnel, vous pouvez r\u00e9aliser un nettoyage profond du sol forestier de mani\u00e8re rapide et simple.<br \/><b><br \/>5. Est-il compatible avec ma pelle de 22 tonnes ?<\/b> Absolument. Le G1650 est optimis\u00e9 pr\u00e9cis\u00e9ment pour des machines porteuses entre 20 et 25 tonnes, exploitant ainsi pleinement leur puissance hydraulique.<\/span><\/p>\n","protected":false},"excerpt":{"rendered":"<p><span data-sheets-root=\"1\" style=\"font-size: 10pt;font-family: Poppins, Arial\"><span style=\"font-size: 10pt;font-weight: bold\">Le Woodcracker G1650 est le r\u00e2teau collecteur le plus robuste et le plus puissant de la s\u00e9rie G, con\u00e7u pour des pelles hydrauliques de 20 \u00e0 25 tonnes.<br \/><\/span><span style=\"font-size: 10pt\">Avec une largeur de travail de 1 650 mm et une structure massive en acier Hardox\u00ae, il offre une capacit\u00e9 de charge exceptionnelle pour la r\u00e9colte de biomasse et le d\u00e9frichement de grandes surfaces foresti\u00e8res.<\/span><\/span><\/p>\n","protected":false},"featured_media":86000,"template":"","meta":{"_acf_changed":false,"_joinchat":[]},"product_brand":[583],"product_cat":[58],"product_tag":[],"translation_priority":[],"class_list":{"0":"post-4048","1":"product","2":"type-product","3":"status-publish","4":"has-post-thumbnail","6":"product_brand-westtech-fr","7":"product_cat-machine-fr","8":"pa_marca-westtech","9":"pa_tipo-rogneuse","11":"first","12":"instock","13":"taxable","14":"shipping-taxable","15":"product-type-simple"},"acf":[],"_links":{"self":[{"href":"https:\/\/forestpioneer.es\/fr\/wp-json\/wp\/v2\/product\/4048","targetHints":{"allow":["GET"]}}],"collection":[{"href":"https:\/\/forestpioneer.es\/fr\/wp-json\/wp\/v2\/product"}],"about":[{"href":"https:\/\/forestpioneer.es\/fr\/wp-json\/wp\/v2\/types\/product"}],"wp:featuredmedia":[{"embeddable":true,"href":"https:\/\/forestpioneer.es\/fr\/wp-json\/wp\/v2\/media\/86000"}],"wp:attachment":[{"href":"https:\/\/forestpioneer.es\/fr\/wp-json\/wp\/v2\/media?parent=4048"}],"wp:term":[{"taxonomy":"product_brand","embeddable":true,"href":"https:\/\/forestpioneer.es\/fr\/wp-json\/wp\/v2\/product_brand?post=4048"},{"taxonomy":"product_cat","embeddable":true,"href":"https:\/\/forestpioneer.es\/fr\/wp-json\/wp\/v2\/product_cat?post=4048"},{"taxonomy":"product_tag","embeddable":true,"href":"https:\/\/forestpioneer.es\/fr\/wp-json\/wp\/v2\/product_tag?post=4048"},{"taxonomy":"translation_priority","embeddable":true,"href":"https:\/\/forestpioneer.es\/fr\/wp-json\/wp\/v2\/translation_priority?post=4048"}],"curies":[{"name":"wp","href":"https:\/\/api.w.org\/{rel}","templated":true}]}}