

{"id":4045,"date":"2025-02-18T08:39:06","date_gmt":"2025-02-18T07:39:06","guid":{"rendered":"https:\/\/forestpioneer.es\/producto\/l540\/"},"modified":"2026-02-09T10:29:29","modified_gmt":"2026-02-09T09:29:29","slug":"l540","status":"publish","type":"product","link":"https:\/\/forestpioneer.es\/fr\/produit\/l540\/","title":{"rendered":"Fendeuse de b\u00fbches \u2013 Woodcracker L540 Ecoline"},"content":{"rendered":"<p><span data-sheets-root=\"1\" style=\"font-size: 10pt;font-family: Poppins, Arial\"><b>Ing\u00e9nierie et conception : <\/b>Efficacit\u00e9 au ras du sol&nbsp;&nbsp;<br \/>Fid\u00e8le \u00e0 la philosophie de \u00ab l&rsquo;ing\u00e9nierie pour la for\u00eat \u00bb, la Woodcracker L540 se distingue par son design plat, sp\u00e9cifiquement d\u00e9velopp\u00e9 pour permettre des travaux extr\u00eamement proches du sol. Elle est enti\u00e8rement fabriqu\u00e9e en acier Hardox\u00ae haute r\u00e9sistance et \u00e9quip\u00e9e de paliers \u00e0 bagues de haute qualit\u00e9 (Premium pin bearings), garantissant une longue dur\u00e9e de vie et une r\u00e9sistance exceptionnelle \u00e0 l&rsquo;usure m\u00e9canique. Pour r\u00e9sister aux conditions humides, toute la structure b\u00e9n\u00e9ficie d&rsquo;un traitement de surface par cataphor\u00e8se (KTL) et d&rsquo;un rev\u00eatement par poudre anticorrosion.&nbsp;&nbsp;<br \/><b><br \/>Performance et rendement : <\/b>Puissance compacte <br \/>La L540 Ecoline offre une ouverture de pince de 540 mm, permettant d&rsquo;attaquer des billons avec une force de fendage allant jusqu&rsquo;\u00e0 14 tonnes. Son syst\u00e8me hydraulique est optimis\u00e9 pour fonctionner avec de faibles d\u00e9bits (25-60 l\/min), facilitant son int\u00e9gration sur une grande vari\u00e9t\u00e9 de machines porteuses sans compromettre la vitesse du cycle de travail. Gr\u00e2ce \u00e0 sa conception intelligente, elle n\u00e9cessite tr\u00e8s peu de force de la part de l&rsquo;engin porteur pour diviser m\u00eame les bois les plus r\u00e9sistants.<br \/><b><br \/>Qualit\u00e9 de la biomasse et polyvalence :<\/b> L&rsquo;outil multit\u00e2che <br \/>Le pr\u00e9-fendage avec la L540 permet un processus de s\u00e9chage naturel du bois, ce qui augmente consid\u00e9rablement la qualit\u00e9 de la biomasse et son rendement \u00e9nerg\u00e9tique final. En plus de sa fonction principale, sa robustesse permet de l&rsquo;utiliser comme un grappin de chargement conventionnel, permettant de fendre, d&rsquo;organiser et d&rsquo;alimenter les d\u00e9chiqueteuses sans changer d&rsquo;\u00e9quipement.<\/p>\n<p><b>Compatibilit\u00e9 de flotte<\/b><\/span><\/p>\n<ul>\n<li><span data-sheets-root=\"1\" style=\"font-size: 10pt;font-family: Poppins, Arial\">Machines porteuses : Mini-pelles, remorques foresti\u00e8res, grues \u00e0 bois et chargeuses agricoles.<\/span><\/li>\n<li><span data-sheets-root=\"1\" style=\"font-size: 10pt;font-family: Poppins, Arial\">Polyvalence de montage : Disponible pour montage sur pelle ou installations sur remorques et grues.<\/span><\/li>\n<\/ul>\n<p><span data-sheets-root=\"1\" style=\"font-size: 10pt;font-family: Poppins, Arial\"><b>Exigences hydrauliques :<\/b><\/span><\/p>\n<ul>\n<li><span data-sheets-root=\"1\" style=\"font-size: 10pt;font-family: Poppins, Arial\">D\u00e9bit de pompe recommand\u00e9 : 25 \u2013 60 l\/min.<\/span><\/li>\n<li><span data-sheets-root=\"1\" style=\"font-size: 10pt;font-family: Poppins, Arial\">Pression de service recommand\u00e9e : 180 \u2013 240 bar.<\/span><\/li>\n<\/ul>\n<p><span data-sheets-root=\"1\" style=\"font-size: 10pt;font-family: Poppins, Arial\"><b>Besoin d&rsquo;une configuration sp\u00e9cifique ? <\/b>Nous \u00e9tudions l&rsquo;adaptation de chaque t\u00eate ou \u00e9quipement pour optimiser votre production.<br \/>&#8212;&#8212;&#8212;&#8212;&#8212;&#8212;&#8212;&#8212;&#8212;&#8212;&#8212;&#8212;&#8212;&#8212;&#8212;&#8212;&#8211;<br \/><b>Questions Fr\u00e9quemment Pos\u00e9es (FAQ)<br \/><\/b><br \/><b>1. Quelle garantie offre le fabricant ?<\/b> La Woodcracker L540 Ecoline b\u00e9n\u00e9ficie d&rsquo;une garantie constructeur de 1500 heures ou 1 an sur les pi\u00e8ces (au premier terme \u00e9chu), s\u00e9curisant ainsi votre investissement sur le terrain.<br \/><b><br \/>2. La documentation est-elle disponible en fran\u00e7ais ?<\/b> Oui, l&rsquo;\u00e9quipement est livr\u00e9 avec le certificat CE, le manuel d&rsquo;utilisation en fran\u00e7ais et le catalogue de pi\u00e8ces d\u00e9tach\u00e9es avec toutes les r\u00e9f\u00e9rences techniques pour faciliter la maintenance.<br \/><b><br \/>3. Puis-je l&rsquo;utiliser pour charger des grumes en plus de les fendre ?<\/b> Tout \u00e0 fait. Gr\u00e2ce \u00e0 sa conception, elle peut fonctionner parfaitement comme un grappin de chargement (gripper), permettant de fendre et de charger le bois en une seule op\u00e9ration sans changer d&rsquo;outil.&nbsp;&nbsp;<br \/><b><br \/>4. Comment l&rsquo;utilisation de cette fendeuse am\u00e9liore-t-elle la biomasse ? <\/b>Le fendage pr\u00e9alable expose l&rsquo;int\u00e9rieur du tronc \u00e0 l&rsquo;air, facilitant un s\u00e9chage naturel beaucoup plus rapide. Cela r\u00e9duit l&rsquo;humidit\u00e9, \u00e9vite la d\u00e9gradation et augmente consid\u00e9rablement la valeur \u00e9nerg\u00e9tique des plaquettes foresti\u00e8res finales.<br \/><b><br \/>5. L&rsquo;installation sur ma mini-pelle est-elle difficile ?<\/b> Pas du tout. La conception est Plug-and-play, ce qui permet une connexion hydraulique et m\u00e9canique rapide et simple pour que vous puissiez commencer \u00e0 travailler imm\u00e9diatement.<\/span><\/p>\n","protected":false},"excerpt":{"rendered":"<p><span data-sheets-root=\"1\" style=\"font-size: 10pt;font-family: Poppins, Arial\"><span style=\"font-size: 10pt;font-weight: bold\">La Woodcracker L540 Ecoline est la fendeuse la plus compacte et polyvalente de la s\u00e9rie L, con\u00e7ue pour traiter des grumes \u00e9paisses avec une agilit\u00e9 maximale sur des machines porteuses l\u00e9g\u00e8res.<br \/><\/span><span style=\"font-size: 10pt\">Avec un poids de seulement 195 kg et une force de fendage allant jusqu&rsquo;\u00e0 14 tonnes, cet \u00e9quipement en acier Hardox\u00ae permet de fendre et de charger le bois en une seule op\u00e9ration, optimisant la production de biomasse d\u00e8s la premi\u00e8re coupe.<\/span><\/span><\/p>\n","protected":false},"featured_media":87207,"template":"","meta":{"_acf_changed":false,"_joinchat":[]},"product_brand":[583],"product_cat":[58],"product_tag":[],"translation_priority":[],"class_list":{"0":"post-4045","1":"product","2":"type-product","3":"status-publish","4":"has-post-thumbnail","6":"product_brand-westtech-fr","7":"product_cat-machine-fr","8":"pa_marca-westtech","9":"pa_tipo-pince-fendeuse","11":"first","12":"instock","13":"taxable","14":"shipping-taxable","15":"product-type-simple"},"acf":[],"_links":{"self":[{"href":"https:\/\/forestpioneer.es\/fr\/wp-json\/wp\/v2\/product\/4045","targetHints":{"allow":["GET"]}}],"collection":[{"href":"https:\/\/forestpioneer.es\/fr\/wp-json\/wp\/v2\/product"}],"about":[{"href":"https:\/\/forestpioneer.es\/fr\/wp-json\/wp\/v2\/types\/product"}],"wp:featuredmedia":[{"embeddable":true,"href":"https:\/\/forestpioneer.es\/fr\/wp-json\/wp\/v2\/media\/87207"}],"wp:attachment":[{"href":"https:\/\/forestpioneer.es\/fr\/wp-json\/wp\/v2\/media?parent=4045"}],"wp:term":[{"taxonomy":"product_brand","embeddable":true,"href":"https:\/\/forestpioneer.es\/fr\/wp-json\/wp\/v2\/product_brand?post=4045"},{"taxonomy":"product_cat","embeddable":true,"href":"https:\/\/forestpioneer.es\/fr\/wp-json\/wp\/v2\/product_cat?post=4045"},{"taxonomy":"product_tag","embeddable":true,"href":"https:\/\/forestpioneer.es\/fr\/wp-json\/wp\/v2\/product_tag?post=4045"},{"taxonomy":"translation_priority","embeddable":true,"href":"https:\/\/forestpioneer.es\/fr\/wp-json\/wp\/v2\/translation_priority?post=4045"}],"curies":[{"name":"wp","href":"https:\/\/api.w.org\/{rel}","templated":true}]}}