

{"id":4042,"date":"2025-02-18T08:39:02","date_gmt":"2025-02-18T07:39:02","guid":{"rendered":"https:\/\/forestpioneer.es\/producto\/l920\/"},"modified":"2026-02-06T08:10:15","modified_gmt":"2026-02-06T07:10:15","slug":"l920","status":"publish","type":"product","link":"https:\/\/forestpioneer.es\/fr\/produit\/l920\/","title":{"rendered":"Fendeuse de b\u00fbches \u2013 Woodcracker L920"},"content":{"rendered":"<p><span data-sheets-root=\"1\" style=\"font-size: 10pt;font-family: Poppins, Arial\"><b><span style=\"font-size: 12px\">Ing\u00e9nierie et conception <\/span><\/b><span style=\"font-size: 12px\">: Performance au ras du sol <\/span><br \/><span style=\"font-size: 12px\">Fid\u00e8le \u00e0 la philosophie de \u00ab l&rsquo;ing\u00e9nierie pour la for\u00eat \u00bb, la Woodcracker L920 pr\u00e9sente un design plat sp\u00e9cifiquement d\u00e9velopp\u00e9 pour permettre des travaux extr\u00eamement proches du sol. Elle est enti\u00e8rement fabriqu\u00e9e en acier Hardox\u00ae haute r\u00e9sistance, garantissant une durabilit\u00e9 exceptionnelle face \u00e0 l&rsquo;usure m\u00e9canique s\u00e9v\u00e8re. Pour r\u00e9sister aux conditions humides, toute la structure b\u00e9n\u00e9ficie d&rsquo;un traitement de surface par cataphor\u00e8se (KTL) et d&rsquo;un rev\u00eatement par poudre anticorrosion.&nbsp;&nbsp;<\/span><\/p>\n<p><b><span style=\"font-size: 12px\">Performance et rendement<\/span><\/b><span style=\"font-size: 12px\"> : Puissance avec de faibles exigences <\/span><br \/><span style=\"font-size: 12px\">La L920 se distingue par son faible besoin en puissance, permettant de diviser m\u00eame les grumes les plus \u00e9paisses et r\u00e9sistantes avec des machines porteuses de taille contenue. Elle int\u00e8gre des paliers \u00e0 bagues de haute qualit\u00e9 (Premium pin bearings) qui assurent un fonctionnement fluide et minimisent les besoins de maintenance. Sa technologie \u00e9prouv\u00e9e permet des cycles de travail rapides, optimisant la rentabilit\u00e9 sur le chantier.<\/span><\/p>\n<p><b><span style=\"font-size: 12px\">Qualit\u00e9 de la biomasse et polyvalence <\/span><\/b><span style=\"font-size: 12px\">: La multifonction professionnelle <\/span><br \/><span style=\"font-size: 12px\">Le pr\u00e9-fendage avec la L920 permet un processus de s\u00e9chage naturel du bois, ce qui augmente consid\u00e9rablement la qualit\u00e9 de la biomasse et son rendement \u00e9nerg\u00e9tique final. Gr\u00e2ce \u00e0 sa conception intelligente, cet \u00e9quipement peut \u00e9galement \u00eatre utilis\u00e9 comme un grappin de chargement, permettant de fendre et de charger les billons en une seule op\u00e9ration sans changer d&rsquo;outil, ce qui repr\u00e9sente une \u00e9conomie de co\u00fbts op\u00e9rationnels in\u00e9gal\u00e9e.<\/span><\/p>\n<p><b><span style=\"font-size: 12px\">Compatibilit\u00e9 de flotte<\/span><\/b><\/span><\/p>\n<ul>\n<li><span data-sheets-root=\"1\" style=\"font-size: 12px;font-family: Poppins, Arial\">Machines porteuses : Pelles hydrauliques, remorques foresti\u00e8res, grues \u00e0 bois, d\u00e9chiqueteuses et chargeuses agricoles.<\/span><\/li>\n<li><span data-sheets-root=\"1\" style=\"font-size: 12px;font-family: Poppins, Arial\">Polyvalence de montage : Disponible en versions pour montage sur pelle ou installations semi-stationnaires sur remorques et grues.<\/span><\/li>\n<\/ul>\n<p><span data-sheets-root=\"1\" style=\"font-size: 12px;font-family: Poppins, Arial\"><b>Exigences hydrauliques :<\/b><\/span><\/p>\n<ul>\n<li><span data-sheets-root=\"1\" style=\"font-size: 12px;font-family: Poppins, Arial\">D\u00e9bit de pompe recommand\u00e9 : 25 \u2013 60 l\/min.<\/span><\/li>\n<li><span data-sheets-root=\"1\" style=\"font-size: 12px;font-family: Poppins, Arial\">Pression de service recommand\u00e9e : 180 \u2013 240 bar.<\/span><\/li>\n<\/ul>\n<p><span data-sheets-root=\"1\" style=\"font-size: 10pt;font-family: Poppins, Arial\"><b><span style=\"font-size: 12px\">Besoin d&rsquo;une configuration sp\u00e9cifique ? <\/span><\/b><span style=\"font-size: 12px\">Nous \u00e9tudions l&rsquo;adaptation de chaque t\u00eate ou \u00e9quipement pour optimiser votre production.<\/span><\/span><\/p>\n<p><span data-sheets-root=\"1\" style=\"font-size: 10pt;font-family: Poppins, Arial\"><b><span style=\"font-size: 12px\">&#8212;&#8212;&#8212;&#8212;&#8212;&#8212;&#8212;&#8212;&#8212;&#8212;&#8212;&#8212;&#8212;&#8212;&#8212;&#8212;&#8212;<\/span><br \/><span style=\"font-size: 12px\">Questions Fr\u00e9quemment Pos\u00e9es (FAQ)&nbsp;&nbsp;<\/span><\/b><\/span><\/p>\n<p><span data-sheets-root=\"1\" style=\"font-size: 10pt;font-family: Poppins, Arial\"><b><span style=\"font-size: 12px\">1. La Woodcracker L920 peut-elle charger des grumes en plus de les fendre ?<\/span><\/b><span style=\"font-size: 12px\"> Oui, sa conception permet d&rsquo;utiliser la fendeuse comme un grappin de chargement (gripper), facilitant le fendage et le chargement en une seule op\u00e9ration.&nbsp;<\/span><br \/><b><br \/><span style=\"font-size: 12px\">2. Quel entretien n\u00e9cessite le syst\u00e8me de paliers ? <\/span><\/b><span style=\"font-size: 12px\">Minimal. Gr\u00e2ce aux paliers \u00e0 bagues de haute qualit\u00e9 (Premium pin bearings), la friction et l&rsquo;usure sont drastiquement r\u00e9duites, garantissant une disponibilit\u00e9 continue avec de faibles intervalles de maintenance.<\/span><br \/><b><br \/><span style=\"font-size: 12px\">3. Comment le pr\u00e9-fendage influence-t-il la qualit\u00e9 de la biomasse ?<\/span><\/b><span style=\"font-size: 12px\"> Le pr\u00e9-fendage expose l&rsquo;int\u00e9rieur du tronc \u00e0 l&rsquo;air, facilitant un processus de s\u00e9chage naturel qui r\u00e9duit l&rsquo;humidit\u00e9 et augmente la valeur \u00e9nerg\u00e9tique des plaquettes foresti\u00e8res.<\/span><br \/><b><br \/><span style=\"font-size: 12px\">4. Est-il possible de l&rsquo;installer sur une remorque foresti\u00e8re ?<\/span><\/b><span style=\"font-size: 12px\"> Tout \u00e0 fait. La s\u00e9rie L offre diverses options de montage, incluant des versions semi-stationnaires id\u00e9ales pour les remorques foresti\u00e8res, les grues ou les d\u00e9chiqueteuses.<\/span><br \/><b><br \/><span style=\"font-size: 12px\">5. Quels mat\u00e9riaux sont utilis\u00e9s pour sa fabrication ?<\/span><\/b><span style=\"font-size: 12px\"> Elle est enti\u00e8rement fabriqu\u00e9e en acier Hardox\u00ae haute r\u00e9sistance pour supporter les conditions foresti\u00e8res les plus s\u00e9v\u00e8res.<\/span><\/span><\/p>\n","protected":false},"excerpt":{"rendered":"<p><span data-sheets-root=\"1\" style=\"font-size: 10pt;font-family: Poppins, Arial\"><span style=\"font-size: 10pt;font-weight: bold\">La Woodcracker L920 est une fendeuse foresti\u00e8re haute performance con\u00e7ue pour traiter des grumes de gros diam\u00e8tre avec un effort minimal sur des machines porteuses de taille moyenne.<br \/><\/span><span style=\"font-size: 10pt\">Avec une ouverture de pince de 900 mm et une force de fendage allant jusqu&rsquo;\u00e0 22 tonnes, cet \u00e9quipement de 370 kg se distingue par son efficacit\u00e9 et sa robustesse pour la production de biomasse et de bois de chauffage professionnel.<\/span><\/span><\/p>\n","protected":false},"featured_media":85976,"template":"","meta":{"_acf_changed":false,"_joinchat":[]},"product_brand":[583],"product_cat":[58],"product_tag":[],"translation_priority":[],"class_list":{"0":"post-4042","1":"product","2":"type-product","3":"status-publish","4":"has-post-thumbnail","6":"product_brand-westtech-fr","7":"product_cat-machine-fr","8":"pa_marca-westtech","9":"pa_tipo-pince-fendeuse","11":"first","12":"instock","13":"taxable","14":"shipping-taxable","15":"product-type-simple"},"acf":[],"_links":{"self":[{"href":"https:\/\/forestpioneer.es\/fr\/wp-json\/wp\/v2\/product\/4042","targetHints":{"allow":["GET"]}}],"collection":[{"href":"https:\/\/forestpioneer.es\/fr\/wp-json\/wp\/v2\/product"}],"about":[{"href":"https:\/\/forestpioneer.es\/fr\/wp-json\/wp\/v2\/types\/product"}],"wp:featuredmedia":[{"embeddable":true,"href":"https:\/\/forestpioneer.es\/fr\/wp-json\/wp\/v2\/media\/85976"}],"wp:attachment":[{"href":"https:\/\/forestpioneer.es\/fr\/wp-json\/wp\/v2\/media?parent=4042"}],"wp:term":[{"taxonomy":"product_brand","embeddable":true,"href":"https:\/\/forestpioneer.es\/fr\/wp-json\/wp\/v2\/product_brand?post=4042"},{"taxonomy":"product_cat","embeddable":true,"href":"https:\/\/forestpioneer.es\/fr\/wp-json\/wp\/v2\/product_cat?post=4042"},{"taxonomy":"product_tag","embeddable":true,"href":"https:\/\/forestpioneer.es\/fr\/wp-json\/wp\/v2\/product_tag?post=4042"},{"taxonomy":"translation_priority","embeddable":true,"href":"https:\/\/forestpioneer.es\/fr\/wp-json\/wp\/v2\/translation_priority?post=4042"}],"curies":[{"name":"wp","href":"https:\/\/api.w.org\/{rel}","templated":true}]}}