

{"id":4039,"date":"2025-02-18T08:38:59","date_gmt":"2025-02-18T07:38:59","guid":{"rendered":"https:\/\/forestpioneer.es\/producto\/l700\/"},"modified":"2026-02-06T08:04:32","modified_gmt":"2026-02-06T07:04:32","slug":"l700","status":"publish","type":"product","link":"https:\/\/forestpioneer.es\/fr\/produit\/l700\/","title":{"rendered":"Fendeuse de b\u00fbches \u2013 Woodcracker L700"},"content":{"rendered":"<p><span data-sheets-root=\"1\" style=\"font-size: 10pt;font-family: Poppins, Arial\"><b><span style=\"font-size: 12px\">Ing\u00e9nierie et conception : <\/span><\/b><span style=\"font-size: 12px\">Profil bas pour une efficacit\u00e9 maximale&nbsp;&nbsp;<\/span><br \/><span style=\"font-size: 12px\">Fid\u00e8le \u00e0 la philosophie de \u00ab l&rsquo;ing\u00e9nierie pour la for\u00eat \u00bb, la Woodcracker L700 se distingue par son design plat, sp\u00e9cifiquement d\u00e9velopp\u00e9 pour permettre des travaux extr\u00eamement proches du sol. Elle est enti\u00e8rement fabriqu\u00e9e en acier Hardox\u00ae haute r\u00e9sistance et \u00e9quip\u00e9e de paliers \u00e0 bagues de haute qualit\u00e9 (Premium pin bearings), garantissant une longue dur\u00e9e de vie et une r\u00e9sistance exceptionnelle \u00e0 l&rsquo;usure m\u00e9canique. Pour r\u00e9sister aux conditions humides, toute la structure b\u00e9n\u00e9ficie d&rsquo;un traitement de surface par cataphor\u00e8se (KTL) et d&rsquo;un rev\u00eatement par poudre anticorrosion.&nbsp;<\/span><br \/><b><br \/><span style=\"font-size: 12px\">Performance et rendement : <\/span><\/b><span style=\"font-size: 12px\">Une puissance polyvalente <\/span><br \/><span style=\"font-size: 12px\">La L700 offre une ouverture de pince de 700 mm, permettant d&rsquo;attaquer des billons de gros diam\u00e8tre avec une force de fendage allant jusqu&rsquo;\u00e0 22 tonnes. Son syst\u00e8me hydraulique est optimis\u00e9 pour fonctionner avec de faibles d\u00e9bits (25-60 l\/min), facilitant son int\u00e9gration sur une grande vari\u00e9t\u00e9 de machines porteuses sans compromettre la vitesse du cycle de travail. Gr\u00e2ce \u00e0 sa conception intelligente, elle n\u00e9cessite tr\u00e8s peu de force de la part de l&rsquo;engin porteur pour diviser m\u00eame les bois les plus durs.<\/span><br \/><b><br \/><span style=\"font-size: 12px\">Qualit\u00e9 de la biomasse et polyvalence : <\/span><\/b><span style=\"font-size: 12px\">Multifonction sur le chantier <\/span><br \/><span style=\"font-size: 12px\">Le pr\u00e9-fendage avec la L700 permet un processus de s\u00e9chage naturel du bois, ce qui augmente consid\u00e9rablement la qualit\u00e9 de la biomasse et son rendement \u00e9nerg\u00e9tique final. En plus de sa fonction principale, sa robustesse permet de l&rsquo;utiliser comme un grappin de chargement conventionnel, permettant de fendre, d&rsquo;organiser et d&rsquo;alimenter les d\u00e9chiqueteuses sans changer d&rsquo;outil, ce qui repr\u00e9sente une \u00e9conomie de co\u00fbts op\u00e9rationnels in\u00e9gal\u00e9e.<\/span><\/p>\n<p><b><span style=\"font-size: 12px\">Compatibilit\u00e9 de flotte<\/span><\/b><\/span><\/p>\n<ul>\n<li><span data-sheets-root=\"1\" style=\"font-size: 12px;font-family: Poppins, Arial\">Machines porteuses : Pelles hydrauliques, remorques foresti\u00e8res, grues \u00e0 bois, d\u00e9chiqueteuses et chargeuses agricoles.<\/span><span style=\"font-family: Poppins, Arial;font-size: 10pt\"><br \/><\/span><\/li>\n<li><span style=\"font-family: Poppins, Arial;font-size: 12px\">Polyvalence de montage : Disponible principalement en version semi-stationnaire ou coupl\u00e9e directement aux excavatrices.<\/span><\/li>\n<\/ul>\n<p><span data-sheets-root=\"1\" style=\"font-size: 12px;font-family: Poppins, Arial\"><b>Exigences hydrauliques :<\/b><\/span><\/p>\n<ul>\n<li><span data-sheets-root=\"1\" style=\"font-size: 12px;font-family: Poppins, Arial\">D\u00e9bit de pompe recommand\u00e9 : 25 \u2013 60 l\/min.<\/span><\/li>\n<li><span data-sheets-root=\"1\" style=\"font-size: 12px;font-family: Poppins, Arial\">Pression de service recommand\u00e9e : 180 \u2013 240 bar.<\/span><\/li>\n<\/ul>\n<p><span data-sheets-root=\"1\" style=\"font-size: 10pt;font-family: Poppins, Arial\"><b><span style=\"font-size: 12px\">Besoin d&rsquo;une configuration sp\u00e9cifique ?<\/span><\/b><span style=\"font-size: 12px\"> Nous \u00e9tudions l&rsquo;adaptation de chaque t\u00eate ou \u00e9quipement pour optimiser votre production.<\/span><br \/><span style=\"font-size: 12px\">&#8212;&#8212;&#8212;&#8212;&#8212;&#8212;&#8212;&#8212;&#8212;&#8212;&#8212;&#8212;&#8212;&#8212;&#8212;<\/span><br \/><b><span style=\"font-size: 12px\">Questions Fr\u00e9quemment Pos\u00e9es (FAQ)<\/span><\/p>\n<p><span style=\"font-size: 12px\">1. Puis-je utiliser la Woodcracker L700 pour charger des grumes sur un camion ? <\/span><\/b><span style=\"font-size: 12px\">Oui. L&rsquo;un des plus grands avantages de ce mod\u00e8le est qu&rsquo;il peut fonctionner parfaitement comme un grappin de chargement (gripper), permettant de fendre la bille et de la charger en une seule op\u00e9ration sans changer d&rsquo;outil.<\/span><\/p>\n<p><b><span style=\"font-size: 12px\">2. Est-elle compatible avec une grue foresti\u00e8re sur remorque ?<\/span><\/b><span style=\"font-size: 12px\"> Tout \u00e0 fait. La L700 dispose de diverses options de montage semi-stationnaire, ce qui la rend id\u00e9ale pour une installation sur des remorques foresti\u00e8res, des grues \u00e0 bois ou directement \u00e0 l&rsquo;entr\u00e9e d&rsquo;une d\u00e9chiqueteuse.&nbsp;&nbsp;<\/span><\/p>\n<p><b><span style=\"font-size: 12px\">3. Comment l&rsquo;utilisation de cette fendeuse am\u00e9liore-t-elle la biomasse ? <\/span><\/b><span style=\"font-size: 12px\">Le fendage pr\u00e9alable expose l&rsquo;int\u00e9rieur du tronc \u00e0 l&rsquo;air, facilitant un s\u00e9chage naturel beaucoup plus rapide. Cela r\u00e9duit l&rsquo;humidit\u00e9, \u00e9vite la d\u00e9gradation et augmente consid\u00e9rablement la valeur \u00e9nerg\u00e9tique des plaquettes foresti\u00e8res.<\/span><\/p>\n<p><b><span style=\"font-size: 12px\">4. Quel entretien n\u00e9cessite le syst\u00e8me de paliers ? <\/span><\/b><span style=\"font-size: 12px\">Minimal. En \u00e9quipant des paliers \u00e0 bagues de haute qualit\u00e9 (Premium pin bearings), la friction et l&rsquo;usure sont drastiquement r\u00e9duites, assurant une disponibilit\u00e9 continue avec des intervalles de maintenance tr\u00e8s espac\u00e9s.<\/span><\/p>\n<p><b><span style=\"font-size: 12px\">5. L&rsquo;installation sur ma pelleteuse actuelle est-elle difficile ? <\/span><\/b><span style=\"font-size: 12px\">Pas du tout. La conception est Plug-and-play, ce qui permet une connexion hydraulique et m\u00e9canique rapide et simple pour que vous puissiez commencer \u00e0 travailler imm\u00e9diatement.<\/span><\/span><\/p>\n","protected":false},"excerpt":{"rendered":"<p><span data-sheets-root=\"1\" style=\"font-size: 10pt;font-family: Poppins, Arial\"><span style=\"font-size: 10pt;font-weight: bold\">La Woodcracker L700 est une fendeuse compacte et puissante con\u00e7ue pour traiter des grumes de gros diam\u00e8tre avec un besoin de force minimal.<br \/><\/span><span style=\"font-size: 10pt\">Avec un poids op\u00e9rationnel de seulement 285 kg et une force de fendage allant jusqu&rsquo;\u00e0 22 tonnes, cet \u00e9quipement en acier Hardox\u00ae permet de fendre et de charger le bois en une seule op\u00e9ration, optimisant la production de biomasse dans les exploitations foresti\u00e8res de taille moyenne.<\/span><\/span><\/p>\n","protected":false},"featured_media":85946,"template":"","meta":{"_acf_changed":false,"_joinchat":[]},"product_brand":[583],"product_cat":[58],"product_tag":[],"translation_priority":[],"class_list":{"0":"post-4039","1":"product","2":"type-product","3":"status-publish","4":"has-post-thumbnail","6":"product_brand-westtech-fr","7":"product_cat-machine-fr","8":"pa_marca-westtech","9":"pa_tipo-pince-fendeuse","11":"first","12":"instock","13":"taxable","14":"shipping-taxable","15":"product-type-simple"},"acf":[],"_links":{"self":[{"href":"https:\/\/forestpioneer.es\/fr\/wp-json\/wp\/v2\/product\/4039","targetHints":{"allow":["GET"]}}],"collection":[{"href":"https:\/\/forestpioneer.es\/fr\/wp-json\/wp\/v2\/product"}],"about":[{"href":"https:\/\/forestpioneer.es\/fr\/wp-json\/wp\/v2\/types\/product"}],"wp:featuredmedia":[{"embeddable":true,"href":"https:\/\/forestpioneer.es\/fr\/wp-json\/wp\/v2\/media\/85946"}],"wp:attachment":[{"href":"https:\/\/forestpioneer.es\/fr\/wp-json\/wp\/v2\/media?parent=4039"}],"wp:term":[{"taxonomy":"product_brand","embeddable":true,"href":"https:\/\/forestpioneer.es\/fr\/wp-json\/wp\/v2\/product_brand?post=4039"},{"taxonomy":"product_cat","embeddable":true,"href":"https:\/\/forestpioneer.es\/fr\/wp-json\/wp\/v2\/product_cat?post=4039"},{"taxonomy":"product_tag","embeddable":true,"href":"https:\/\/forestpioneer.es\/fr\/wp-json\/wp\/v2\/product_tag?post=4039"},{"taxonomy":"translation_priority","embeddable":true,"href":"https:\/\/forestpioneer.es\/fr\/wp-json\/wp\/v2\/translation_priority?post=4039"}],"curies":[{"name":"wp","href":"https:\/\/api.w.org\/{rel}","templated":true}]}}