

{"id":4003,"date":"2025-02-18T08:38:42","date_gmt":"2025-02-18T07:38:42","guid":{"rendered":"https:\/\/forestpioneer.es\/producto\/w1000\/"},"modified":"2026-02-06T07:52:41","modified_gmt":"2026-02-06T06:52:41","slug":"w1000","status":"publish","type":"product","link":"https:\/\/forestpioneer.es\/fr\/produit\/w1000\/","title":{"rendered":"Pince \u00e0 fendre \u2013 Woodcracker W1000 WESTTECH"},"content":{"rendered":"<p><span data-sheets-root=\"1\" style=\"font-size: 10pt;font-family: Poppins, Arial\"><b>Ing\u00e9nierie et conception : <\/b>Robustesse Hardox\u00ae pour la for\u00eat <br \/>Fid\u00e8le \u00e0 la philosophie de \u00ab l&rsquo;ing\u00e9nierie pour la for\u00eat \u00bb, la Woodcracker W1000 est enti\u00e8rement fabriqu\u00e9e en acier Hardox\u00ae haute r\u00e9sistance. Pour garantir une durabilit\u00e9 extr\u00eame contre la corrosion dans les environnements humides, elle b\u00e9n\u00e9ficie d&rsquo;un traitement de surface par cataphor\u00e8se (KTL) et d&rsquo;un rev\u00eatement par poudre. Ses paliers \u00e0 bagues de haute qualit\u00e9 (premium pin bearings) assurent un fonctionnement fluide et une maintenance r\u00e9duite, permettant une longue dur\u00e9e de vie dans les conditions les plus exigeantes.<br \/><b><br \/>Performance et rendement : <\/b>Puissance intelligente avec Autospeed <br \/>La W1000 se distingue par son impressionnante ouverture de 1 040 mm, permettant d&rsquo;attaquer des troncs de gros diam\u00e8tre de mani\u00e8re strat\u00e9gique. Elle int\u00e8gre l&rsquo;option Autospeed, un syst\u00e8me hydraulique intelligent qui am\u00e9liore significativement les performances de fendage en optimisant les cycles de pression selon la r\u00e9sistance du bois. Sa lame haute r\u00e9sistance p\u00e9n\u00e8tre avec facilit\u00e9, pr\u00e9parant le mat\u00e9riau pour une alimentation rapide et efficace des d\u00e9chiqueteuses.<br \/><b><br \/>Qualit\u00e9 de biomasse et polyvalence :<\/b> Multifonction professionnelle <br \/>Le pr\u00e9-fendage avec la W1000 n&rsquo;est pas seulement un processus logistique ; il permet un s\u00e9chage naturel du bois qui augmente le rendement \u00e9nerg\u00e9tique et la qualit\u00e9 de la biomasse finale. En plus de sa fonction principale, la conception robuste de la pince permet de l&rsquo;utiliser comme un grappin de chargement (gripper) conventionnel pour manipuler et organiser les grumes sur le chantier, \u00e9liminant ainsi le besoin de changer d&rsquo;\u00e9quipement et maximisant la rentabilit\u00e9 de votre flotte.<\/p>\n<p><b>Compatibilit\u00e9 de flotte<\/b><\/span><\/p>\n<ul>\n<li><span data-sheets-root=\"1\" style=\"font-size: 10pt;font-family: Poppins, Arial\">Machine porteuse : Pelles sur chenilles, pelles sur pneus et engins de construction standards.<\/span><\/li>\n<li><span data-sheets-root=\"1\" style=\"font-size: 10pt;font-family: Poppins, Arial\">Poids du porteur : Recommand\u00e9 pour des v\u00e9hicules entre 10 et 18 tonnes.<\/span><\/li>\n<\/ul>\n<p><span data-sheets-root=\"1\" style=\"font-size: 10pt;font-family: Poppins, Arial\"><b>Exigences hydrauliques :<\/b><\/span><\/p>\n<ul>\n<li><span data-sheets-root=\"1\" style=\"font-size: 10pt;font-family: Poppins, Arial\">D\u00e9bit de pompe recommand\u00e9 : 40 \u2013 80 l\/min.<\/span><\/li>\n<li><span data-sheets-root=\"1\" style=\"font-size: 10pt;font-family: Poppins, Arial\">Pression de service recommand\u00e9e : 190 \u2013 250 bar.<\/span><\/li>\n<li><span data-sheets-root=\"1\" style=\"font-size: 10pt;font-family: Poppins, Arial\">Installation : Connexion Plug-and-play simple et directe pour une mise en service imm\u00e9diate.<\/span><\/li>\n<\/ul>\n<p><span data-sheets-root=\"1\" style=\"font-size: 10pt;font-family: Poppins, Arial\"><b>Besoin d&rsquo;une configuration sp\u00e9cifique ?<\/b> Nous \u00e9tudions l&rsquo;adaptation de chaque t\u00eate ou \u00e9quipement pour optimiser votre production.<br \/>&#8212;&#8212;&#8212;&#8212;&#8212;&#8212;&#8212;&#8212;&#8212;&#8212;&#8212;&#8212;&#8212;&#8212;&#8212;&#8212;&#8212;&#8212;-<br \/><b>Questions Fr\u00e9quemment Pos\u00e9es (FAQ)<br \/><\/b><br \/><b>1. Quel diam\u00e8tre maximal de bois la W1000 peut-elle traiter ? <\/b>L&rsquo;ouverture de 1 040 mm d\u00e9termine la taille de la pi\u00e8ce fendue finale, mais elle ne limite pas le diam\u00e8tre maximal du tronc. Il est possible de r\u00e9aliser plusieurs attaques sur des grumes de n&rsquo;importe quelle \u00e9paisseur jusqu&rsquo;\u00e0 leur division compl\u00e8te.&nbsp; &nbsp;&nbsp;<br \/><b><br \/>2. Comment l&rsquo;utilisation de cette pince am\u00e9liore-t-elle la biomasse ?<\/b> Le pr\u00e9-fendage expose l&rsquo;int\u00e9rieur du tronc \u00e0 l&rsquo;air, facilitant un s\u00e9chage naturel beaucoup plus rapide. Cela r\u00e9duit l&rsquo;humidit\u00e9, augmente le pouvoir calorifique des plaquettes et \u00e9l\u00e8ve le rendement \u00e9nerg\u00e9tique final.<br \/><b><br \/>3. Peut-on utiliser la W1000 pour charger du bois ?<\/b> Oui, c&rsquo;est un outil multifonctionnel. Gr\u00e2ce \u00e0 sa conception robuste et \u00e0 sa g\u00e9om\u00e9trie de fermeture, elle fonctionne parfaitement comme grappin de chargement (gripper) pour manipuler et trier les billons en for\u00eat.<br \/><b><br \/>4. Quel entretien n\u00e9cessite la lame en acier Hardox\u00ae ?<\/b> Gr\u00e2ce \u00e0 l&rsquo;utilisation de l&rsquo;acier Hardox\u00ae haute r\u00e9sistance, l&rsquo;usure est minimale. L&rsquo;entretien se concentre sur des inspections visuelles p\u00e9riodiques et sur le graissage des paliers premium pour garantir un mouvement fluide.<br \/><b><br \/>5. Est-elle compatible avec les rotateurs hydrauliques ?<\/b> Tout \u00e0 fait. En option, elle peut \u00eatre \u00e9quip\u00e9e d&rsquo;un rotateur \u00e0 rotation infinie qui permet une application beaucoup plus flexible, en attaquant le tronc sous n&rsquo;importe quel angle avec une pr\u00e9cision totale.<\/span><\/p>\n","protected":false},"excerpt":{"rendered":"<p><span data-sheets-root=\"1\" style=\"font-size: 10pt;font-family: Poppins, Arial\"><span style=\"font-size: 10pt;font-weight: bold\">La Woodcracker W1000 est une pince \u00e0 fendre puissante con\u00e7ue pour traiter des grumes de gros diam\u00e8tre avec un effort minimal, sur des excavatrices de 10 \u00e0 18 tonnes.<br \/><\/span><span style=\"font-size: 10pt\">Avec un poids de 580 kg et une force de fendage de 26 tonnes, cet outil en acier Hardox\u00ae est la solution cl\u00e9 pour optimiser le s\u00e9chage naturel du bois et am\u00e9liorer la qualit\u00e9 de la biomasse dans les exploitations foresti\u00e8res professionnelles.<\/span><\/span><\/p>\n","protected":false},"featured_media":4000,"template":"","meta":{"_acf_changed":false,"_joinchat":[]},"product_brand":[583],"product_cat":[58],"product_tag":[],"translation_priority":[],"class_list":{"0":"post-4003","1":"product","2":"type-product","3":"status-publish","4":"has-post-thumbnail","6":"product_brand-westtech-fr","7":"product_cat-machine-fr","8":"pa_marca-westtech","9":"pa_tipo-pince-fendeuse","11":"first","12":"instock","13":"taxable","14":"shipping-taxable","15":"product-type-simple"},"acf":[],"_links":{"self":[{"href":"https:\/\/forestpioneer.es\/fr\/wp-json\/wp\/v2\/product\/4003","targetHints":{"allow":["GET"]}}],"collection":[{"href":"https:\/\/forestpioneer.es\/fr\/wp-json\/wp\/v2\/product"}],"about":[{"href":"https:\/\/forestpioneer.es\/fr\/wp-json\/wp\/v2\/types\/product"}],"wp:featuredmedia":[{"embeddable":true,"href":"https:\/\/forestpioneer.es\/fr\/wp-json\/wp\/v2\/media\/4000"}],"wp:attachment":[{"href":"https:\/\/forestpioneer.es\/fr\/wp-json\/wp\/v2\/media?parent=4003"}],"wp:term":[{"taxonomy":"product_brand","embeddable":true,"href":"https:\/\/forestpioneer.es\/fr\/wp-json\/wp\/v2\/product_brand?post=4003"},{"taxonomy":"product_cat","embeddable":true,"href":"https:\/\/forestpioneer.es\/fr\/wp-json\/wp\/v2\/product_cat?post=4003"},{"taxonomy":"product_tag","embeddable":true,"href":"https:\/\/forestpioneer.es\/fr\/wp-json\/wp\/v2\/product_tag?post=4003"},{"taxonomy":"translation_priority","embeddable":true,"href":"https:\/\/forestpioneer.es\/fr\/wp-json\/wp\/v2\/translation_priority?post=4003"}],"curies":[{"name":"wp","href":"https:\/\/api.w.org\/{rel}","templated":true}]}}