

{"id":3712,"date":"2025-02-18T08:33:53","date_gmt":"2025-02-18T07:33:53","guid":{"rendered":"https:\/\/forestpioneer.es\/producto\/cb150\/"},"modified":"2026-02-06T07:38:25","modified_gmt":"2026-02-06T06:38:25","slug":"cb150","status":"publish","type":"product","link":"https:\/\/forestpioneer.es\/fr\/produit\/cb150\/","title":{"rendered":"T\u00eate de coupe foresti\u00e8re \u2013 Woodcracker CB150"},"content":{"rendered":"<p><span data-sheets-root=\"1\" style=\"font-size: 10pt;font-family: Poppins, Arial\"><b><span style=\"font-size: 12px\">Ing\u00e9nierie et conception :<\/span><\/b><span style=\"font-size: 12px\"> La l\u00e9g\u00e8ret\u00e9 avec l\u2019ADN Hardox\u00ae&nbsp;&nbsp;<\/span><br \/><span style=\"font-size: 12px\">La s\u00e9rie CB incarne le concept de \u00ab conception modulaire et compacte \u00bb appliqu\u00e9e \u00e0 la gestion foresti\u00e8re l\u00e9g\u00e8re. Fabriqu\u00e9e en acier Hardox\u00ae haute r\u00e9sistance, la CB150 garantit une durabilit\u00e9 sup\u00e9rieure avec un poids mort minimal, \u00e9vitant ainsi de surcharger les petites machines porteuses. \u00c0 l&rsquo;instar des mod\u00e8les de plus grande taille, elle b\u00e9n\u00e9ficie d&rsquo;un traitement par cataphor\u00e8se (KTL) et d&rsquo;un rev\u00eatement par poudre, offrant une r\u00e9sistance exceptionnelle \u00e0 la corrosion dans les environnements humides.&nbsp;&nbsp;<\/span><\/p>\n<p><b><span style=\"font-size: 12px\">Rendement et performance :<\/span><\/b><span style=\"font-size: 12px\"> R\u00e9colte simultan\u00e9e de biomasse <\/span><br \/><span style=\"font-size: 12px\">Contrairement aux cisailles lourdes, la CB150 est \u00e9quip\u00e9e de doigts collecteurs \u00e0 fermeture synchronis\u00e9e qui permettent de r\u00e9colter plusieurs arbustes ou jeunes arbres en un seul passage. Ce syst\u00e8me optimise consid\u00e9rablement le temps de travail dans les plantations \u00e0 rotation courte et pour le d\u00e9broussaillage. Son m\u00e9canisme de coupe est con\u00e7u pour une usure et une maintenance r\u00e9duites, fonctionnant avec des d\u00e9bits d&rsquo;huile mod\u00e9r\u00e9s (40-80 l\/min), parfaits pour les mini-pelles.<\/span><\/p>\n<p><b><span style=\"font-size: 12px\">Qualit\u00e9 de coupe : <\/span><\/b><span style=\"font-size: 12px\">Pens\u00e9e pour la r\u00e9g\u00e9n\u00e9ration de la for\u00eat <\/span><br \/><span style=\"font-size: 12px\">Le syst\u00e8me de coupe de la CB150 utilise une lame haute r\u00e9sistance rempla\u00e7able, positionn\u00e9e strat\u00e9giquement entre les doigts collecteurs pour assurer une qualit\u00e9 de coupe sup\u00e9rieure. Cette disposition produit une surface de coupe nette qui favorise le rejet et la repousse vigoureuse de la plante, une caract\u00e9ristique fondamentale pour la gestion durable des massifs forestiers et les \u00e9claircies de r\u00e9g\u00e9n\u00e9ration.<\/span><\/p>\n<p><b><span style=\"font-size: 12px\">Compatibilit\u00e9 de flotte<\/span><\/b><b><br \/><\/b><\/span><\/p>\n<ul>\n<li><span data-sheets-root=\"1\" style=\"font-size: 10pt;font-family: Poppins, Arial\"><b><span style=\"font-size: 12px\">Excavatrices <\/span><\/b><span style=\"font-size: 12px\">: Id\u00e9ale pour les mini-pelles et machines porteuses de 4,5 \u00e0 9 tonnes.<\/span><b><br \/><\/b><\/span><\/li>\n<li><span data-sheets-root=\"1\" style=\"font-size: 10pt;font-family: Poppins, Arial\"><b><span style=\"font-size: 12px\">Autres options<\/span><\/b><span style=\"font-size: 12px\"> : Gr\u00e2ce \u00e0 sa conception polyvalente, elle peut \u00eatre mont\u00e9e sur des chargeuses agricoles, des grues foresti\u00e8res (version CB150 crane) et des chariots t\u00e9lescopiques l\u00e9gers.<\/span><b><br \/><\/b><\/span><\/li>\n<li><span data-sheets-root=\"1\" style=\"font-size: 10pt;font-family: Poppins, Arial\"><b><span style=\"font-size: 12px\">Connexion <\/span><\/b><span style=\"font-size: 12px\">: N\u00e9cessite une ligne hydraulique standard de 260 bar.<\/span><br \/><b><br \/><\/b><\/span><\/li>\n<\/ul>\n<p><span data-sheets-root=\"1\" style=\"font-size: 10pt;font-family: Poppins, Arial\"><b><span style=\"font-size: 12px\">Besoin d&rsquo;une configuration sp\u00e9cifique ?<\/span><\/b><span style=\"font-size: 12px\"> Nous \u00e9tudions l&rsquo;adaptation de chaque t\u00eate ou \u00e9quipement pour optimiser votre production.<\/span><br \/><span style=\"font-size: 12px\">&#8212;&#8212;&#8212;&#8212;&#8212;&#8212;&#8212;&#8212;&#8212;&#8212;&#8212;&#8212;&#8212;&#8212;&#8212;<\/span><br \/><b><span style=\"font-size: 12px\">Questions Fr\u00e9quemment Pos\u00e9es (FAQ)<\/span><\/p>\n<p><span style=\"font-size: 12px\">1. La Woodcracker CB150 est-elle adapt\u00e9e pour abattre de gros arbres ? <\/span><\/b><span style=\"font-size: 12px\">Non. La s\u00e9rie CB est sp\u00e9cifiquement con\u00e7ue pour les mat\u00e9riaux l\u00e9gers, les arbustes et les petits arbres. Pour l&rsquo;abattage d&rsquo;arbres dangereux ou de gros diam\u00e8tre, nous recommandons les s\u00e9ries Woodcracker C ou CS.<\/span><br \/><b><br \/><span style=\"font-size: 12px\">2. Comment le syst\u00e8me de collecte b\u00e9n\u00e9ficie-t-il \u00e0 mon travail quotidien ?<\/span><\/b><span style=\"font-size: 12px\"> Il permet de r\u00e9colter plusieurs tiges en un seul cycle sans avoir \u00e0 rel\u00e2cher chaque pi\u00e8ce apr\u00e8s la coupe. Cela permet de gagner du temps op\u00e9rationnel, de r\u00e9duire la consommation de carburant de l&rsquo;excavatrice et de mieux organiser le d\u00e9p\u00f4t du bois pour la biomasse.<\/span><br \/><b><br \/><span style=\"font-size: 12px\">3. Puis-je l&rsquo;installer sur une grue foresti\u00e8re ?<\/span><\/b><span style=\"font-size: 12px\"> Oui, il existe la variante CB150 crane, con\u00e7ue sp\u00e9cifiquement pour un montage sur grues foresti\u00e8res, ce qui augmente la polyvalence de votre flotte de tracteurs ou de porteurs.&nbsp;&nbsp;<\/span><br \/><b><br \/><span style=\"font-size: 12px\">4. Quel entretien n\u00e9cessite la lame ?<\/span><\/b><span style=\"font-size: 12px\"> La lame est en acier haute r\u00e9sistance et est rempla\u00e7able. Gr\u00e2ce \u00e0 son syst\u00e8me de coupe sp\u00e9cial, l&rsquo;usure est minimale, mais elle permet un aff\u00fbtage simple pour maintenir une qualit\u00e9 de coupe qui favorise la repousse de la plante.<\/span><br \/><b><br \/><span style=\"font-size: 12px\">5. Que signifie la protection KTL ?<\/span><\/b><span style=\"font-size: 12px\"> Il s&rsquo;agit d&rsquo;un appr\u00eat par immersion cathodique de niveau industriel qui, coupl\u00e9 au rev\u00eatement par poudre, prot\u00e8ge l&rsquo;acier contre la corrosion. C&rsquo;est un \u00e9l\u00e9ment vital pour les \u00e9quipements travaillant sous la pluie et l&rsquo;humidit\u00e9 constante.<\/span><\/span><\/p>\n","protected":false},"excerpt":{"rendered":"<p><span data-sheets-root=\"1\" style=\"font-size: 10pt;font-family: Poppins, Arial\"><span style=\"font-size: 10pt;font-weight: bold\">La Woodcracker CB150 est une t\u00eate de coupe ultra-l\u00e9g\u00e8re et extr\u00eamement maniable, optimis\u00e9e pour la r\u00e9colte de biomasse et de bois de faible diam\u00e8tre sur des excavatrices de 4,5 \u00e0 9 tonnes.<br \/><\/span><span style=\"font-size: 10pt\">Avec un poids de seulement 300 kg en configuration de base et une capacit\u00e9 de coupe allant jusqu&rsquo;\u00e0 220 mm, elle permet de traiter plusieurs tiges simultan\u00e9ment gr\u00e2ce \u00e0 son syst\u00e8me de collecte int\u00e9gr\u00e9.<\/span><\/span><\/p>\n","protected":false},"featured_media":3709,"template":"","meta":{"_acf_changed":false,"_joinchat":[]},"product_brand":[583],"product_cat":[58],"product_tag":[],"translation_priority":[],"class_list":{"0":"post-3712","1":"product","2":"type-product","3":"status-publish","4":"has-post-thumbnail","6":"product_brand-westtech-fr","7":"product_cat-machine-fr","8":"pa_marca-westtech","9":"pa_tipo-tete-feller-a-cisaille","11":"first","12":"instock","13":"taxable","14":"shipping-taxable","15":"product-type-simple"},"acf":[],"_links":{"self":[{"href":"https:\/\/forestpioneer.es\/fr\/wp-json\/wp\/v2\/product\/3712","targetHints":{"allow":["GET"]}}],"collection":[{"href":"https:\/\/forestpioneer.es\/fr\/wp-json\/wp\/v2\/product"}],"about":[{"href":"https:\/\/forestpioneer.es\/fr\/wp-json\/wp\/v2\/types\/product"}],"wp:featuredmedia":[{"embeddable":true,"href":"https:\/\/forestpioneer.es\/fr\/wp-json\/wp\/v2\/media\/3709"}],"wp:attachment":[{"href":"https:\/\/forestpioneer.es\/fr\/wp-json\/wp\/v2\/media?parent=3712"}],"wp:term":[{"taxonomy":"product_brand","embeddable":true,"href":"https:\/\/forestpioneer.es\/fr\/wp-json\/wp\/v2\/product_brand?post=3712"},{"taxonomy":"product_cat","embeddable":true,"href":"https:\/\/forestpioneer.es\/fr\/wp-json\/wp\/v2\/product_cat?post=3712"},{"taxonomy":"product_tag","embeddable":true,"href":"https:\/\/forestpioneer.es\/fr\/wp-json\/wp\/v2\/product_tag?post=3712"},{"taxonomy":"translation_priority","embeddable":true,"href":"https:\/\/forestpioneer.es\/fr\/wp-json\/wp\/v2\/translation_priority?post=3712"}],"curies":[{"name":"wp","href":"https:\/\/api.w.org\/{rel}","templated":true}]}}