

{"id":3634,"date":"2025-02-18T07:33:28","date_gmt":"2025-02-18T07:33:28","guid":{"rendered":"https:\/\/forestpioneer.es\/producto\/produit-23\/"},"modified":"2026-02-20T16:18:05","modified_gmt":"2026-02-20T15:18:05","slug":"produit-23","status":"publish","type":"product","link":"https:\/\/forestpioneer.es\/fr\/produit\/produit-23\/","title":{"rendered":"Produit"},"content":{"rendered":"","protected":false},"excerpt":{"rendered":"<p>Roue standard<br \/>Moteur CAT C-27 1050hp Tier II<br \/>Embrayage dans bain d&rsquo;huile <br \/>Syst\u00e8me de Commandes piloter Peterson<br \/>Remote control, 2.4 GHz &#8211; Non-Loader<br \/>Plateforme d&rsquo;alimentation \u00e9tendue avec cha\u00eene d&rsquo;entrainement<br \/>Goulotte de chargement arri\u00e8re<br \/>Ventilateurs r\u00e9versibles doubles<br \/>Kit de feux arri\u00e8res Standard<br \/>D\u00e9calque Eng\/Span\/Fra<br \/>Manuel utilisateur en fran\u00e7ais<br \/>Livre de pi\u00e8ces d\u00e9tach\u00e9es<br \/>Garantie constructeur de pi\u00e8ces et main d&rsquo;oeuvre 1 an ou 1500 heures (premier terme atteint met fin \u00e0 la garantie)<br \/>Certificat CE<\/p>\n","protected":false},"featured_media":3631,"template":"","meta":{"_acf_changed":false,"_joinchat":[]},"product_brand":[],"product_cat":[58],"product_tag":[],"translation_priority":[],"class_list":{"0":"post-3634","1":"product","2":"type-product","3":"status-publish","4":"has-post-thumbnail","6":"product_cat-machine-fr","8":"first","9":"instock","10":"taxable","11":"shipping-taxable","12":"product-type-simple"},"acf":[],"_links":{"self":[{"href":"https:\/\/forestpioneer.es\/fr\/wp-json\/wp\/v2\/product\/3634","targetHints":{"allow":["GET"]}}],"collection":[{"href":"https:\/\/forestpioneer.es\/fr\/wp-json\/wp\/v2\/product"}],"about":[{"href":"https:\/\/forestpioneer.es\/fr\/wp-json\/wp\/v2\/types\/product"}],"wp:featuredmedia":[{"embeddable":true,"href":"https:\/\/forestpioneer.es\/fr\/wp-json\/wp\/v2\/media\/3631"}],"wp:attachment":[{"href":"https:\/\/forestpioneer.es\/fr\/wp-json\/wp\/v2\/media?parent=3634"}],"wp:term":[{"taxonomy":"product_brand","embeddable":true,"href":"https:\/\/forestpioneer.es\/fr\/wp-json\/wp\/v2\/product_brand?post=3634"},{"taxonomy":"product_cat","embeddable":true,"href":"https:\/\/forestpioneer.es\/fr\/wp-json\/wp\/v2\/product_cat?post=3634"},{"taxonomy":"product_tag","embeddable":true,"href":"https:\/\/forestpioneer.es\/fr\/wp-json\/wp\/v2\/product_tag?post=3634"},{"taxonomy":"translation_priority","embeddable":true,"href":"https:\/\/forestpioneer.es\/fr\/wp-json\/wp\/v2\/translation_priority?post=3634"}],"curies":[{"name":"wp","href":"https:\/\/api.w.org\/{rel}","templated":true}]}}