

{"id":3579,"date":"2025-02-18T07:30:53","date_gmt":"2025-02-18T07:30:53","guid":{"rendered":"https:\/\/forestpioneer.es\/producto\/produit-17\/"},"modified":"2026-02-20T16:16:46","modified_gmt":"2026-02-20T15:16:46","slug":"produit-17","status":"publish","type":"product","link":"https:\/\/forestpioneer.es\/fr\/produit\/produit-17\/","title":{"rendered":"Produit"},"content":{"rendered":"","protected":false},"excerpt":{"rendered":"<p>Machine de base <br \/>Essieux Tridem, 25000 lbs par essieu, avec chenilles de 84 in., 120 in. wb<br \/>Assembage du frein standard<br \/>\u00c9corceuse \u00e0 levage hydraulique et syst\u00e8me de rouleaux de broyage<br \/>Ventilateur reversible hydraulique<br \/>Graissage Centralis\u00e9<br \/>Commandes \u00e9lectrique de la vitesse variable de l&rsquo;\u00e9corceuse<br \/>Chargeur  Articul\u00e9 de 2 Sections<br \/>Goulotte de chargement \u00e0 220\u00ba<br \/>Deux \u00e9corceuses<br \/>Commandes de chargement SAE<br \/>D\u00e9calque Eng\/Span\/Fra<br \/>Cabine climatis\u00e9e\/pressuris\u00e9e<br \/>Chauffage de la cabine<br \/>Manuel utilisateur en fran\u00e7ais<br \/>Livre de pi\u00e8ces d\u00e9tach\u00e9es<br \/>Garantie constructeur de pi\u00e8ces et main d&rsquo;oeuvre 1 an ou 1500 heures (premier terme atteint met fin \u00e0 la garantie)<br \/>Certificat CE<\/p>\n","protected":false},"featured_media":3576,"template":"","meta":{"_acf_changed":false,"_joinchat":[]},"product_brand":[],"product_cat":[58],"product_tag":[],"translation_priority":[],"class_list":{"0":"post-3579","1":"product","2":"type-product","3":"status-publish","4":"has-post-thumbnail","6":"product_cat-machine-fr","8":"first","9":"instock","10":"taxable","11":"shipping-taxable","12":"product-type-simple"},"acf":[],"_links":{"self":[{"href":"https:\/\/forestpioneer.es\/fr\/wp-json\/wp\/v2\/product\/3579","targetHints":{"allow":["GET"]}}],"collection":[{"href":"https:\/\/forestpioneer.es\/fr\/wp-json\/wp\/v2\/product"}],"about":[{"href":"https:\/\/forestpioneer.es\/fr\/wp-json\/wp\/v2\/types\/product"}],"wp:featuredmedia":[{"embeddable":true,"href":"https:\/\/forestpioneer.es\/fr\/wp-json\/wp\/v2\/media\/3576"}],"wp:attachment":[{"href":"https:\/\/forestpioneer.es\/fr\/wp-json\/wp\/v2\/media?parent=3579"}],"wp:term":[{"taxonomy":"product_brand","embeddable":true,"href":"https:\/\/forestpioneer.es\/fr\/wp-json\/wp\/v2\/product_brand?post=3579"},{"taxonomy":"product_cat","embeddable":true,"href":"https:\/\/forestpioneer.es\/fr\/wp-json\/wp\/v2\/product_cat?post=3579"},{"taxonomy":"product_tag","embeddable":true,"href":"https:\/\/forestpioneer.es\/fr\/wp-json\/wp\/v2\/product_tag?post=3579"},{"taxonomy":"translation_priority","embeddable":true,"href":"https:\/\/forestpioneer.es\/fr\/wp-json\/wp\/v2\/translation_priority?post=3579"}],"curies":[{"name":"wp","href":"https:\/\/api.w.org\/{rel}","templated":true}]}}