

{"id":3561,"date":"2025-02-18T07:30:46","date_gmt":"2025-02-18T07:30:46","guid":{"rendered":"https:\/\/forestpioneer.es\/producto\/produit-15\/"},"modified":"2026-02-20T16:16:23","modified_gmt":"2026-02-20T15:16:23","slug":"produit-15","status":"publish","type":"product","link":"https:\/\/forestpioneer.es\/fr\/produit\/produit-15\/","title":{"rendered":"Produit"},"content":{"rendered":"","protected":false},"excerpt":{"rendered":"<p>Machine de base <br \/>Moteur CAT 9 350 HP Tier IV<br \/>Syst\u00e8me de t\u00e9l\u00e9commande (2.4 Ghz)<br \/>Syst\u00e8me Hydraulique Mouvant de l&rsquo;\u00c9corceuse<br \/>Piston d&rsquo;\u00c9corce &#8211; D\u00e9charge \u00e0 l&rsquo;Avant<br \/>Phares de travail dans l&rsquo;enceinte du moteur<br \/>Rouleaux d&rsquo;Alimentation Sup\u00e9rieur et Inf\u00e9rieur ainsi que Rouleaux d&rsquo;\u00c9vacuation<br \/>Vitesse Variable de l&rsquo;\u00e9corceuse et syst\u00e8me d&rsquo;alimentation \u00e9lectronique<br \/>D\u00e9calques Eng\/Span<br \/>Manuel utilisateur en fran\u00e7ais<br \/>Livre de pi\u00e8ces d\u00e9tach\u00e9es<br \/>Garantie constructeur de pi\u00e8ces et main d&rsquo;oeuvre 1 an ou 1500 heures (premier terme atteint met fin \u00e0 la garantie)<br \/>Certificat CE<\/p>\n","protected":false},"featured_media":3558,"template":"","meta":{"_acf_changed":false,"_joinchat":[]},"product_brand":[],"product_cat":[58],"product_tag":[],"translation_priority":[],"class_list":{"0":"post-3561","1":"product","2":"type-product","3":"status-publish","4":"has-post-thumbnail","6":"product_cat-machine-fr","8":"first","9":"instock","10":"taxable","11":"shipping-taxable","12":"product-type-simple"},"acf":[],"_links":{"self":[{"href":"https:\/\/forestpioneer.es\/fr\/wp-json\/wp\/v2\/product\/3561","targetHints":{"allow":["GET"]}}],"collection":[{"href":"https:\/\/forestpioneer.es\/fr\/wp-json\/wp\/v2\/product"}],"about":[{"href":"https:\/\/forestpioneer.es\/fr\/wp-json\/wp\/v2\/types\/product"}],"wp:featuredmedia":[{"embeddable":true,"href":"https:\/\/forestpioneer.es\/fr\/wp-json\/wp\/v2\/media\/3558"}],"wp:attachment":[{"href":"https:\/\/forestpioneer.es\/fr\/wp-json\/wp\/v2\/media?parent=3561"}],"wp:term":[{"taxonomy":"product_brand","embeddable":true,"href":"https:\/\/forestpioneer.es\/fr\/wp-json\/wp\/v2\/product_brand?post=3561"},{"taxonomy":"product_cat","embeddable":true,"href":"https:\/\/forestpioneer.es\/fr\/wp-json\/wp\/v2\/product_cat?post=3561"},{"taxonomy":"product_tag","embeddable":true,"href":"https:\/\/forestpioneer.es\/fr\/wp-json\/wp\/v2\/product_tag?post=3561"},{"taxonomy":"translation_priority","embeddable":true,"href":"https:\/\/forestpioneer.es\/fr\/wp-json\/wp\/v2\/translation_priority?post=3561"}],"curies":[{"name":"wp","href":"https:\/\/api.w.org\/{rel}","templated":true}]}}