

{"id":3414,"date":"2025-02-18T07:29:59","date_gmt":"2025-02-18T07:29:59","guid":{"rendered":"https:\/\/forestpioneer.es\/producto\/produit-2\/"},"modified":"2026-02-20T16:13:06","modified_gmt":"2026-02-20T15:13:06","slug":"produit-2","status":"publish","type":"product","link":"https:\/\/forestpioneer.es\/fr\/produit\/produit-2\/","title":{"rendered":"Produit"},"content":{"rendered":"","protected":false},"excerpt":{"rendered":"<p>Machine de base <br \/>T\u00e9l\u00e9commande radio (2.4 Ghz)<br \/>Ventilateur reversible hydraulique<br \/>Vitesse variable du tapis d&rsquo;alimentation<br \/>Convoyeur Mouvant de 54\u201d<br \/>.<br \/>Syst\u00e8me de double filtration (pr\u00e9 filtre et filtre )<br \/>Syst\u00e8me anti bourrage <br \/>Syst\u00e8me d&rsquo;alimentation auto-piloter<br \/>Extinteur<br \/>Grille de 2,54cm d&rsquo;\u00c9paisseur<br \/>Supports de Grilles<br \/>Grille: 101,6mm Hexagonale <br \/>Bo\u00eete \u00e0 Outils<br \/>R\u00e9servoir d&rsquo;Eau avec Pompe<br \/>Syst\u00e8me de Pulv\u00e9risation d&rsquo;Eau<br \/>Marteau tranchant avec rev\u00eatement de carbures<br \/>Kit antivols <br \/>D\u00e9calque Eng\/Span\/Fra<br \/>Manuel utilisateur en fran\u00e7ais<br \/>Livre de pi\u00e8ces d\u00e9tach\u00e9es<br \/>Garantie constructeur de pi\u00e8ces et main d&rsquo;oeuvre 1 an ou 1500 heures (premier terme atteint met fin \u00e0 la garantie)<br \/>Certificat CE<\/p>\n","protected":false},"featured_media":3411,"template":"","meta":{"_acf_changed":false,"_joinchat":[]},"product_brand":[],"product_cat":[58],"product_tag":[],"translation_priority":[],"class_list":{"0":"post-3414","1":"product","2":"type-product","3":"status-publish","4":"has-post-thumbnail","6":"product_cat-machine-fr","8":"first","9":"instock","10":"taxable","11":"shipping-taxable","12":"product-type-simple"},"acf":[],"_links":{"self":[{"href":"https:\/\/forestpioneer.es\/fr\/wp-json\/wp\/v2\/product\/3414","targetHints":{"allow":["GET"]}}],"collection":[{"href":"https:\/\/forestpioneer.es\/fr\/wp-json\/wp\/v2\/product"}],"about":[{"href":"https:\/\/forestpioneer.es\/fr\/wp-json\/wp\/v2\/types\/product"}],"wp:featuredmedia":[{"embeddable":true,"href":"https:\/\/forestpioneer.es\/fr\/wp-json\/wp\/v2\/media\/3411"}],"wp:attachment":[{"href":"https:\/\/forestpioneer.es\/fr\/wp-json\/wp\/v2\/media?parent=3414"}],"wp:term":[{"taxonomy":"product_brand","embeddable":true,"href":"https:\/\/forestpioneer.es\/fr\/wp-json\/wp\/v2\/product_brand?post=3414"},{"taxonomy":"product_cat","embeddable":true,"href":"https:\/\/forestpioneer.es\/fr\/wp-json\/wp\/v2\/product_cat?post=3414"},{"taxonomy":"product_tag","embeddable":true,"href":"https:\/\/forestpioneer.es\/fr\/wp-json\/wp\/v2\/product_tag?post=3414"},{"taxonomy":"translation_priority","embeddable":true,"href":"https:\/\/forestpioneer.es\/fr\/wp-json\/wp\/v2\/translation_priority?post=3414"}],"curies":[{"name":"wp","href":"https:\/\/api.w.org\/{rel}","templated":true}]}}