

{"id":3225,"date":"2025-02-18T07:25:34","date_gmt":"2025-02-18T07:25:34","guid":{"rendered":"https:\/\/forestpioneer.es\/producto\/r-12-2tm-4wd\/"},"modified":"2025-02-18T07:25:34","modified_gmt":"2025-02-18T07:25:34","slug":"r-12-2tm-4wd","status":"publish","type":"product","link":"https:\/\/forestpioneer.es\/fr\/produit\/r-12-2tm-4wd\/","title":{"rendered":"R-12-2TM 4WD"},"content":{"rendered":"","protected":false},"excerpt":{"rendered":"<p>Ch\u00e2ssis tubulaire en acier avec profil ferm\u00e9<br \/>Tire d&rsquo;attelage \u00e0 double v\u00e9rin (pour commander la tire, un distributeur double effet est utilis\u00e9, celui-ci doit \u00eatre pr\u00e9vu sur le tracteur)<br \/>Attache selon la norme UNE-ISO 21244<br \/>Bonne visibilit\u00e9 pour charger<br \/>(4) Ranchers viss\u00e9s sur le ch\u00e2ssis et d\u00e9pla\u00e7ables <br \/>(8) Piquets  tubulaires droits de 76 mm R\u00e9f. 157,00003<br \/>Boogie s\u00e9rie 1200- 2TM, avec traction hydraulique, engrenages sur les boogies et syst\u00e8me de retenue<br \/>Freins \u00e0 disque immerg\u00e9s<br \/>Force de traction : 36,1 kN<br \/>Vitesse de traction de 0 \u00e0 3,40 km\/h (en fonction du d\u00e9bit fourni)<br \/>Vitesse de tra\u00eene : 40 km\/h<br \/>Distributeur \u00e9lectrique PVG32\/1E pour traction<br \/>Syst\u00e8me \u00e9lectrique de retenue<br \/>B\u00e9quille d&rsquo;appui avant<br \/>Pneus 500\/50-R20<br \/><b>Longueur de pannier 4,63m<\/b><br \/>Puissance de la machine : 90\/170 CV<br \/>NOTE : montage et kit hydraulique pour traction non inclus (pompe \u00e0 d\u00e9bit fixe ou variable, r\u00e9servoir, etc.). Normalement, on utilise celui de la grue. Le cas \u00e9ch\u00e9ant, celui de la machine de base pourra \u00eatre utilis\u00e9 si celle-ci est appropri\u00e9e. (120 L\/min. &#8211; 250 Bar. a 1600\/2000 tr\/min) <br \/>Le tracteur doit disposer de 4 sorties hydrauliques (2 \u00e9l\u00e9ments \u00e0 double effet) et connecteur \u00e9lectrique arri\u00e8re<br \/>Manuel utilisateur en fran\u00e7ais<br \/>Livre de pi\u00e8ces d\u00e9tach\u00e9es<br \/>Garantie constructeur en pi\u00e8ces et main d&rsquo;oeuvre 1 an ou 1500 heures (premier terme atteint met fin \u00e0 la garantie)<br \/>Formation \u00e0 la livraison 1-2 jours<br \/>Certificat CE<\/p>\n","protected":false},"featured_media":0,"template":"","meta":{"_acf_changed":false,"_joinchat":[]},"product_brand":[],"product_cat":[58],"product_tag":[],"translation_priority":[],"class_list":{"0":"post-3225","1":"product","2":"type-product","3":"status-publish","5":"product_cat-machine-fr","6":"pa_tipo-remorque-forestiere-pour-tracteur-agricole","8":"first","9":"instock","10":"taxable","11":"shipping-taxable","12":"product-type-simple"},"acf":[],"_links":{"self":[{"href":"https:\/\/forestpioneer.es\/fr\/wp-json\/wp\/v2\/product\/3225","targetHints":{"allow":["GET"]}}],"collection":[{"href":"https:\/\/forestpioneer.es\/fr\/wp-json\/wp\/v2\/product"}],"about":[{"href":"https:\/\/forestpioneer.es\/fr\/wp-json\/wp\/v2\/types\/product"}],"wp:attachment":[{"href":"https:\/\/forestpioneer.es\/fr\/wp-json\/wp\/v2\/media?parent=3225"}],"wp:term":[{"taxonomy":"product_brand","embeddable":true,"href":"https:\/\/forestpioneer.es\/fr\/wp-json\/wp\/v2\/product_brand?post=3225"},{"taxonomy":"product_cat","embeddable":true,"href":"https:\/\/forestpioneer.es\/fr\/wp-json\/wp\/v2\/product_cat?post=3225"},{"taxonomy":"product_tag","embeddable":true,"href":"https:\/\/forestpioneer.es\/fr\/wp-json\/wp\/v2\/product_tag?post=3225"},{"taxonomy":"translation_priority","embeddable":true,"href":"https:\/\/forestpioneer.es\/fr\/wp-json\/wp\/v2\/translation_priority?post=3225"}],"curies":[{"name":"wp","href":"https:\/\/api.w.org\/{rel}","templated":true}]}}