

{"id":3219,"date":"2025-02-18T08:25:28","date_gmt":"2025-02-18T07:25:28","guid":{"rendered":"https:\/\/forestpioneer.es\/producto\/750-fh\/"},"modified":"2026-01-20T08:01:10","modified_gmt":"2026-01-20T07:01:10","slug":"750-fh","status":"publish","type":"product","link":"https:\/\/forestpioneer.es\/fr\/produit\/750-fh\/","title":{"rendered":"T\u00eate d&rsquo;abattage &#8211; AFM 750 FH"},"content":{"rendered":"<p><span data-sheets-root=\"1\" style=\"font-size: 10pt;font-family: Poppins, Arial\"><span style=\"font-size: 10pt;font-family: Poppins\"><b>Ing\u00e9nierie et conception<\/b> : <\/span><span style=\"font-size: 10pt\"><span style=\"font-family: Poppins;font-size: 10pt\">Stabilit\u00e9 maximale Lorsqu&rsquo;il s&rsquo;agit de manipuler des arbres tomb\u00e9s \u00e0 cause du vent ou des sujets instables de grande taille, le poids est un atout. L&rsquo;AFM 750 FH offre une structure robuste qui agit comme contrepoids et ancrage, permettant de maintenir fermement la charge. Sa conception int\u00e8gre un syst\u00e8me de radiocommande, \u00e9liminant les c\u00e2bles vuln\u00e9rables et facilitant le montage sur des machines \u00e0 rotation continue comme les chargeuses (Log Loaders).&nbsp;&nbsp;<\/span><br \/><\/span><span style=\"font-size: 10pt\"><br \/><span style=\"font-family: Poppins;font-size: 10pt\"><b>Performance<\/b> :<\/span><\/span><span style=\"font-size: 10pt\"><span style=\"font-family: Poppins;font-size: 10pt\"> Coupe de 90 cm Cette t\u00eate est sans rivale en termes de capacit\u00e9 d&rsquo;abattage dans sa cat\u00e9gorie. \u00c9quip\u00e9e d&rsquo;un guide de cha\u00eene pouvant atteindre 90 cm, elle peut sectionner des troncs jusqu&rsquo;\u00e0 900 mm de diam\u00e8tre en une seule passe. Ceci est vital pour travailler sur des arbres centenaires ou des eucalyptus g\u00e9ants sans avoir \u00e0 r\u00e9aliser des coupes complexes qui mettraient l&rsquo;op\u00e9rateur en danger.<\/span><br \/><\/span><span style=\"font-size: 10pt\"><br \/><span style=\"font-family: Poppins;font-size: 10pt\"><b>Prise et S\u00e9curit\u00e9 <\/b>: <\/span><\/span><span style=\"font-size: 10pt\"><span style=\"font-family: Poppins;font-size: 10pt\">La s\u00e9curit\u00e9 est le point central de l&rsquo;AFM 750 FH. Son grappin poss\u00e8de une ouverture de 980 mm et une zone de pr\u00e9hension de 0,42 m\u00b2. Cela garantit qu&rsquo;une fois la t\u00eate referm\u00e9e sur le f\u00fbt, l&rsquo;arbre est immobilis\u00e9, permettant un abattage contr\u00f4l\u00e9 ou la manipulation s\u00e9curis\u00e9e de troncs enchev\u00eatr\u00e9s dans les zones sinistr\u00e9es (nettoyage de chablis).<\/span><br \/><\/span><span style=\"font-size: 10pt\"><br \/><span style=\"font-family: Poppins;font-size: 10pt\"><b>Compatibilit\u00e9 de la flotte.<\/b><\/span><\/span><span style=\"font-size: 10pt\"><span style=\"font-family: Poppins;font-size: 10pt\"><b> <\/b>Con\u00e7ue pour la machinerie de fort tonnage et \u00e0 haut d\u00e9bit hydraulique :<\/span><\/span><\/span><span style=\"font-family: Poppins;font-size: 10pt\"><br \/><\/span><\/p>\n<ul>\n<li><span style=\"font-family: Poppins;font-size: 10pt\"><u>Pelles <\/u>: 20 \u2013 30 Tonnes (N\u00e9cessaires pour g\u00e9rer les 1400 kg de la t\u00eate).&nbsp;&nbsp;<\/span><\/li>\n<li><span style=\"font-size: 10pt\"><u>Chargeuses foresti\u00e8res<\/u> : La base id\u00e9ale pour travailler sur parcs \u00e0 bois ou pour le nettoyage de pistes.<\/span><\/li>\n<li><span style=\"font-size: 10pt\"><u>Machines foresti\u00e8res \u00e0 chenilles <\/u>: Compatible.<\/span><\/li>\n<li><span style=\"font-size: 10pt\"><u>Pr\u00e9requis hydrauliques <\/u>: N\u00e9cessite un d\u00e9bit minimum de 220 l\/min et une puissance moteur d&rsquo;au moins 80 kW.<\/span><\/li>\n<\/ul>\n<p><span data-sheets-root=\"1\" style=\"font-size: 10pt;font-family: Poppins, Arial\"><span style=\"font-size: 10pt\"><b><br \/><span style=\"font-family: Poppins;font-size: 10pt\">Vous avez un mod\u00e8le sp\u00e9cifique ou besoin d&rsquo;adapter cette machine \u00e0 vos besoins ? <\/span><\/b><\/span><span style=\"font-size: 10pt\"><span style=\"font-family: Poppins;font-size: 10pt\">Contactez-nous pour un conseil personnalis\u00e9.<\/span><br \/><span style=\"font-family: Poppins;font-size: 10pt\">&#8212;-<\/span><br \/><\/span><span style=\"font-size: 10pt\"><b><span style=\"font-family: Poppins;font-size: 10pt\">Foire Aux Questions (FAQ)<\/span><\/p>\n<p><span style=\"font-family: Poppins;font-size: 10pt\">1. Pour quoi l&rsquo;AFM 750 FH est-elle principalement utilis\u00e9e ?<\/span><\/b><\/span><span style=\"font-size: 10pt;font-family: Poppins\"><b> <\/b>Son usage le plus marquant est le \u00ab\u00a0nettoyage de zones de temp\u00eate\u00a0\u00bb (traitement des chablis) et le retrait de tr\u00e8s grands arbres (tree removal). Sa capacit\u00e9 \u00e0 couper 90 cm et \u00e0 maintenir des charges \u00e9normes la rend unique pour les urgences.<\/span><span style=\"font-size: 10pt\"><br \/><b><br \/><span style=\"font-family: Poppins;font-size: 10pt\">2. De quelle machine ai-je besoin pour la monter ?<\/span><\/b><\/span><span style=\"font-size: 10pt\"><span style=\"font-family: Poppins;font-size: 10pt\"><b> <\/b>Il vous faut une base lourde. La plage recommand\u00e9e est de 20 \u00e0 30 tonnes. L&rsquo;installer sur des machines plus petites est dangereux en raison de son poids propre de 1400 kg ajout\u00e9 \u00e0 la charge de l&rsquo;arbre.<\/span><br \/><\/span><span style=\"font-size: 10pt\"><b><br \/><\/b><span style=\"font-family: Poppins;font-size: 10pt\"><b>3. Comment la scie est-elle contr\u00f4l\u00e9e ?<\/b> <\/span><\/span><span style=\"font-size: 10pt\"><span style=\"font-family: Poppins;font-size: 10pt\">La t\u00eate utilise un syst\u00e8me de Radiocommande. Cela simplifie \u00e9norm\u00e9ment l&rsquo;installation hydraulique et \u00e9lectrique, permettant des rotations infinies si elle est mont\u00e9e avec le rotateur ad\u00e9quat, ce qui est id\u00e9al pour les chargeuses.<\/span><br \/><\/span><span style=\"font-size: 10pt\"><b><br \/><span style=\"font-family: Poppins;font-size: 10pt\">4. Quelle est sa capacit\u00e9 de coupe r\u00e9elle ?<\/span><\/b><\/span><span style=\"font-size: 10pt\"><span style=\"font-family: Poppins;font-size: 10pt\"> Elle est capable d&rsquo;abattre des arbres jusqu&rsquo;\u00e0 900 mm (90 cm). Cela couvre pratiquement 99% du patrimoine arbor\u00e9 commercial et urbain de la p\u00e9ninsule.<\/span><br \/><\/span><span style=\"font-size: 10pt\"><b><br \/><span style=\"font-family: Poppins;font-size: 10pt\">5. Peut-elle \u00eatre utilis\u00e9e comme grappin de charge ? <\/span><\/b><\/span><span style=\"font-size: 10pt;font-family: Poppins\">Oui, avec une ouverture de pr\u00e8s d&rsquo;un m\u00e8tre (980 mm) et une grande force de fermeture, elle fonctionne parfaitement comme pince pour d\u00e9placer de gros troncs ou nettoyer les d\u00e9bris v\u00e9g\u00e9taux apr\u00e8s l&rsquo;abattage.<\/span><\/span><\/p>\n","protected":false},"excerpt":{"rendered":"<p><span data-sheets-root=\"1\" style=\"font-size: 10pt;font-family: Poppins, Arial\"><span style=\"font-size: 10pt;font-weight: bold\">La solution ultime pour les temp\u00eates et les arbres g\u00e9ants<br \/><\/span><span style=\"font-size: 10pt\">L&rsquo;AFM 750 FH est le poids lourd des t\u00eates d&rsquo;abattage. Avec un poids de 1400 kg et une capacit\u00e9 de coupe massive de 900 mm, elle a \u00e9t\u00e9 con\u00e7ue pour affronter les t\u00e2ches les plus dangereuses et exigeantes : le nettoyage des zones d\u00e9vast\u00e9es par les temp\u00eates (chablis) et le retrait d&rsquo;arbres de grand gabarit. C&rsquo;est l&rsquo;outil de s\u00e9curit\u00e9 indispensable pour les pelles de 20 \u00e0 30 tonnes et les chargeuses \u00e0 bois op\u00e9rant dans des conditions critiques.<\/span><\/span><\/p>\n","protected":false},"featured_media":84193,"template":"","meta":{"_acf_changed":false,"_joinchat":[]},"product_brand":[491],"product_cat":[58],"product_tag":[],"translation_priority":[],"class_list":{"0":"post-3219","1":"product","2":"type-product","3":"status-publish","4":"has-post-thumbnail","6":"product_brand-afm-fr","7":"product_cat-machine-fr","8":"pa_marca-afm","9":"pa_tipo-tete-feller-a-scie","11":"first","12":"instock","13":"taxable","14":"shipping-taxable","15":"product-type-simple"},"acf":[],"_links":{"self":[{"href":"https:\/\/forestpioneer.es\/fr\/wp-json\/wp\/v2\/product\/3219","targetHints":{"allow":["GET"]}}],"collection":[{"href":"https:\/\/forestpioneer.es\/fr\/wp-json\/wp\/v2\/product"}],"about":[{"href":"https:\/\/forestpioneer.es\/fr\/wp-json\/wp\/v2\/types\/product"}],"wp:featuredmedia":[{"embeddable":true,"href":"https:\/\/forestpioneer.es\/fr\/wp-json\/wp\/v2\/media\/84193"}],"wp:attachment":[{"href":"https:\/\/forestpioneer.es\/fr\/wp-json\/wp\/v2\/media?parent=3219"}],"wp:term":[{"taxonomy":"product_brand","embeddable":true,"href":"https:\/\/forestpioneer.es\/fr\/wp-json\/wp\/v2\/product_brand?post=3219"},{"taxonomy":"product_cat","embeddable":true,"href":"https:\/\/forestpioneer.es\/fr\/wp-json\/wp\/v2\/product_cat?post=3219"},{"taxonomy":"product_tag","embeddable":true,"href":"https:\/\/forestpioneer.es\/fr\/wp-json\/wp\/v2\/product_tag?post=3219"},{"taxonomy":"translation_priority","embeddable":true,"href":"https:\/\/forestpioneer.es\/fr\/wp-json\/wp\/v2\/translation_priority?post=3219"}],"curies":[{"name":"wp","href":"https:\/\/api.w.org\/{rel}","templated":true}]}}