

{"id":3204,"date":"2025-02-18T08:25:22","date_gmt":"2025-02-18T07:25:22","guid":{"rendered":"https:\/\/forestpioneer.es\/producto\/45\/"},"modified":"2026-01-20T07:58:21","modified_gmt":"2026-01-20T06:58:21","slug":"45","status":"publish","type":"product","link":"https:\/\/forestpioneer.es\/fr\/produit\/45\/","title":{"rendered":"T\u00eate d&rsquo;abattage \u2013 AFM 45"},"content":{"rendered":"<p><span data-sheets-root=\"1\" style=\"font-size: 10pt;font-family: Poppins, Arial\"><span style=\"font-size: 10pt;font-weight: bold\">Ing\u00e9nierie et conception :<\/span><span style=\"font-size: 10pt\"> Structure robuste pour usage mixte Le ch\u00e2ssis de l&rsquo;AFM 45 est le plus robuste de sa cat\u00e9gorie, con\u00e7u pour supporter les exigences des pelles de 12-14 tonnes et des abatteuses foresti\u00e8res moyennes. Sa g\u00e9om\u00e9trie permet un \u00e9branchage de pr\u00e9cision de la souche \u00e0 la cime, gr\u00e2ce \u00e0 ses 4 couteaux mobiles qui \u00e9pousent parfaitement la forme du f\u00fbt. La disposition de ses composants facilite l&rsquo;entretien en for\u00eat, r\u00e9duisant les temps d&rsquo;arr\u00eat.<br \/><\/span><span style=\"font-size: 10pt;font-weight: bold\"><br \/>Alimentation et performance <\/span><span style=\"font-size: 10pt\">: Adh\u00e9rence totale avec 4 moteurs La cl\u00e9 de son succ\u00e8s r\u00e9side dans son unit\u00e9 d&rsquo;alimentation : 4 moteurs hydrauliques entra\u00eenent 3 rouleaux (deux lat\u00e9raux et un sur le ch\u00e2ssis), garantissant que le tronc ne patine jamais, m\u00eame sur des \u00e9corces difficiles comme l&rsquo;eucalyptus ou le pin en s\u00e8ve. Avec une force d&rsquo;alimentation de 22 kN et une vitesse de 5,5 m\/s, elle fa\u00e7onne le bois de 5 \u00e0 35 cm de mani\u00e8re fulgurante, permettant \u00e9galement d&rsquo;abattre des arbres jusqu&rsquo;\u00e0 65 cm de diam\u00e8tre.<br \/><\/span><span style=\"font-size: 10pt;font-weight: bold\"><br \/>Qualit\u00e9 des billons et mesure:<\/span><span style=\"font-size: 10pt\"> L&rsquo;AFM 45 assure des mesures exactes gr\u00e2ce \u00e0 un syst\u00e8me hydraulique de mesure de longueur et des capteurs de diam\u00e8tre sur les couteaux avant. Cela permet de maximiser la valeur du bois de sciage. De plus, la pression proportionnelle sur les rouleaux et les couteaux (r\u00e9glable selon le diam\u00e8tre) \u00e9vite d&rsquo;endommager la fibre du bois pr\u00e9cieux tout en assurant un \u00e9branchage propre des branches les plus dures.<\/p>\n<p><\/span><span style=\"font-size: 10pt;font-weight: bold\">Compatibilit\u00e9 de la flotte Une t\u00eate polyvalente qui s&rsquo;adapte \u00e0 une large gamme de machines de base :<\/span><span style=\"font-size: 10pt\"><br \/><\/span><\/span><\/p>\n<ul>\n<li><span data-sheets-root=\"1\" style=\"font-size: 10pt;font-family: Poppins, Arial\"><span style=\"font-size: 10pt\"><u>Pelles <\/u>: 12 \u2013 14 Tonnes (Gamme id\u00e9ale).<\/span><\/span><\/li>\n<li><span data-sheets-root=\"1\" style=\"font-size: 10pt;font-family: Poppins, Arial\"><span style=\"font-size: 10pt\"><u>Abatteuses \u00e0 roues<\/u> : 8 \u2013 18 Tonnes (Ex. John Deere 1070\/1170, Komatsu 901).<\/span><\/span><\/li>\n<li><span data-sheets-root=\"1\" style=\"font-size: 10pt;font-family: Poppins, Arial\"><span style=\"font-size: 10pt\"><u>Abatteuses \u00e0 chenilles<\/u> : 12 \u2013 14 Tonnes.<\/span><\/span><\/li>\n<li><span data-sheets-root=\"1\" style=\"font-size: 10pt;font-family: Poppins, Arial\"><span style=\"font-size: 10pt\"><u>Exigences hydrauliques<\/u> : D\u00e9bit minimum de 200 l\/min pour un rendement maximal.<br \/><\/span><span style=\"font-size: 10pt;font-weight: bold\"><br \/><\/span><\/span><\/li>\n<\/ul>\n<p><span style=\"font-family: Poppins, Arial;font-size: 10pt;font-weight: bold\">Vous avez un mod\u00e8le sp\u00e9cifique ou besoin d&rsquo;adapter cette machine \u00e0 vos besoins ? <\/span><span style=\"font-family: Poppins, Arial;font-size: 10pt\">Contactez-nous pour recevoir des conseils personnalis\u00e9s<\/span><\/p>\n<p><span data-sheets-root=\"1\" style=\"font-size: 10pt;font-family: Poppins, Arial\"><span style=\"font-size: 10pt\">&#8212;-<\/p>\n<p><\/span><span style=\"font-size: 10pt\"><b>Questions Fr\u00e9quentes sur l&rsquo;AFM 45 (F.A.Q)&nbsp;<\/b><br \/><b><br \/><span style=\"font-size: 10pt\">1. Quel est l&rsquo;avantage des 4 moteurs d&rsquo;alimentation par rapport \u00e0 2 ?<\/span><\/b> <\/span><span style=\"font-size: 10pt\">Le syst\u00e8me \u00e0 4 moteurs offre beaucoup plus de traction et emp\u00eache les rouleaux de patiner sur le tronc. C&rsquo;est vital lorsque l&rsquo;on travaille avec des arbres lourds, du bois humide ou des esp\u00e8ces \u00e0 \u00e9corce glissante comme l&rsquo;eucalyptus, garantissant que toute la puissance hydraulique se convertit en avance r\u00e9elle.<br \/><\/span><span style=\"font-size: 10pt;font-weight: bold\"><br \/>2. Est-elle adapt\u00e9e aux coupes finales ou seulement aux \u00e9claircies ?<\/span><span style=\"font-size: 10pt\"> C&rsquo;est une t\u00eate hybride excellente. Bien qu&rsquo;agile en \u00e9claircies, sa capacit\u00e9 de coupe de 65 cm et sa force de traction lui permettent de r\u00e9aliser des coupes finales dans des peuplements de diam\u00e8tre moyen sans probl\u00e8me, vous offrant plus de flexibilit\u00e9 qu&rsquo;une t\u00eate purement d\u00e9di\u00e9e \u00e0 l&rsquo;\u00e9claircie.<br \/><\/span><span style=\"font-size: 10pt;font-weight: bold\"><br \/>3. Peut-on l&rsquo;installer sur des pelles de moins de 14 tonnes ? <\/span><span style=\"font-size: 10pt\">Oui, c&rsquo;est le cr\u00e9neau parfait. Elle est optimis\u00e9e pour les pelles entre 12 et 14 tonnes, les transformant en abatteuses foresti\u00e8res tr\u00e8s capables et stables gr\u00e2ce \u00e0 son rapport poids-puissance.<br \/><\/span><span style=\"font-size: 10pt;font-weight: bold\"><br \/>4. Quel type d&rsquo;arbres traite-t-elle le mieux ?<\/span><span style=\"font-size: 10pt\"> Elle est tout-terrain. Elle fonctionne exceptionnellement bien sur les r\u00e9sineux (Pin radiata, maritime) gr\u00e2ce \u00e0 sa vitesse, et poss\u00e8de la force n\u00e9cessaire pour \u00e9brancher les feuillus et l&rsquo;eucalyptus dans ses plages de diam\u00e8tre optimal (jusqu&rsquo;\u00e0 35-40 cm).<br \/><\/span><span style=\"font-size: 10pt;font-weight: bold\"><br \/>5. Dispose-t-elle d&rsquo;options pour la biomasse ?<\/span><span style=\"font-size: 10pt\"> Oui, tout comme ses petites s\u0153urs, l&rsquo;AFM 45 peut \u00eatre \u00e9quip\u00e9e de bras accumulateurs (multi-tiges) pour fa\u00e7onner plusieurs f\u00fbts \u00e0 la fois, augmentant la productivit\u00e9 dans les taillis de petit diam\u00e8tre destin\u00e9s \u00e0 l&rsquo;\u00e9nergie.<\/span><\/span><\/p>\n","protected":false},"excerpt":{"rendered":"<p><span data-sheets-root=\"1\" style=\"font-size: 10pt;font-family: Poppins, Arial\"><span style=\"font-size: 10pt;font-weight: bold\">Puissance et traction 4&#215;4 dans un format compact<\/span><span style=\"font-size: 10pt\"><br \/>L&rsquo;AFM 45 est une t\u00eate d&rsquo;abattage haute performance con\u00e7ue pour les op\u00e9rations d&rsquo;\u00e9claircie et les coupes finales dans le bois moyen. Contrairement aux mod\u00e8les plus petits, cette t\u00eate int\u00e8gre un syst\u00e8me d&rsquo;alimentation \u00e0 4 moteurs et 3 rouleaux, offrant une traction et une adh\u00e9rence sup\u00e9rieures (\u00e9quivalent \u00e0 un 4&#215;4) avec un poids op\u00e9rationnel tr\u00e8s contenu de 965 kg. C&rsquo;est l&rsquo;outil ultime ceux qui ont besoin de polyvalence pour passer des \u00e9claircies de pins aux coupes de feuillus avec la m\u00eame machine.<\/span><\/span><\/p>\n","protected":false},"featured_media":84130,"template":"","meta":{"_acf_changed":false,"_joinchat":[]},"product_brand":[491],"product_cat":[58],"product_tag":[],"translation_priority":[],"class_list":{"0":"post-3204","1":"product","2":"type-product","3":"status-publish","4":"has-post-thumbnail","6":"product_brand-afm-fr","7":"product_cat-machine-fr","8":"pa_marca-afm","9":"pa_tipo-tete-dabattage","11":"first","12":"instock","13":"taxable","14":"shipping-taxable","15":"product-type-simple"},"acf":[],"_links":{"self":[{"href":"https:\/\/forestpioneer.es\/fr\/wp-json\/wp\/v2\/product\/3204","targetHints":{"allow":["GET"]}}],"collection":[{"href":"https:\/\/forestpioneer.es\/fr\/wp-json\/wp\/v2\/product"}],"about":[{"href":"https:\/\/forestpioneer.es\/fr\/wp-json\/wp\/v2\/types\/product"}],"wp:featuredmedia":[{"embeddable":true,"href":"https:\/\/forestpioneer.es\/fr\/wp-json\/wp\/v2\/media\/84130"}],"wp:attachment":[{"href":"https:\/\/forestpioneer.es\/fr\/wp-json\/wp\/v2\/media?parent=3204"}],"wp:term":[{"taxonomy":"product_brand","embeddable":true,"href":"https:\/\/forestpioneer.es\/fr\/wp-json\/wp\/v2\/product_brand?post=3204"},{"taxonomy":"product_cat","embeddable":true,"href":"https:\/\/forestpioneer.es\/fr\/wp-json\/wp\/v2\/product_cat?post=3204"},{"taxonomy":"product_tag","embeddable":true,"href":"https:\/\/forestpioneer.es\/fr\/wp-json\/wp\/v2\/product_tag?post=3204"},{"taxonomy":"translation_priority","embeddable":true,"href":"https:\/\/forestpioneer.es\/fr\/wp-json\/wp\/v2\/translation_priority?post=3204"}],"curies":[{"name":"wp","href":"https:\/\/api.w.org\/{rel}","templated":true}]}}