

{"id":3153,"date":"2025-02-18T07:25:00","date_gmt":"2025-02-18T07:25:00","guid":{"rendered":"https:\/\/forestpioneer.es\/producto\/400s\/"},"modified":"2026-01-13T16:02:36","modified_gmt":"2026-01-13T15:02:36","slug":"400s","status":"publish","type":"product","link":"https:\/\/forestpioneer.es\/fr\/produit\/400s\/","title":{"rendered":"400S"},"content":{"rendered":"","protected":false},"excerpt":{"rendered":"<p>Diam\u00e8tre d&rsquo;abattage max.&nbsp;400&nbsp;mm<br \/>Di\u00e0metre optimal \u00d8&nbsp;10-20 cm<br \/>Longeur du guide 42-48 cm<br \/>Poids sans options\/accessoires 350 kg<br \/>Manuel utilisateur en fran\u00e7ais;&nbsp;Livre de pi\u00e8ces d\u00e9tach\u00e9es; Garantie constructeur de pi\u00e8ces et main d&rsquo;oeuvre 1 an ou 1500 heures (premier terme atteint met fin \u00e0 la garantie); Formation \u00e0 la livraison 1 jour; Certificat CE<\/p>\n","protected":false},"featured_media":3150,"template":"","meta":{"_acf_changed":false,"_joinchat":[]},"product_brand":[491],"product_cat":[58],"product_tag":[],"translation_priority":[],"class_list":{"0":"post-3153","1":"product","2":"type-product","3":"status-publish","4":"has-post-thumbnail","6":"product_brand-afm-fr","7":"product_cat-machine-fr","8":"pa_marca-afm","9":"pa_tipo-tete-dabattage","11":"first","12":"instock","13":"taxable","14":"shipping-taxable","15":"product-type-simple"},"acf":[],"_links":{"self":[{"href":"https:\/\/forestpioneer.es\/fr\/wp-json\/wp\/v2\/product\/3153","targetHints":{"allow":["GET"]}}],"collection":[{"href":"https:\/\/forestpioneer.es\/fr\/wp-json\/wp\/v2\/product"}],"about":[{"href":"https:\/\/forestpioneer.es\/fr\/wp-json\/wp\/v2\/types\/product"}],"wp:featuredmedia":[{"embeddable":true,"href":"https:\/\/forestpioneer.es\/fr\/wp-json\/wp\/v2\/media\/3150"}],"wp:attachment":[{"href":"https:\/\/forestpioneer.es\/fr\/wp-json\/wp\/v2\/media?parent=3153"}],"wp:term":[{"taxonomy":"product_brand","embeddable":true,"href":"https:\/\/forestpioneer.es\/fr\/wp-json\/wp\/v2\/product_brand?post=3153"},{"taxonomy":"product_cat","embeddable":true,"href":"https:\/\/forestpioneer.es\/fr\/wp-json\/wp\/v2\/product_cat?post=3153"},{"taxonomy":"product_tag","embeddable":true,"href":"https:\/\/forestpioneer.es\/fr\/wp-json\/wp\/v2\/product_tag?post=3153"},{"taxonomy":"translation_priority","embeddable":true,"href":"https:\/\/forestpioneer.es\/fr\/wp-json\/wp\/v2\/translation_priority?post=3153"}],"curies":[{"name":"wp","href":"https:\/\/api.w.org\/{rel}","templated":true}]}}