

{"id":2970,"date":"2025-02-18T06:57:58","date_gmt":"2025-02-18T06:57:58","guid":{"rendered":"https:\/\/forestpioneer.es\/producto\/220\/"},"modified":"2026-01-13T16:03:40","modified_gmt":"2026-01-13T15:03:40","slug":"220","status":"publish","type":"product","link":"https:\/\/forestpioneer.es\/fr\/produit\/220\/","title":{"rendered":"220"},"content":{"rendered":"","protected":false},"excerpt":{"rendered":"<p><b>Donn\u00e9es techniques<\/b><br \/>Diam\u00e8tre d&rsquo;abattage Max. : 250 mm<br \/>Diam\u00e8tre optimum d&rsquo;abattage 50 &#8211; 250 mm<br \/>Ouverture cisaille: 550 mm<br \/>Ouverture bras accumulateur: 660 mm<br \/>Ouverture grappin de charge: 950 mm<br \/>Dimension grappin de charge: 0,15 m2<br \/>Pression de travail: 240 bars<br \/>Poids \u00e0 partir de: 720 kg<br \/>T\u00eate pour montage sur machine de base 12-15 tonnes avec puissance moteur 80-135 CV<br \/>D\u00e9bit d&rsquo;huile n\u00e9cessaire: 160-200 l\/min<br \/>Syst\u00e8me \u00e9lectrique: 24 V<br \/>Pinces sup\u00e9rieurs accumulatrices multiples (pour cycles d&rsquo;accumulation)<br \/>Syst\u00e8me de contr\u00f4le CAN-bus.<br \/>Disponible en option avec ordinateur MOTOMIT IT<br \/>Manuel utilisateur en fran\u00e7ais<br \/>Livre de pi\u00e8ces d\u00e9tach\u00e9es<br \/>Garantie constructeur en pi\u00e8ces 1 an ou 1500 heures (premier terme atteint met fin \u00e0 la garantie)<br \/>Formation \u00e0 la livraison 1 jour&nbsp;<br \/>Certificat CE<\/p>\n","protected":false},"featured_media":2967,"template":"","meta":{"_acf_changed":false,"_joinchat":[]},"product_brand":[491],"product_cat":[58],"product_tag":[],"translation_priority":[],"class_list":{"0":"post-2970","1":"product","2":"type-product","3":"status-publish","4":"has-post-thumbnail","6":"product_brand-afm-fr","7":"product_cat-machine-fr","8":"pa_marca-afm","9":"pa_tipo-tete-feller-a-cisaille","11":"first","12":"instock","13":"taxable","14":"shipping-taxable","15":"product-type-simple"},"acf":[],"_links":{"self":[{"href":"https:\/\/forestpioneer.es\/fr\/wp-json\/wp\/v2\/product\/2970","targetHints":{"allow":["GET"]}}],"collection":[{"href":"https:\/\/forestpioneer.es\/fr\/wp-json\/wp\/v2\/product"}],"about":[{"href":"https:\/\/forestpioneer.es\/fr\/wp-json\/wp\/v2\/types\/product"}],"wp:featuredmedia":[{"embeddable":true,"href":"https:\/\/forestpioneer.es\/fr\/wp-json\/wp\/v2\/media\/2967"}],"wp:attachment":[{"href":"https:\/\/forestpioneer.es\/fr\/wp-json\/wp\/v2\/media?parent=2970"}],"wp:term":[{"taxonomy":"product_brand","embeddable":true,"href":"https:\/\/forestpioneer.es\/fr\/wp-json\/wp\/v2\/product_brand?post=2970"},{"taxonomy":"product_cat","embeddable":true,"href":"https:\/\/forestpioneer.es\/fr\/wp-json\/wp\/v2\/product_cat?post=2970"},{"taxonomy":"product_tag","embeddable":true,"href":"https:\/\/forestpioneer.es\/fr\/wp-json\/wp\/v2\/product_tag?post=2970"},{"taxonomy":"translation_priority","embeddable":true,"href":"https:\/\/forestpioneer.es\/fr\/wp-json\/wp\/v2\/translation_priority?post=2970"}],"curies":[{"name":"wp","href":"https:\/\/api.w.org\/{rel}","templated":true}]}}