

{"id":2940,"date":"2025-02-18T07:57:48","date_gmt":"2025-02-18T06:57:48","guid":{"rendered":"https:\/\/forestpioneer.es\/producto\/85\/"},"modified":"2026-01-27T11:57:42","modified_gmt":"2026-01-27T10:57:42","slug":"85","status":"publish","type":"product","link":"https:\/\/forestpioneer.es\/fr\/produit\/85\/","title":{"rendered":"T\u00eate d&rsquo;abattage &#8211; AFM 85"},"content":{"rendered":"<p><span data-sheets-root=\"1\" style=\"font-size: 10pt;font-family: Poppins, Arial\"><span style=\"font-size: 10pt;font-weight: bold\">Ing\u00e9nierie et conception : <\/span><span style=\"font-size: 10pt\"><span style=\"font-size: 10pt\">Dimensions colossales. L&rsquo;AFM 85 Magnum TS n&rsquo;est pas seulement grande, elle est immense. Sa structure renforc\u00e9e affiche une largeur maximale de 2060 mm et une ouverture des couteaux arri\u00e8re de 1350 mm. Cette g\u00e9om\u00e9trie lui permet d&rsquo;agir comme une pince g\u00e9ante, capable de manipuler des troncs monumentaux ou de grandes piles de bois lors des op\u00e9rations de fa\u00e7onnage en bord de route. Sa capacit\u00e9 d&rsquo;abattage atteint 1000 mm (1 m\u00e8tre), \u00e9liminant le besoin de b\u00fbcherons manuels m\u00eame sur les sujets les plus \u00e2g\u00e9s.&nbsp; &nbsp; &nbsp;<\/span><br \/><\/span><span style=\"font-size: 10pt;font-weight: bold\"><br \/><span style=\"font-size: 10pt\">Alimentation et performance : <\/span><\/span><span style=\"font-size: 10pt\"><span style=\"font-size: 10pt\">50 kN de force pure. Pour d\u00e9placer des arbres de plusieurs tonnes, la vitesse ne fait pas tout ; la force est la cl\u00e9. Le syst\u00e8me d&rsquo;entra\u00eenement \u00e0 4 moteurs et 3 rouleaux g\u00e9n\u00e8re une impressionnante force de traction de 50 kN. Cela assure que la t\u00eate puisse tirer et \u00e9brancher des ch\u00eanes, des h\u00eatres ou des pins de grand diam\u00e8tre sans s&rsquo;arr\u00eater, tout en maintenant une vitesse d&rsquo;alimentation allant jusqu&rsquo;\u00e0 5 m\/s.<\/span><br \/><\/span><span style=\"font-size: 10pt;font-weight: bold\"><br \/><span style=\"font-size: 10pt\">Qualit\u00e9 de fa\u00e7onnage en gros calibre: <\/span><\/span><span style=\"font-size: 10pt\"><span style=\"font-size: 10pt\">Con\u00e7ue pour travailler dans une plage optimale de 40 \u00e0 70 cm, la Magnum TS dispose d&rsquo;un syst\u00e8me d&rsquo;\u00e9branchage de 3 \u00e0 5 couteaux qui \u00e9pousent les f\u00fbts \u00e9pais avec pr\u00e9cision. C&rsquo;est la machine id\u00e9ale pour fa\u00e7onner le bois sur place de d\u00e9p\u00f4t (landing) ou r\u00e9aliser des coupes \u00e0 blanc (coupes rases) dans des for\u00eats matures, garantissant que chaque billon soit mesur\u00e9 et coup\u00e9 avec une exactitude millim\u00e9trique.<\/span><br \/><\/span><span style=\"font-size: 10pt;font-weight: bold\"><br \/><span style=\"font-size: 10pt\">Compatibilit\u00e9 de la flotte.<\/span><\/span><span style=\"font-size: 10pt\"><span style=\"font-size: 10pt\"> Cette t\u00eate joue dans la ligue des machines lourdes. Elle requiert des bases solides et des syst\u00e8mes hydrauliques haute performance :<\/span><span style=\"font-size: 10pt\"><br \/><\/span><\/span><\/span><\/p>\n<ul>\n<li><span data-sheets-root=\"1\" style=\"font-size: 10pt;font-family: Poppins, Arial\"><span style=\"font-size: 10pt\"><span style=\"font-size: 10pt\">Pelles (Excavatrices) : 30 \u2013 40 Tonnes (Indispensable pour supporter les 3200 kg).<\/span><span style=\"font-size: 10pt\"><br \/><\/span><\/span><\/span><\/li>\n<li><span data-sheets-root=\"1\" style=\"font-size: 10pt;font-family: Poppins, Arial\"><span style=\"font-size: 10pt\"><span style=\"font-size: 10pt\">Machines foresti\u00e8res \u00e0 chenilles : Con\u00e7ue pour les plus grosses bases du march\u00e9.<\/span><\/span><\/span><\/li>\n<li><span style=\"font-size: 10pt\">Pr\u00e9requis hydrauliques : Demande un d\u00e9bit massif de 450 l\/min et une puissance moteur minimale de 160 kW (220 ch) pour alimenter son syst\u00e8me.<\/span><\/li>\n<\/ul>\n<p><span data-sheets-root=\"1\" style=\"font-size: 10pt;font-family: Poppins, Arial\"><span style=\"font-size: 10pt;font-weight: bold\"><br \/><span style=\"font-size: 10pt\">Vous avez un mod\u00e8le sp\u00e9cifique ou besoin d&rsquo;adapter cette machine \u00e0 vos besoins ?<\/span><\/span><span style=\"font-size: 10pt\"><span style=\"font-size: 10pt\"> Contactez-nous pour un conseil personnalis\u00e9.&nbsp;&nbsp;<\/span><br \/><span style=\"font-size: 10pt\">&#8212;&#8212;<\/span><br \/><\/span><span style=\"font-size: 10pt\"><span style=\"font-weight: bold;font-size: 10pt\">Foire Aux Questions (FAQ)&nbsp; &nbsp;<\/span><\/p>\n<p><span style=\"font-size: 10pt\"><b>1. Pour quel type de bois l&rsquo;AFM 85 Magnum TS est-elle faite ?<\/b><\/span><\/span><span style=\"font-size: 10pt\"><span style=\"font-size: 10pt\"><b><span style=\"font-size: 10pt\"> <\/span><\/b><span style=\"font-size: 10pt\">Elle est con\u00e7ue pour ce que nous appelons le \u00ab\u00a0gros bois\u00a0\u00bb ou bois surdimensionn\u00e9. Elle est id\u00e9ale pour les coupes finales de pins et sapins matures, ainsi que les feuillus lourds (ch\u00eane, h\u00eatre) et les eucalyptus g\u00e9ants d\u00e9passant les 60-70 cm de diam\u00e8tre, l\u00e0 o\u00f9 les t\u00eates standard manquent de force.<\/span><\/span><br \/><\/span><span style=\"font-size: 10pt\"><br \/><span style=\"font-size: 10pt\"><b><span style=\"font-size: 10pt\">2. De quelle machine ai-je besoin pour la man\u0153uvrer ?<\/span><\/b><span style=\"font-size: 10pt\"> <\/span><\/span><\/span><span style=\"font-size: 10pt\">Vous avez besoin d&rsquo;une pelle d&rsquo;au moins 30 tonnes, bien qu&rsquo;il soit recommand\u00e9 de viser les 35 ou 40 tonnes. La t\u00eate p\u00e8se 3,2 tonnes, la stabilit\u00e9 et la capacit\u00e9 de levage \u00e0 port\u00e9e maximale sont donc critiques.<\/span><span style=\"font-size: 10pt\"><\/p>\n<p><span style=\"font-size: 10pt\"><b>3. Pourquoi a-t-elle besoin d&rsquo;autant de d\u00e9bit hydraulique (450 l\/min) ?<\/b><\/span><\/span><span style=\"font-size: 10pt\"><span style=\"font-size: 10pt\"><b><span style=\"font-size: 10pt\"> <\/span><\/b><span style=\"font-size: 10pt\">Pour g\u00e9n\u00e9rer 50 kN de force et maintenir la vitesse simultan\u00e9ment dans des cylindres et moteurs aussi gros. C&rsquo;est une machine industrielle ; beaucoup de pelles de s\u00e9rie n\u00e9cessiteront un kit double pompe ou des modifications hydrauliques pour atteindre ce flux.<\/span><\/span><br \/><\/span><span style=\"font-size: 10pt\"><br \/><span style=\"font-size: 10pt\"><b><span style=\"font-size: 10pt\">4. Peut-on l&rsquo;utiliser pour le fa\u00e7onnage sur parc ou place de d\u00e9p\u00f4t ?<\/span><\/b><span style=\"font-size: 10pt\"> <\/span><\/span><\/span><span style=\"font-size: 10pt\"><span style=\"font-size: 10pt\">Oui, c&rsquo;est l&rsquo;une de ses meilleures applications (\u00ab\u00a0Processing operations\u00a0\u00bb). Gr\u00e2ce \u00e0 son ouverture de 1,35 m\u00e8tre, elle peut saisir des arbres entiers laiss\u00e9s par les d\u00e9busqueurs (skidders) et les fa\u00e7onner en bord de piste avec une efficacit\u00e9 brutale.<\/span><br \/><\/span><span style=\"font-size: 10pt\"><br \/><span style=\"font-size: 10pt\"><b><span style=\"font-size: 10pt\">5. Est-elle plus lente que les petits mod\u00e8les ?<\/span><\/b><span style=\"font-size: 10pt\"> <\/span><\/span><\/span><span style=\"font-size: 10pt\">Sa vitesse maximale est de 5 m\/s, ce qui est tr\u00e8s \u00e9lev\u00e9 pour une t\u00eate de cette taille. Bien qu&rsquo;elle soit l\u00e9g\u00e8rement plus lente que l&rsquo;AFM 60 (6 m\/s), sa capacit\u00e9 \u00e0 ne pas s&rsquo;arr\u00eater face aux n\u0153uds ou aux grosses branches rend sa vitesse effective dans le gros bois sup\u00e9rieure.<\/span><\/span><\/p>\n","protected":false},"excerpt":{"rendered":"<p><span data-sheets-root=\"1\" style=\"font-size: 10pt;font-family: Poppins, Arial\"><span style=\"font-size: 10pt;font-weight: bold\">Puissance extr\u00eame pour les plus gros bois de la for\u00eat<br \/><\/span><span style=\"font-size: 10pt\">L&rsquo;AFM 85 Magnum TS porte bien son nom : c&rsquo;est un colosse con\u00e7u pour affronter les arbres les plus grands et les plus lourds que l&rsquo;industrie foresti\u00e8re puisse offrir. Avec un poids op\u00e9rationnel de 3200 kg et une force d&rsquo;alimentation brutale de 50 kN, cette t\u00eate est construite pour les pelles de 30 \u00e0 40 tonnes. C&rsquo;est l&rsquo;outil ultime pour les op\u00e9rations de fa\u00e7onnage \u00e0 grand volume et les coupes rases extr\u00eames, l\u00e0 o\u00f9 d&rsquo;autres t\u00eates ne peuvent tout simplement pas bouger le bois.<\/span><\/span><\/p>\n","protected":false},"featured_media":84693,"template":"","meta":{"_acf_changed":false,"_joinchat":[]},"product_brand":[491],"product_cat":[58],"product_tag":[],"translation_priority":[],"class_list":{"0":"post-2940","1":"product","2":"type-product","3":"status-publish","4":"has-post-thumbnail","6":"product_brand-afm-fr","7":"product_cat-machine-fr","8":"pa_marca-afm","9":"pa_tipo-tete-dabattage","11":"first","12":"instock","13":"taxable","14":"shipping-taxable","15":"product-type-simple"},"acf":[],"_links":{"self":[{"href":"https:\/\/forestpioneer.es\/fr\/wp-json\/wp\/v2\/product\/2940","targetHints":{"allow":["GET"]}}],"collection":[{"href":"https:\/\/forestpioneer.es\/fr\/wp-json\/wp\/v2\/product"}],"about":[{"href":"https:\/\/forestpioneer.es\/fr\/wp-json\/wp\/v2\/types\/product"}],"wp:featuredmedia":[{"embeddable":true,"href":"https:\/\/forestpioneer.es\/fr\/wp-json\/wp\/v2\/media\/84693"}],"wp:attachment":[{"href":"https:\/\/forestpioneer.es\/fr\/wp-json\/wp\/v2\/media?parent=2940"}],"wp:term":[{"taxonomy":"product_brand","embeddable":true,"href":"https:\/\/forestpioneer.es\/fr\/wp-json\/wp\/v2\/product_brand?post=2940"},{"taxonomy":"product_cat","embeddable":true,"href":"https:\/\/forestpioneer.es\/fr\/wp-json\/wp\/v2\/product_cat?post=2940"},{"taxonomy":"product_tag","embeddable":true,"href":"https:\/\/forestpioneer.es\/fr\/wp-json\/wp\/v2\/product_tag?post=2940"},{"taxonomy":"translation_priority","embeddable":true,"href":"https:\/\/forestpioneer.es\/fr\/wp-json\/wp\/v2\/translation_priority?post=2940"}],"curies":[{"name":"wp","href":"https:\/\/api.w.org\/{rel}","templated":true}]}}