

{"id":29221,"date":"2025-04-16T09:29:31","date_gmt":"2025-04-16T07:29:31","guid":{"rendered":"https:\/\/forestpioneer.es\/producto\/tn725d-3\/"},"modified":"2026-03-26T10:07:15","modified_gmt":"2026-03-26T09:07:15","slug":"tn725d-3","status":"publish","type":"product","link":"https:\/\/forestpioneer.es\/fr\/produit\/tn725d-3\/","title":{"rendered":"TIMBERPRO TN 725 D"},"content":{"rendered":"<div>\n<div>\n<div>\n<p>Marque \u2013 Mod\u00e8les : Timberpro TN725D&nbsp;<\/p>\n<p>Ann\u00e9e \u2013 Heures : 2020 &#8211; 10.050h<\/p>\n<p>N\u00b0 de s\u00e9rie : TPRTN725N07670720<\/p>\n<p>\u00c9tat machine : R\u00e9vision compl\u00e8te, remplacement du train de chenille ainsi que la r\u00e9vision des jeux de la t\u00eate Quadco<\/p>\n<p>Dimension : Longueur &#8211; Largeur &#8211; Hauteur:&nbsp; L 4.70m &#8211; 2.89m &#8211; 3.37m<\/p>\n<p>Type de grue et port\u00e9 : grue feller 7.9m de port\u00e9<\/p>\n<p>Train de chaine \u2013 Largeur tuile : Train de roulement CAT D6 avec 48 dalles de 600 mm (bord unique), 470 cm de long&nbsp;<\/p>\n<\/p>\n<p>Options :<\/p>\n<ul>\n<li>Syst\u00e8me type DAFO : oui&nbsp;<\/li>\n<li>&nbsp;Lame avant : non<\/li>\n<li>Treuil : non<\/li>\n<li>Phares de travail : led&nbsp;<\/li>\n<li>Historique de maintenance : Oui<\/li>\n<\/ul>\n<p>Autre :<\/p>\n<ul>\n<li>T\u00eate Quadco 22sc de 2020&nbsp;&nbsp;<\/li>\n<li>1 pompe de traction hydrostatique pour chaque chenille (90 cm)<\/li>\n<li>Pompe d&rsquo;outil Rexroth 145 ccm (360 l\/min \u00e0 la vitesse de travail)<\/li>\n<li>Moto-r\u00e9ducteur LOHMAN \u00e0 rotation continue<\/li>\n<li>Syst\u00e8me de traction hydrostatique<\/li>\n<li>Refroidisseurs eau\/hydraulique r\u00e9versibles automatiquement<\/li>\n<li>Clapet antichoc\/chauffage hydrostatique<\/li>\n<li>Pompe \u00e0 vide hydraulique<\/li>\n<li>Pompe \u00e9lectrique de remplissage d&rsquo;huile<\/li>\n<li>Capot basculant pour faciliter l&rsquo;entretien<\/li>\n<li>Cabine certifi\u00e9e CE\/SAE avec 3 sorties de secours<\/li>\n<li>Cabine pressuris\u00e9e et filtration anti-pollen<\/li>\n<li>Climatisation, chauffage, cabine pressuris\u00e9e et filtration anti-pollen<\/li>\n<li>Vitre frontale en polycarbonate de 3,2 cm<\/li>\n<li>Potentiom\u00e8tre pour le contr\u00f4le de la vitesse des chenilles<\/li>\n<li>Train de roulement final Lohmann Forestal<\/li>\n<li>Rouleaux sup\u00e9rieurs sur chenilles<\/li>\n<li>Rotation de la cabine avec moteur hydrostatique<\/li>\n<li>Sir\u00e8ne programmable avant\/arri\u00e8re<\/li>\n<li>Certificat CE<\/li>\n<\/ul>\n<\/div>\n<\/div>\n<\/div>\n","protected":false},"excerpt":{"rendered":"<p><span style=\"font-size: 24px\"><b>FELLER BUNCHER&nbsp;<\/b><\/span><\/p>\n","protected":false},"featured_media":102136,"template":"","meta":{"_acf_changed":false,"_joinchat":[]},"product_brand":[329],"product_cat":[42,349],"product_tag":[],"translation_priority":[],"class_list":{"0":"post-29221","1":"product","2":"type-product","3":"status-publish","4":"has-post-thumbnail","6":"product_brand-timberpro","7":"product_cat-machine-en-stock","8":"product_cat-machinerie","9":"pa_marca-timberpro","10":"pa_tipo-feller-buncher","12":"first","13":"instock","14":"taxable","15":"shipping-taxable","16":"product-type-simple"},"acf":[],"_links":{"self":[{"href":"https:\/\/forestpioneer.es\/fr\/wp-json\/wp\/v2\/product\/29221","targetHints":{"allow":["GET"]}}],"collection":[{"href":"https:\/\/forestpioneer.es\/fr\/wp-json\/wp\/v2\/product"}],"about":[{"href":"https:\/\/forestpioneer.es\/fr\/wp-json\/wp\/v2\/types\/product"}],"wp:featuredmedia":[{"embeddable":true,"href":"https:\/\/forestpioneer.es\/fr\/wp-json\/wp\/v2\/media\/102136"}],"wp:attachment":[{"href":"https:\/\/forestpioneer.es\/fr\/wp-json\/wp\/v2\/media?parent=29221"}],"wp:term":[{"taxonomy":"product_brand","embeddable":true,"href":"https:\/\/forestpioneer.es\/fr\/wp-json\/wp\/v2\/product_brand?post=29221"},{"taxonomy":"product_cat","embeddable":true,"href":"https:\/\/forestpioneer.es\/fr\/wp-json\/wp\/v2\/product_cat?post=29221"},{"taxonomy":"product_tag","embeddable":true,"href":"https:\/\/forestpioneer.es\/fr\/wp-json\/wp\/v2\/product_tag?post=29221"},{"taxonomy":"translation_priority","embeddable":true,"href":"https:\/\/forestpioneer.es\/fr\/wp-json\/wp\/v2\/translation_priority?post=29221"}],"curies":[{"name":"wp","href":"https:\/\/api.w.org\/{rel}","templated":true}]}}