

{"id":2850,"date":"2025-02-18T06:57:19","date_gmt":"2025-02-18T06:57:19","guid":{"rendered":"https:\/\/forestpioneer.es\/producto\/r-16-4wd-4\/"},"modified":"2025-02-18T06:57:19","modified_gmt":"2025-02-18T06:57:19","slug":"r-16-4wd-4","status":"publish","type":"product","link":"https:\/\/forestpioneer.es\/fr\/produit\/r-16-4wd-4\/","title":{"rendered":"R-16 4WD"},"content":{"rendered":"","protected":false},"excerpt":{"rendered":"<p>Ch\u00e2ssis tubulaire en acier avec profil ferm\u00e9<br \/>Tire d&rsquo;attelage \u00e0 double v\u00e9rin (pour commander la tire, un distributeur double effet est utilis\u00e9, celui-ci doit \u00eatre pr\u00e9vu sur le tracteur)<br \/>Attache selon la norme UNE-ISO 21244<br \/>Bonne visibilit\u00e9 pour charger<br \/>(4) Ranchers viss\u00e9s sur le ch\u00e2ssis et d\u00e9pla\u00e7ables <br \/>Boogie s\u00e9rie 1300 avec traction hydraulique, engrenages sur les boogies et syst\u00e8me de retenue<br \/>Freins \u00e0 disque immerg\u00e9s<br \/>Force de traction : 68,2 kN<br \/>Vitesse de traction de 0 \u00e0 3,40 km\/h (en fonction du d\u00e9bit fourni)<br \/>Vitesse de tra\u00eene : 40 km\/h<br \/>Distributeur \u00e9lectrique PVG32\/3E pour traction<br \/>Syst\u00e8me \u00e9lectrique de retenue<br \/>Installation \u00e9lectrique prot\u00e9g\u00e9e et protecteur en polycarbonate pour les feux de signalisation routi\u00e8re<br \/>Plaques d&rsquo;ancrage (pour grue et b\u00e9quille d&rsquo;appui) et ch\u00e2ssis long<br \/>B\u00e9quille d&rsquo;appui avant<br \/><b>Longueur de pannier 5,20m<\/b><br \/>Protection pour bras d&rsquo; \u00e9l\u00e9vation S\u00e9rie 67A<br \/>Puissance de la machine : 100\/200 CV<br \/>NOTE : n&rsquo;inclut pas le montage sur la machine<br \/>Le tracteur doit disposer de 4 sorties hydrauliques (2 \u00e9l\u00e9ments \u00e0 double effet) et connecteur \u00e9lectrique arri\u00e8re<br \/>Manuel utilisateur en fran\u00e7ais<br \/>Livre de pi\u00e8ces d\u00e9tach\u00e9es<br \/>Garantie constructeur en pi\u00e8ces et main d&rsquo;oeuvre 1 an ou 1500 heures (premier terme atteint met fin \u00e0 la garantie)<br \/>Formation \u00e0 la livraison 1-2 jours<br \/>Certificat CE<\/p>\n","protected":false},"featured_media":2847,"template":"","meta":{"_acf_changed":false,"_joinchat":[]},"product_brand":[],"product_cat":[58],"product_tag":[],"translation_priority":[],"class_list":{"0":"post-2850","1":"product","2":"type-product","3":"status-publish","4":"has-post-thumbnail","6":"product_cat-machine-fr","7":"pa_tipo-remorque-forestiere-pour-tracteur-agricole","9":"first","10":"instock","11":"taxable","12":"shipping-taxable","13":"product-type-simple"},"acf":[],"_links":{"self":[{"href":"https:\/\/forestpioneer.es\/fr\/wp-json\/wp\/v2\/product\/2850","targetHints":{"allow":["GET"]}}],"collection":[{"href":"https:\/\/forestpioneer.es\/fr\/wp-json\/wp\/v2\/product"}],"about":[{"href":"https:\/\/forestpioneer.es\/fr\/wp-json\/wp\/v2\/types\/product"}],"wp:featuredmedia":[{"embeddable":true,"href":"https:\/\/forestpioneer.es\/fr\/wp-json\/wp\/v2\/media\/2847"}],"wp:attachment":[{"href":"https:\/\/forestpioneer.es\/fr\/wp-json\/wp\/v2\/media?parent=2850"}],"wp:term":[{"taxonomy":"product_brand","embeddable":true,"href":"https:\/\/forestpioneer.es\/fr\/wp-json\/wp\/v2\/product_brand?post=2850"},{"taxonomy":"product_cat","embeddable":true,"href":"https:\/\/forestpioneer.es\/fr\/wp-json\/wp\/v2\/product_cat?post=2850"},{"taxonomy":"product_tag","embeddable":true,"href":"https:\/\/forestpioneer.es\/fr\/wp-json\/wp\/v2\/product_tag?post=2850"},{"taxonomy":"translation_priority","embeddable":true,"href":"https:\/\/forestpioneer.es\/fr\/wp-json\/wp\/v2\/translation_priority?post=2850"}],"curies":[{"name":"wp","href":"https:\/\/api.w.org\/{rel}","templated":true}]}}