

{"id":2820,"date":"2025-02-18T06:57:10","date_gmt":"2025-02-18T06:57:10","guid":{"rendered":"https:\/\/forestpioneer.es\/producto\/r-16-4wd-2\/"},"modified":"2025-04-29T08:51:35","modified_gmt":"2025-04-29T06:51:35","slug":"r-16-4wd-2","status":"publish","type":"product","link":"https:\/\/forestpioneer.es\/fr\/produit\/r-16-4wd-2\/","title":{"rendered":"R-16 4WD"},"content":{"rendered":"","protected":false},"excerpt":{"rendered":"<p>Ch\u00e2ssis tubulaire en acier avec profil ferm\u00e9<br \/>\nTire d&rsquo;attelage \u00e0 double v\u00e9rin (pour commander la tire, un distributeur double effet est utilis\u00e9, celui-ci doit \u00eatre pr\u00e9vu sur le tracteur)<br \/>\nAttache selon la norme UNE-ISO 21244<br \/>\nBonne visibilit\u00e9 pour charger<br \/>\n(4) Ranchers viss\u00e9s sur le ch\u00e2ssis et d\u00e9pla\u00e7ables<br \/>\nBoogie s\u00e9rie 1300 avec traction hydraulique, engrenages sur les boogies et syst\u00e8me de retenue<br \/>\nFreins \u00e0 disque immerg\u00e9s<br \/>\nForce de traction : 68,2 kN<br \/>\nVitesse de traction de 0 \u00e0 3,40 km\/h (en fonction du d\u00e9bit fourni)<br \/>\nVitesse de tra\u00eene : 40 km\/h<br \/>\nDistributeur \u00e9lectrique PVG32\/3E pour traction<br \/>\nSyst\u00e8me \u00e9lectrique de retenue<br \/>\nInstallation \u00e9lectrique prot\u00e9g\u00e9e et protecteur en polycarbonate pour les feux de signalisation routi\u00e8re<br \/>\nPlaques d&rsquo;ancrage (pour grue et b\u00e9quille d&rsquo;appui) et ch\u00e2ssis long<br \/>\nB\u00e9quille d&rsquo;appui avant<br \/>\n<b>Longueur de pannier 4,25m<\/b><br \/>\nProtection pour bras d&rsquo; \u00e9l\u00e9vation S\u00e9rie 57A<br \/>\nPuissance de la machine : 100\/200 CV<br \/>\nNOTE : n&rsquo;inclut pas le montage sur la machine<br \/>\nLe tracteur doit disposer de 4 sorties hydrauliques (2 \u00e9l\u00e9ments \u00e0 double effet) et connecteur \u00e9lectrique arri\u00e8re<br \/>\nManuel utilisateur en fran\u00e7ais<br \/>\nLivre de pi\u00e8ces d\u00e9tach\u00e9es<br \/>\nGarantie constructeur en pi\u00e8ces et main d&rsquo;oeuvre 1 an ou 1500 heures (premier terme atteint met fin \u00e0 la garantie)<br \/>\nFormation \u00e0 la livraison 1-2 jours<br \/>\nCertificat CE<\/p>\n","protected":false},"featured_media":35504,"template":"","meta":{"_acf_changed":false,"_joinchat":[]},"product_brand":[],"product_cat":[58],"product_tag":[],"translation_priority":[18],"class_list":{"0":"post-2820","1":"product","2":"type-product","3":"status-publish","4":"has-post-thumbnail","6":"product_cat-machine-fr","7":"pa_tipo-remorque-forestiere-pour-tracteur-agricole","8":"translation_priority-facultatif","10":"first","11":"instock","12":"taxable","13":"shipping-taxable","14":"product-type-simple"},"acf":[],"_links":{"self":[{"href":"https:\/\/forestpioneer.es\/fr\/wp-json\/wp\/v2\/product\/2820","targetHints":{"allow":["GET"]}}],"collection":[{"href":"https:\/\/forestpioneer.es\/fr\/wp-json\/wp\/v2\/product"}],"about":[{"href":"https:\/\/forestpioneer.es\/fr\/wp-json\/wp\/v2\/types\/product"}],"wp:featuredmedia":[{"embeddable":true,"href":"https:\/\/forestpioneer.es\/fr\/wp-json\/wp\/v2\/media\/35504"}],"wp:attachment":[{"href":"https:\/\/forestpioneer.es\/fr\/wp-json\/wp\/v2\/media?parent=2820"}],"wp:term":[{"taxonomy":"product_brand","embeddable":true,"href":"https:\/\/forestpioneer.es\/fr\/wp-json\/wp\/v2\/product_brand?post=2820"},{"taxonomy":"product_cat","embeddable":true,"href":"https:\/\/forestpioneer.es\/fr\/wp-json\/wp\/v2\/product_cat?post=2820"},{"taxonomy":"product_tag","embeddable":true,"href":"https:\/\/forestpioneer.es\/fr\/wp-json\/wp\/v2\/product_tag?post=2820"},{"taxonomy":"translation_priority","embeddable":true,"href":"https:\/\/forestpioneer.es\/fr\/wp-json\/wp\/v2\/translation_priority?post=2820"}],"curies":[{"name":"wp","href":"https:\/\/api.w.org\/{rel}","templated":true}]}}