

{"id":2727,"date":"2025-02-18T07:56:36","date_gmt":"2025-02-18T06:56:36","guid":{"rendered":"https:\/\/forestpioneer.es\/producto\/tf830d\/"},"modified":"2026-04-14T17:37:09","modified_gmt":"2026-04-14T15:37:09","slug":"tf830d","status":"publish","type":"product","link":"https:\/\/forestpioneer.es\/fr\/produit\/tf830d\/","title":{"rendered":"Porteur Forestier \u2013 TimberPro TF830D"},"content":{"rendered":"<p><span data-sheets-root=\"1\" style=\"font-size: 10pt;font-family: Poppins, Arial\"><span style=\"font-size: 10pt;font-weight: bold\">Ing\u00e9nierie et conception : Capacit\u00e9 et Polyvalence.<br \/><\/span><span style=\"font-size: 10pt\">L&rsquo;ing\u00e9nierie du TF830D est \u00ab pens\u00e9e pour la for\u00eat \u00bb, int\u00e9grant de s\u00e9rie une cabine \u00e0 rotation continue \u00e0 360\u00b0 qui permet \u00e0 l&rsquo;op\u00e9rateur de toujours travailler face \u00e0 la charge, optimisant la visibilit\u00e9 et r\u00e9duisant la fatigue. Le ch\u00e2ssis offre une longueur de chargement de 5,10 m, id\u00e9ale pour le transport de grands volumes de grumes ou de bois \u00e9nergie. De plus, son capot basculant facilite un acc\u00e8s total au moteur et aux composants hydrauliques depuis une plateforme s\u00e9curis\u00e9e, maximisant la rentabilit\u00e9 gr\u00e2ce \u00e0 un entretien simplifi\u00e9.<\/span><\/span><\/p>\n<p><span style=\"font-size: 10pt;font-weight: bold\">Puissance et performances : La force Cummins.<br \/><\/span><span style=\"font-size: 10pt\">\u00c9quip\u00e9e d&rsquo;un moteur de la s\u00e9rie Cummins L9, cette machine d\u00e9livre 350 ch et un couple exceptionnel \u00e0 bas r\u00e9gime de 1350Nm, respectant la norme antipollution Stage V gr\u00e2ce au syst\u00e8me Single Module DOC\/DPF\/SCR. Son syst\u00e8me hydraulique de derni\u00e8re g\u00e9n\u00e9ration comprend un ensemble de 6 pompe, assurant des mouvements de grue fluides et une puissance d&rsquo;avancement constante, m\u00eame en pleine charge.<\/span><\/p>\n<p><span style=\"font-size: 10pt;font-weight: bold\">S\u00e9curit\u00e9 et confort : Cabine Premium.<br \/><\/span><span style=\"font-size: 10pt\">La cabine certifi\u00e9e ROPS\/FOPS\/OPS offre un environnement pressuris\u00e9 et filtr\u00e9 avec climatisation num\u00e9rique et si\u00e8ge pneumatique chauffant haut de gamme. Pour garantir une protection maximale, elle int\u00e8gre un pare-brise en polycarbonate de 3,2 cm et le syst\u00e8me d&rsquo;extinction d&rsquo;incendie DAFO de s\u00e9rie. L&rsquo;\u00e9clairage LED haute intensit\u00e9 et la cam\u00e9ra de recul permettent d&rsquo;op\u00e9rer en toute s\u00e9curit\u00e9, m\u00eame dans les massifs forestiers les plus denses.<\/span><\/p>\n<p><span style=\"font-size: 10pt;font-weight: bold\">Compatibilit\u00e9 de flotte et adaptation<\/span><\/p>\n<p><span style=\"font-size: 10pt\">Le TimberPro TF830D est un porteur compatible avec :<\/span><\/p>\n<ul>\n<li><span data-sheets-root=\"1\" style=\"font-size: 10pt;font-family: Poppins, Arial\"><span style=\"font-size: 10pt\"><b>Grues de porteur<\/b> : \u00c9quip\u00e9 de s\u00e9rie d&rsquo;une grue t\u00e9lescopique de 9,5m.<\/span><\/span><\/li>\n<li><span data-sheets-root=\"1\" style=\"font-size: 10pt;font-family: Poppins, Arial\"><span style=\"font-size: 10pt\"><b>Accessoires <\/b>: Possibilit\u00e9 d&rsquo;installer des grappins Hultdins 360s ou 520S ou des \u00e9quipements de type \u00ab Clam Bunk \u00bb pour des applications sp\u00e9cifiques.<\/span><\/span><\/li>\n<li><span data-sheets-root=\"1\" style=\"font-size: 10pt;font-family: Poppins, Arial\"><span style=\"font-size: 10pt\"><b>Pneus <\/b>: Options de 710\/45 (standard) ou 750\/55 (optionnel) pour optimiser la pression au sol.&nbsp;&nbsp;<\/span><\/span><\/li>\n<\/ul>\n<p><span data-sheets-root=\"1\" style=\"font-size: 10pt;font-family: Poppins, Arial\"><span style=\"font-size: 10pt\"><b><br \/><\/b><\/span><\/span><\/p>\n<p><span data-sheets-root=\"1\" style=\"font-size: 10pt;font-family: Poppins, Arial\"><span style=\"font-size: 10pt\"><b>Adaptation sur mesure : Vous avez besoin d&rsquo;une configuration sp\u00e9cifique ?<\/b><span style=\"font-size: 10pt\"><b> <\/b>Contactez-nous pour un conseil personnalis\u00e9.<\/span><\/span><\/span><\/p>\n<p><span data-sheets-root=\"1\" style=\"font-size: 10pt;font-family: Poppins, Arial\"><span style=\"font-size: 10pt\">&#8212;&#8212;&#8212;&#8212;&#8212;&#8212;&#8212;&#8212;&#8212;&#8212;&#8212;-<br \/><\/span><span style=\"font-size: 10pt\"><span style=\"font-weight: bold;font-size: 10pt\">Questions Fr\u00e9quemment Pos\u00e9es (FAQ)&nbsp; &nbsp;<\/span><\/span><\/span><\/p>\n<p><span style=\"font-size: 10pt\"><b>1. Quels sont les avantages de la rotation de cabine \u00e0 360\u00b0 ?<\/b><\/span><span style=\"font-size: 10pt\"><span style=\"font-size: 10pt\"><b> <\/b>Elle permet \u00e0 l&rsquo;op\u00e9rateur de travailler avec une visibilit\u00e9 directe sur la grue et la zone de chargement, \u00e9liminant les angles morts habituels des porteurs conventionnels et renfor\u00e7ant la s\u00e9curit\u00e9.&nbsp;&nbsp;<\/span><br \/><\/span><span style=\"font-size: 10pt;font-weight: bold\"><br \/><span style=\"font-size: 10pt\">2. Comment la machine se comporte-t-elle sur les terrains humides ou meubles ?<\/span><\/span><span style=\"font-size: 10pt\"><span style=\"font-size: 10pt\"> Gr\u00e2ce \u00e0 ses pneus larges (710\/45 ou 750\/55) et \u00e0 sa transmission int\u00e9grale sur essieux Bogie NAF de 20 tonnes, le TF830D offre une excellente flottabilit\u00e9, minimisant l&rsquo;impact au sol tout en maintenant la traction.&nbsp; &nbsp;<\/span><br \/><\/span><span style=\"font-size: 10pt;font-weight: bold\"><br \/><span style=\"font-size: 10pt\">3. Est-il adapt\u00e9 aux conditions d&rsquo;exploitation intensives ? <\/span><\/span><span style=\"font-size: 10pt\"><span style=\"font-size: 10pt\">Absolument. Sa puissance de 350 ch et sa robustesse le rendent id\u00e9al pour les pentes et les massifs forestiers exigeants, que ce soit pour le pin ou l&rsquo;eucalyptus.<\/span><br \/><\/span><span style=\"font-size: 10pt;font-weight: bold\"><br \/><span style=\"font-size: 10pt\">4. Quelles mesures de s\u00e9curit\u00e9 incendie sont incluses ?<\/span><\/span><span style=\"font-size: 10pt\"><span style=\"font-size: 10pt\"> Il est \u00e9quip\u00e9 de s\u00e9rie du syst\u00e8me ANSUL LVS de 15 gallons, sp\u00e9cifiquement con\u00e7u pour les applications foresti\u00e8res, offrant une r\u00e9ponse rapide en cas d&rsquo;incident thermique.<\/span><br \/><\/span><span style=\"font-size: 10pt;font-weight: bold\"><br \/><span style=\"font-size: 10pt\">5. Quelle est la capacit\u00e9 de levage de la grue \u00e0 sa port\u00e9e maximale ?<\/span><\/span><span style=\"font-size: 10pt\"> Avec la grue standard, il offre une grande capacit\u00e9 de levage, pouvant manipuler 2 866 kg \u00e0 sa port\u00e9e maximale d&rsquo;environ 9,6 m (si \u00e9quip\u00e9 de la rallonge optionnelle).<\/span><\/p>\n","protected":false},"excerpt":{"rendered":"<p><span data-sheets-root=\"1\" style=\"font-size: 10pt;font-family: Poppins, Arial\"><span style=\"font-size: 10pt;font-weight: bold\">Le TimberPro TF830D est un porteur haute capacit\u00e9 de 20T avec la plus forte capacit\u00e9 de grue du march\u00e9.<br \/><\/span><span style=\"font-size: 10pt\">Avec un poids op\u00e9rationnel d\u2019environ 25 900 kg et une puissance de premier plan de 350 ch, cet \u00e9quipement robuste 8\u00d78 se distingue par sa capacit\u00e9 de charge et son agilit\u00e9 en for\u00eat, permettant des cycles de travail plus rapides et plus efficaces. Sa configuration \u00e0 double bogie NAF de 20 tonnes garantit une portance et une traction sup\u00e9rieures, en faisant l\u2019alli\u00e9 parfait pour les exploitations foresti\u00e8res les plus exigeantes, notamment en bois \u00e9nergie<\/span><\/span><\/p>\n","protected":false},"featured_media":105495,"template":"","meta":{"_acf_changed":false,"_joinchat":[]},"product_brand":[579],"product_cat":[58],"product_tag":[],"translation_priority":[],"class_list":{"0":"post-2727","1":"product","2":"type-product","3":"status-publish","4":"has-post-thumbnail","6":"product_brand-timberpro-fr","7":"product_cat-machine-fr","8":"pa_marca-timberpro","9":"pa_tipo-porteur","11":"first","12":"instock","13":"taxable","14":"shipping-taxable","15":"product-type-simple"},"acf":[],"_links":{"self":[{"href":"https:\/\/forestpioneer.es\/fr\/wp-json\/wp\/v2\/product\/2727","targetHints":{"allow":["GET"]}}],"collection":[{"href":"https:\/\/forestpioneer.es\/fr\/wp-json\/wp\/v2\/product"}],"about":[{"href":"https:\/\/forestpioneer.es\/fr\/wp-json\/wp\/v2\/types\/product"}],"wp:featuredmedia":[{"embeddable":true,"href":"https:\/\/forestpioneer.es\/fr\/wp-json\/wp\/v2\/media\/105495"}],"wp:attachment":[{"href":"https:\/\/forestpioneer.es\/fr\/wp-json\/wp\/v2\/media?parent=2727"}],"wp:term":[{"taxonomy":"product_brand","embeddable":true,"href":"https:\/\/forestpioneer.es\/fr\/wp-json\/wp\/v2\/product_brand?post=2727"},{"taxonomy":"product_cat","embeddable":true,"href":"https:\/\/forestpioneer.es\/fr\/wp-json\/wp\/v2\/product_cat?post=2727"},{"taxonomy":"product_tag","embeddable":true,"href":"https:\/\/forestpioneer.es\/fr\/wp-json\/wp\/v2\/product_tag?post=2727"},{"taxonomy":"translation_priority","embeddable":true,"href":"https:\/\/forestpioneer.es\/fr\/wp-json\/wp\/v2\/translation_priority?post=2727"}],"curies":[{"name":"wp","href":"https:\/\/api.w.org\/{rel}","templated":true}]}}