

{"id":2724,"date":"2025-02-18T07:56:32","date_gmt":"2025-02-18T06:56:32","guid":{"rendered":"https:\/\/forestpioneer.es\/producto\/tb630d\/"},"modified":"2026-04-14T17:39:18","modified_gmt":"2026-04-14T15:39:18","slug":"tb630d","status":"publish","type":"product","link":"https:\/\/forestpioneer.es\/fr\/produit\/tb630d\/","title":{"rendered":"Abatteuse sur pneus \u2013 TIMBERPRO TB 630D"},"content":{"rendered":"<p><span data-sheets-root=\"1\" style=\"font-size: 10pt;font-family: Poppins, Arial\"><span style=\"font-size: 10pt;font-weight: bold\">Ing\u00e9nierie et conception : <\/span><span style=\"font-size: 10pt\">Polyvalence et s\u00e9curit\u00e9 \u00e0 360\u00b0.<br \/>La TB 630D int\u00e8gre de s\u00e9rie une cabine \u00e0 rotation continue \u00e0 360\u00b0, ce qui permet \u00e0 l&rsquo;op\u00e9rateur de toujours travailler face \u00e0 sa t\u00e2che, sans aucune restriction autour de la machine. Elle se distingue par son capot basculant permettant un acc\u00e8s total et en s\u00e9curit\u00e9 aux organes moteurs et hydrauliques.<\/span><span style=\"font-size: 10pt;font-weight: bold\"><br \/><\/span><\/span><\/p>\n<p><span data-sheets-root=\"1\" style=\"font-size: 10pt;font-family: Poppins, Arial\"><span style=\"font-size: 10pt;font-weight: bold\"><br \/>Performances et traction : <\/span><span style=\"font-size: 10pt\">La puissance Cummins.<br \/>\u00c9quip\u00e9e d&rsquo;un moteur Cummins L9 Stage V, elle d\u00e9livre 350 ch et un couple de1350Nm, elle emporte sans mal les 6 pompes hydrauliques qui permettent de cumuler toutes les fonctions en m\u00eame temps en optimisant la consommation de carburant et prolongeant les intervalles d&rsquo;entretien. Le syst\u00e8me de propulsion hydrostatique d\u00e9di\u00e9 et les essieux NAF (Bogie \u00e0 l&rsquo;avant et essieu simple \u00e0 l&rsquo;arri\u00e8re) assurent une capacit\u00e9 de traction et une stabilit\u00e9 exceptionnelles, m\u00eame avec des t\u00eates de grand format.<br \/><\/span><span style=\"font-size: 10pt;font-weight: bold\"><br \/>Commande et confort : <\/span><span style=\"font-size: 10pt\">Cabine haute r\u00e9sistance.<br \/>La gestion de la machine est assur\u00e9e par le syst\u00e8me IQAN MD4 HD avec \u00e9cran tactile de 10 pouces, offrant des diagnostics en temps r\u00e9el et une protection thermique. La cabine, certifi\u00e9e ROPS\/FOPS\/OPS, est \u00e9quip\u00e9e de vitres en polycarbonate de 3,2 cm (1,25&Prime;) \u00e0 l&rsquo;avant et d&rsquo;un syst\u00e8me d&rsquo;\u00e9clairage LED haute intensit\u00e9 pour garantir la s\u00e9curit\u00e9 dans des conditions de faible visibilit\u00e9.<\/span><\/span><\/p>\n<p><span style=\"font-size: 10pt;font-weight: bold\"><span style=\"font-size: 10pt\">Compatibilit\u00e9 de flotte<\/span><\/span><\/p>\n<p><span style=\"font-size: 10pt\">La TimberPro TB 630D est la plateforme sur pneus la plus robuste du march\u00e9, compatible avec :<\/span><\/p>\n<ul>\n<li><span data-sheets-root=\"1\" style=\"font-size: 10pt;font-family: Poppins, Arial\"><span style=\"font-size: 10pt\"><span style=\"font-size: 10pt\"><b>T\u00eates \u00e0 disque : <\/b>Quadco 20SC ou 22SC<\/span><\/span><\/span><\/li>\n<li><span data-sheets-root=\"1\" style=\"font-size: 10pt;font-family: Poppins, Arial\"><span style=\"font-size: 10pt\"><span style=\"font-size: 10pt\"><b>T\u00eates d&rsquo;abattage billonneuses<\/b> : AFM65, AFM75<\/span><\/span><\/span><\/li>\n<li><span data-sheets-root=\"1\" style=\"font-size: 10pt;font-family: Poppins, Arial\"><span style=\"font-size: 10pt\"><b><span style=\"font-size: 10pt\">Configuration de la grue<\/span><\/b><span style=\"font-size: 10pt\"> : Diff\u00e9rentes grues selon l&rsquo;outil. Grue Feller ou grue pendulaire jusqu&rsquo;\u00e0 7,9m<\/span><\/span><\/span><\/li>\n<li><span data-sheets-root=\"1\" style=\"font-size: 10pt;font-family: Poppins, Arial\"><span style=\"font-size: 10pt\"><b><span style=\"font-size: 10pt\">Options de mise \u00e0 niveau<\/span><\/b><span style=\"font-size: 10pt\"> : Ch\u00e2ssis avant avec correction d&rsquo;assiette optionnelle de 22 degr\u00e9s pour les travaux en pente.<\/span><br \/><\/span><span style=\"font-size: 10pt;font-weight: bold\"><br \/><\/span><\/span><\/li>\n<\/ul>\n<p><span data-sheets-root=\"1\" style=\"font-size: 10pt;font-family: Poppins, Arial\"><span style=\"font-size: 10pt;font-weight: bold\">&#8212;&#8212;&#8212;&#8212;&#8212;&#8212;&#8212;&#8212;&#8212;-<\/span><\/span><\/p>\n<p><span data-sheets-root=\"1\" style=\"font-size: 10pt;font-family: Poppins, Arial\"><span style=\"font-size: 10pt\"><b><span style=\"font-size: 10pt\">Questions Fr\u00e9quemment Pos\u00e9es (FAQ)&nbsp; &nbsp;<\/span><\/b><\/span><\/span><\/p>\n<p><b><span style=\"font-size: 10pt\">1. Pourquoi choisir une machine sur pneus plut\u00f4t qu&rsquo;\u00e0 chenilles ?<\/span><\/b><span style=\"font-size: 10pt\"><b><span style=\"font-size: 10pt\"> <\/span><\/b><span style=\"font-size: 10pt\">La TB 630D est id\u00e9ale pour les chantiers o\u00f9 le bois est dispers\u00e9 ou lorsqu&rsquo;une mobilit\u00e9 rapide entre les zones de coupe est requise, offrant une vitesse de translation sup\u00e9rieure sans sacrifier la capacit\u00e9 de charge pour les outils lourds.<\/span><br \/><\/span><span style=\"font-size: 10pt;font-weight: bold\"><br \/><span style=\"font-size: 10pt\">2. Est-il possible de travailler sur des terrains en pente ? <\/span><\/span><span style=\"font-size: 10pt\"><span style=\"font-size: 10pt\">Oui, ce mod\u00e8le propose en option un syst\u00e8me de mise \u00e0 niveau du ch\u00e2ssis avant de 22\u00b0, permettant de maintenir la stabilit\u00e9 et le confort de l&rsquo;op\u00e9rateur sur les pentes prononc\u00e9es.&nbsp; &nbsp;<\/span><br \/><\/span><span style=\"font-size: 10pt;font-weight: bold\"><br \/><span style=\"font-size: 10pt\">3. Comment la conception moteur pr\u00e9vient-elle les incendies de for\u00eat ?<\/span><\/span><span style=\"font-size: 10pt\"><span style=\"font-size: 10pt\"> Le design s\u00e9pare physiquement le compartiment moteur des composants hydrauliques, r\u00e9duisant consid\u00e9rablement le risque qu&rsquo;une fuite d&rsquo;huile n&rsquo;entre en contact con des surfaces chaudes.<\/span><br \/><\/span><span style=\"font-size: 10pt;font-weight: bold\"><br \/><span style=\"font-size: 10pt\">4. Quelle visibilit\u00e9 offre la machine pour le fa\u00e7onnage du bois ?<\/span><\/span><span style=\"font-size: 10pt\"><span style=\"font-size: 10pt\"> La cabine dispose de larges fen\u00eatres pour une visibilit\u00e9 accrue, et la rotation continue permet \u00e0 l&rsquo;op\u00e9rateur d&rsquo;\u00eatre toujours face au travail, \u00e9liminant ainsi les angles morts.<\/span><br \/><\/span><span style=\"font-size: 10pt;font-weight: bold\"><br \/><span style=\"font-size: 10pt\">5. Quel entretien n\u00e9cessite le syst\u00e8me de post-traitement ?<\/span><\/span><span style=\"font-size: 10pt\"> Gr\u00e2ce au syst\u00e8me&nbsp; DOC\/DPF\/SCR de Cummins, les intervalles d&rsquo;entretien sont plus longs, respectant la norme Stage V avec une efficacit\u00e9 de carburant maximale.<\/span><\/p>\n","protected":false},"excerpt":{"rendered":"<p><span data-sheets-root=\"1\" style=\"font-size: 10pt;font-family: Poppins, Arial\"><span style=\"font-size: 10pt;font-weight: bold\">La TimberPro TB 630D est la seule abatteuse sur pneus au monde sp\u00e9cifiquement con\u00e7ue pour supporter des outils de coupe tels que les t\u00eates \u00e0 disque<br \/><\/span><span style=\"font-size: 10pt\">Avec un poids op\u00e9rationnel d\u2019environ 21 899 kg et une puissance de 350 ch, ce mod\u00e8le offre un \u00e9quilibre parfait entre puissance, performance et productivit\u00e9 dans les environnements les plus exigeants. Sa conception sur pneus permet une mobilit\u00e9 sup\u00e9rieure pour les coupes dispers\u00e9es ou les terrains accident\u00e9s, garantissant une rentabilit\u00e9 maximale.<\/span><\/span><\/p>\n","protected":false},"featured_media":105363,"template":"","meta":{"_acf_changed":false,"_joinchat":[]},"product_brand":[579],"product_cat":[58],"product_tag":[],"translation_priority":[],"class_list":{"0":"post-2724","1":"product","2":"type-product","3":"status-publish","4":"has-post-thumbnail","6":"product_brand-timberpro-fr","7":"product_cat-machine-fr","8":"pa_marca-timberpro","9":"pa_tipo-abatteuse-a-roues","11":"first","12":"instock","13":"taxable","14":"shipping-taxable","15":"product-type-simple"},"acf":[],"_links":{"self":[{"href":"https:\/\/forestpioneer.es\/fr\/wp-json\/wp\/v2\/product\/2724","targetHints":{"allow":["GET"]}}],"collection":[{"href":"https:\/\/forestpioneer.es\/fr\/wp-json\/wp\/v2\/product"}],"about":[{"href":"https:\/\/forestpioneer.es\/fr\/wp-json\/wp\/v2\/types\/product"}],"wp:featuredmedia":[{"embeddable":true,"href":"https:\/\/forestpioneer.es\/fr\/wp-json\/wp\/v2\/media\/105363"}],"wp:attachment":[{"href":"https:\/\/forestpioneer.es\/fr\/wp-json\/wp\/v2\/media?parent=2724"}],"wp:term":[{"taxonomy":"product_brand","embeddable":true,"href":"https:\/\/forestpioneer.es\/fr\/wp-json\/wp\/v2\/product_brand?post=2724"},{"taxonomy":"product_cat","embeddable":true,"href":"https:\/\/forestpioneer.es\/fr\/wp-json\/wp\/v2\/product_cat?post=2724"},{"taxonomy":"product_tag","embeddable":true,"href":"https:\/\/forestpioneer.es\/fr\/wp-json\/wp\/v2\/product_tag?post=2724"},{"taxonomy":"translation_priority","embeddable":true,"href":"https:\/\/forestpioneer.es\/fr\/wp-json\/wp\/v2\/translation_priority?post=2724"}],"curies":[{"name":"wp","href":"https:\/\/api.w.org\/{rel}","templated":true}]}}