

{"id":2697,"date":"2025-02-18T07:56:27","date_gmt":"2025-02-18T06:56:27","guid":{"rendered":"https:\/\/forestpioneer.es\/producto\/tl725d\/"},"modified":"2026-04-14T14:16:53","modified_gmt":"2026-04-14T12:16:53","slug":"tl725d","status":"publish","type":"product","link":"https:\/\/forestpioneer.es\/fr\/produit\/tl725d\/","title":{"rendered":"Feller buncher \u00e0 nivellation &#8211; TIMBERPRO TL725D"},"content":{"rendered":"<p><span data-sheets-root=\"1\" style=\"font-size: 10pt;font-family: Poppins, Arial\"><span style=\"font-size: 10pt;font-weight: bold\">Conception et ing\u00e9nierie :<\/span><span style=\"font-size: 10pt\">&nbsp;<br \/>La TL725D se distingue par son syst\u00e8me de correction d&rsquo;assiette, qui permet des corrections de 24\u00b0 vers l&rsquo;avant, 7\u00b0 vers l&rsquo;arri\u00e8re et 24\u00b0 lat\u00e9ralement, permettant \u00e0 l&rsquo;op\u00e9rateur de travailler dans des conditions extr\u00eames avec une cabine toujours horizontale. Construite sur un ch\u00e2ssis renforc\u00e9 de 2,99m de large (tuiles 600mm ou 700mm) avec un train de roulement Caterpillar (D6), elle est parfaitement adapt\u00e9e aux conditions Europ\u00e9ennes. Sa conception facilite l&rsquo;entretien gr\u00e2ce \u00e0 un capot arri\u00e8re basculant offrant un acc\u00e8s total au moteur et aux composants hydrauliques, en s\u00e9curit\u00e9.<br \/><\/span><span style=\"font-size: 10pt;font-weight: bold\"><br \/>Puissance et performances :&nbsp;<\/span><span style=\"font-size: 10pt\"><br \/>\u00c9quip\u00e9e d&rsquo;un moteur Cummins de la s\u00e9rie L9 de 350 ch (Stage V), elle d\u00e9livre un couple de 1526Nm \u00e0 bas r\u00e9gime pour une r\u00e9ponse imm\u00e9diate. Son syst\u00e8me hydraulique \u00e0 haut d\u00e9bit, \u00e9quip\u00e9 de 7 pompes ind\u00e9pendantes, garantit que n&rsquo;importe quelle t\u00eate d&rsquo;abattage ou feller fonctionne \u00e0 son plein potentiel, dans toutes les phases de travaux.<\/span><span style=\"font-size: 10pt;font-weight: bold\"><br \/><\/span><\/span><\/p>\n<p><span data-sheets-root=\"1\" style=\"font-size: 10pt;font-family: Poppins, Arial\"><span style=\"font-size: 10pt;font-weight: bold\"><br \/>Qualit\u00e9 et s\u00e9curit\u00e9 :&nbsp;<\/span><span style=\"font-size: 10pt\"><br \/>Le syst\u00e8me de contr\u00f4le IQAN MD4 HD avec \u00e9cran tactile de 10 pouces permet une gestion pr\u00e9cise de la machine et des diagnostics avanc\u00e9s. La cabine certifi\u00e9e ROPS\/FOPS\/OPS est \u00e9quip\u00e9e d&rsquo;une vitre frontale en polycarbonate de 3,2 cm et de trois issues de secours, assurant une protection maximale de l&rsquo;op\u00e9rateur. De plus, le syst\u00e8me anti-incendie DAFO est install\u00e9 de s\u00e9rie pour une tranquillit\u00e9 d&rsquo;esprit accrue sur le chantier.<\/span><\/span><\/p>\n<p><span style=\"font-size: 10pt;font-weight: bold\">Compatibilit\u00e9 de flotte<\/span><\/p>\n<p><span style=\"font-size: 10pt\">La TimberPro TL725D est la machine id\u00e9ale pour :<\/span><\/p>\n<ul>\n<li><span data-sheets-root=\"1\" style=\"font-size: 10pt;font-family: Poppins, Arial\"><span style=\"font-size: 10pt\">T\u00eates d&rsquo;abattage \u00e0 disque Quadco 22SC ou 24C<\/span><\/span><\/li>\n<li><span data-sheets-root=\"1\" style=\"font-size: 10pt;font-family: Poppins, Arial\"><span style=\"font-size: 10pt\">T\u00eate billoneuse AFM65 ou AFM75<\/span><\/span><\/li>\n<li><span data-sheets-root=\"1\" style=\"font-size: 10pt;font-family: Poppins, Arial\"><span style=\"font-size: 10pt\">Syst\u00e8mes de mesure : Enti\u00e8rement compatible avec les standards de l&rsquo;industrie pour un fa\u00e7onnage pr\u00e9cis.&nbsp;&nbsp;<\/span><\/span><\/li>\n<li><span data-sheets-root=\"1\" style=\"font-size: 10pt;font-family: Poppins, Arial\"><span style=\"font-size: 10pt\">Configurations : Disponible avec une grue feller ou grue pendulaire longue port\u00e9e (jusqu&rsquo;\u00e0 7,9m).<\/span><\/span><\/li>\n<\/ul>\n<p><span data-sheets-root=\"1\" style=\"font-size: 10pt;font-family: Poppins, Arial\"><span style=\"font-size: 10pt\"><b><br \/>Adaptation sur mesure : Vous avez besoin d&rsquo;une configuration sp\u00e9cifique ?<\/b> <span style=\"font-size: 10pt\">Contactez-nous pour un conseil personnalis\u00e9.<\/span><\/span><\/span><\/p>\n<p><span data-sheets-root=\"1\" style=\"font-size: 10pt;font-family: Poppins, Arial\"><span style=\"font-size: 10pt\">&#8212;&#8212;&#8212;&#8212;&#8212;&#8212;&#8212;&#8212;&#8211;<br \/><\/span><span style=\"font-size: 10pt\"><span style=\"font-weight: bold;font-size: 10pt\">Questions Fr\u00e9quemment Pos\u00e9es (FAQ)&nbsp;&nbsp;<\/span><\/span><\/span><\/p>\n<p><span style=\"font-size: 10pt\"><b>1. Quelle est la capacit\u00e9 r\u00e9elle de mise \u00e0 niveau de la TL725D ? <\/b><\/span><span style=\"font-size: 10pt\"><span style=\"font-size: 10pt\">Le syst\u00e8me permet une correction frontale et lat\u00e9rale allant jusqu&rsquo;\u00e0 24\u00b0 et arri\u00e8re de 7\u00b0. Cela garantit que l&rsquo;op\u00e9rateur travaille confortablement et que la machine maintient un centre de gravit\u00e9 optimis\u00e9 dans les pentes prononc\u00e9es.&nbsp;&nbsp;<\/span><br \/><\/span><span style=\"font-size: 10pt;font-weight: bold\"><br \/><span style=\"font-size: 10pt\">2. Est-elle adapt\u00e9e aux zones prot\u00e9g\u00e9es ou soumises \u00e0 des normes d&rsquo;\u00e9missions strictes ? <\/span><\/span><span style=\"font-size: 10pt\"><span style=\"font-size: 10pt\">Oui, le moteur Cummins L9 r\u00e9pond \u00e0 la norme Stage V, r\u00e9duisant consid\u00e9rablement les \u00e9missions polluantes.<\/span><br \/><\/span><span style=\"font-size: 10pt;font-weight: bold\"><br \/><span style=\"font-size: 10pt\">3. Comment s&rsquo;effectue l&rsquo;entretien quotidien de la machine ?<\/span><\/span><span style=\"font-size: 10pt\"><span style=\"font-size: 10pt\"> Il est extr\u00eamement simple gr\u00e2ce aux portes d&rsquo;acc\u00e8s lat\u00e9rales et au capot arri\u00e8re \u00e0 ouverture totale. De plus, elle inclut une pompe \u00e0 vide pour le r\u00e9servoir hydraulique et une pompe de remplissage d&rsquo;huile \u00e9lectrique pour \u00e9viter les contaminations.<\/span><br \/><\/span><span style=\"font-size: 10pt;font-weight: bold\"><br \/><span style=\"font-size: 10pt\">4. Quelle visibilit\u00e9 offre la cabine lors des travaux en hauteur ?<\/span><\/span><span style=\"font-size: 10pt\"><span style=\"font-size: 10pt\"> La cabine b\u00e9n\u00e9ficie d&rsquo;une conception haute visibilit\u00e9 et d&rsquo;un pack de projecteurs LED haute intensit\u00e9. Elle comprend \u00e9galement de s\u00e9rie une cam\u00e9ra de recul pour des man\u0153uvres s\u00e9curis\u00e9es en for\u00eat.<\/span><br \/><\/span><span style=\"font-size: 10pt;font-weight: bold\"><br \/><span style=\"font-size: 10pt\">5. Quelle est la largeur de la machine avec les chenilles standard ?<\/span><\/span><span style=\"font-size: 10pt\"> La largeur totale de la machine est de 2,99 m , ce qui lui permet un transport facilit\u00e9 en convoi cat 1<\/span><\/p>\n","protected":false},"excerpt":{"rendered":"<p><span data-sheets-root=\"1\" style=\"font-size: 10pt;font-family: Poppins, Arial\"><span style=\"font-size: 10pt;font-weight: bold\">La TimberPro TL725D repr\u00e9sente l\u2019aboutissement de plus de 40 ans d\u2019exp\u00e9rience dans le secteur forestier. Elle est sp\u00e9cifiquement con\u00e7ue pour offrir le meilleur rapport poids-puissance parmi les abatteuses \u00e0 chenilles dot\u00e9es d\u2019un syst\u00e8me de correction d\u2019assiette pour les fortes pentes.<br \/><\/span><span style=\"font-size: 10pt\">Avec un poids op\u00e9rationnel d\u2019environ 28 093 kg et une puissance de 350 ch, cette machine est la solution ultime pour les op\u00e9rations d\u2019abattage sur terrains escarp\u00e9s o\u00f9 la stabilit\u00e9 et l\u2019effort de traction sont critiques.<\/span><\/span><\/p><\/p>\n","protected":false},"featured_media":105186,"template":"","meta":{"_acf_changed":false,"_joinchat":[]},"product_brand":[579],"product_cat":[58],"product_tag":[],"translation_priority":[],"class_list":{"0":"post-2697","1":"product","2":"type-product","3":"status-publish","4":"has-post-thumbnail","6":"product_brand-timberpro-fr","7":"product_cat-machine-fr","8":"pa_marca-timberpro","9":"pa_tipo-feller-buncher","11":"first","12":"instock","13":"taxable","14":"shipping-taxable","15":"product-type-simple"},"acf":[],"_links":{"self":[{"href":"https:\/\/forestpioneer.es\/fr\/wp-json\/wp\/v2\/product\/2697","targetHints":{"allow":["GET"]}}],"collection":[{"href":"https:\/\/forestpioneer.es\/fr\/wp-json\/wp\/v2\/product"}],"about":[{"href":"https:\/\/forestpioneer.es\/fr\/wp-json\/wp\/v2\/types\/product"}],"wp:featuredmedia":[{"embeddable":true,"href":"https:\/\/forestpioneer.es\/fr\/wp-json\/wp\/v2\/media\/105186"}],"wp:attachment":[{"href":"https:\/\/forestpioneer.es\/fr\/wp-json\/wp\/v2\/media?parent=2697"}],"wp:term":[{"taxonomy":"product_brand","embeddable":true,"href":"https:\/\/forestpioneer.es\/fr\/wp-json\/wp\/v2\/product_brand?post=2697"},{"taxonomy":"product_cat","embeddable":true,"href":"https:\/\/forestpioneer.es\/fr\/wp-json\/wp\/v2\/product_cat?post=2697"},{"taxonomy":"product_tag","embeddable":true,"href":"https:\/\/forestpioneer.es\/fr\/wp-json\/wp\/v2\/product_tag?post=2697"},{"taxonomy":"translation_priority","embeddable":true,"href":"https:\/\/forestpioneer.es\/fr\/wp-json\/wp\/v2\/translation_priority?post=2697"}],"curies":[{"name":"wp","href":"https:\/\/api.w.org\/{rel}","templated":true}]}}