

{"id":14481,"date":"2025-02-19T07:49:56","date_gmt":"2025-02-19T06:49:56","guid":{"rendered":"https:\/\/forestpioneer.es\/producto\/disque-affutage-cbn-modele-perfore-145x8x16-grain-60-70\/"},"modified":"2026-04-15T21:01:43","modified_gmt":"2026-04-15T19:01:43","slug":"disque-affutage-cbn-modele-perfore-145x8x16-grain-60-70","status":"publish","type":"product","link":"https:\/\/forestpioneer.es\/fr\/produit\/disque-affutage-cbn-modele-perfore-145x8x16-grain-60-70\/","title":{"rendered":"Disque aff\u00fbtage CBN (mod\u00e8le perfor\u00e9) 145x8x16 Grain 60\/70"},"content":{"rendered":"","protected":false},"excerpt":{"rendered":"","protected":false},"featured_media":27100,"template":"","meta":{"_acf_changed":false,"_joinchat":[]},"product_brand":[525],"product_cat":[266],"product_tag":[],"translation_priority":[],"class_list":{"0":"post-14481","1":"product","2":"type-product","3":"status-publish","4":"has-post-thumbnail","6":"product_brand-yinglong-fr","7":"product_cat-accessoires-de-rechange-pour-guides-et-chaines","8":"pa_marca-yinglong","10":"first","11":"instock","12":"taxable","13":"shipping-taxable","14":"purchasable","15":"product-type-simple"},"acf":[],"_links":{"self":[{"href":"https:\/\/forestpioneer.es\/fr\/wp-json\/wp\/v2\/product\/14481","targetHints":{"allow":["GET"]}}],"collection":[{"href":"https:\/\/forestpioneer.es\/fr\/wp-json\/wp\/v2\/product"}],"about":[{"href":"https:\/\/forestpioneer.es\/fr\/wp-json\/wp\/v2\/types\/product"}],"wp:featuredmedia":[{"embeddable":true,"href":"https:\/\/forestpioneer.es\/fr\/wp-json\/wp\/v2\/media\/27100"}],"wp:attachment":[{"href":"https:\/\/forestpioneer.es\/fr\/wp-json\/wp\/v2\/media?parent=14481"}],"wp:term":[{"taxonomy":"product_brand","embeddable":true,"href":"https:\/\/forestpioneer.es\/fr\/wp-json\/wp\/v2\/product_brand?post=14481"},{"taxonomy":"product_cat","embeddable":true,"href":"https:\/\/forestpioneer.es\/fr\/wp-json\/wp\/v2\/product_cat?post=14481"},{"taxonomy":"product_tag","embeddable":true,"href":"https:\/\/forestpioneer.es\/fr\/wp-json\/wp\/v2\/product_tag?post=14481"},{"taxonomy":"translation_priority","embeddable":true,"href":"https:\/\/forestpioneer.es\/fr\/wp-json\/wp\/v2\/translation_priority?post=14481"}],"curies":[{"name":"wp","href":"https:\/\/api.w.org\/{rel}","templated":true}]}}