

{"id":14157,"date":"2025-02-19T08:08:24","date_gmt":"2025-02-19T07:08:24","guid":{"rendered":"https:\/\/forestpioneer.es\/producto\/l4hl-vis-201-lampe-frontale-milwaukee-avec-feu-arriere-redlithium-usb-trueview-5-modes-600-400-150-25-400-lumens-protection-ip52-feu-arriere-rouge-fixe-clignotant-tete-rotative\/"},"modified":"2026-04-29T21:01:41","modified_gmt":"2026-04-29T19:01:41","slug":"l4hl-vis-201-lampe-frontale-milwaukee-avec-feu-arriere-redlithium-usb-trueview-5-modes-600-400-150-25-400-lumens-protection-ip52-feu-arriere-rouge-fixe-clignotant-tete-rotative","status":"publish","type":"product","link":"https:\/\/forestpioneer.es\/fr\/produit\/l4hl-vis-201-lampe-frontale-milwaukee-avec-feu-arriere-redlithium-usb-trueview-5-modes-600-400-150-25-400-lumens-protection-ip52-feu-arriere-rouge-fixe-clignotant-tete-rotative\/","title":{"rendered":"L4HL-VIS-201 Lampe frontale Milwaukee 5 modes feu arri\u00e8re rouge fixe\/clignotant, t\u00eate rotative."},"content":{"rendered":"<p>L4HL-VIS-201 Lampe frontale Milwaukee avec feu arri\u00e8re REDLITHIUM\u2122 USB TRUEVIEW\u2122, 5 modes &#8211; 600\/400\/150\/25\/400 lumens, protection IP52, feu arri\u00e8re rouge fixe\/clignotant, t\u00eate rotative. Livr\u00e9 avec 1 pile L4B3 et c\u00e2ble micro USB<\/p>\n","protected":false},"excerpt":{"rendered":"<p>L4HL-VIS-201 Lampe frontale Milwaukee avec feu arri\u00e8re REDLITHIUM\u2122 USB TRUEVIEW\u2122, 5 modes &#8211; 600\/400\/150\/25\/400 lumens, protection IP52, feu arri\u00e8re rouge fixe\/clignotant, t\u00eate rotative. Livr\u00e9 avec 1 pile L4B3 et c\u00e2ble micro USB<\/p>\n","protected":false},"featured_media":14154,"template":"","meta":{"_acf_changed":false,"_joinchat":[]},"product_brand":[527],"product_cat":[271,357],"product_tag":[],"translation_priority":[],"class_list":{"0":"post-14157","1":"product","2":"type-product","3":"status-publish","4":"has-post-thumbnail","6":"product_brand-milwaukee-tool-fr","7":"product_cat-outils-pour-machines-forestieres","8":"product_cat-outlet-forestier","9":"pa_marca-milwaukee-tool","11":"first","12":"instock","13":"sale","14":"taxable","15":"shipping-taxable","16":"purchasable","17":"product-type-simple"},"acf":[],"_links":{"self":[{"href":"https:\/\/forestpioneer.es\/fr\/wp-json\/wp\/v2\/product\/14157","targetHints":{"allow":["GET"]}}],"collection":[{"href":"https:\/\/forestpioneer.es\/fr\/wp-json\/wp\/v2\/product"}],"about":[{"href":"https:\/\/forestpioneer.es\/fr\/wp-json\/wp\/v2\/types\/product"}],"wp:featuredmedia":[{"embeddable":true,"href":"https:\/\/forestpioneer.es\/fr\/wp-json\/wp\/v2\/media\/14154"}],"wp:attachment":[{"href":"https:\/\/forestpioneer.es\/fr\/wp-json\/wp\/v2\/media?parent=14157"}],"wp:term":[{"taxonomy":"product_brand","embeddable":true,"href":"https:\/\/forestpioneer.es\/fr\/wp-json\/wp\/v2\/product_brand?post=14157"},{"taxonomy":"product_cat","embeddable":true,"href":"https:\/\/forestpioneer.es\/fr\/wp-json\/wp\/v2\/product_cat?post=14157"},{"taxonomy":"product_tag","embeddable":true,"href":"https:\/\/forestpioneer.es\/fr\/wp-json\/wp\/v2\/product_tag?post=14157"},{"taxonomy":"translation_priority","embeddable":true,"href":"https:\/\/forestpioneer.es\/fr\/wp-json\/wp\/v2\/translation_priority?post=14157"}],"curies":[{"name":"wp","href":"https:\/\/api.w.org\/{rel}","templated":true}]}}