

{"id":14022,"date":"2025-02-19T07:07:26","date_gmt":"2025-02-19T06:07:26","guid":{"rendered":"https:\/\/forestpioneer.es\/producto\/boulonneuse-milwaukee-m18-fuel-one-key-carre-1-a-poignee-d-et-nez-long-avec-fixation-o-ring-2-batteries-haute-demande-12-0-ah-en-kitbox\/"},"modified":"2026-04-15T21:01:37","modified_gmt":"2026-04-15T19:01:37","slug":"boulonneuse-milwaukee-m18-fuel-one-key-carre-1-a-poignee-d-et-nez-long-avec-fixation-o-ring-2-batteries-haute-demande-12-0-ah-en-kitbox","status":"publish","type":"product","link":"https:\/\/forestpioneer.es\/fr\/produit\/boulonneuse-milwaukee-m18-fuel-one-key-carre-1-a-poignee-d-et-nez-long-avec-fixation-o-ring-2-batteries-haute-demande-12-0-ah-en-kitbox\/","title":{"rendered":"Boulonneuse MILWAUKEE M18 FUEL ONE-KEY, carr\u00e9 1&Prime;, \u00e0 poign\u00e9e D et nez long, avec fixation O-Ring, 2 batteries haute demande 12.0 Ah, en KITBOX"},"content":{"rendered":"","protected":false},"excerpt":{"rendered":"","protected":false},"featured_media":14007,"template":"","meta":{"_acf_changed":false,"_joinchat":[]},"product_brand":[527],"product_cat":[271],"product_tag":[],"translation_priority":[],"class_list":{"0":"post-14022","1":"product","2":"type-product","3":"status-publish","4":"has-post-thumbnail","6":"product_brand-milwaukee-tool-fr","7":"product_cat-outils-pour-machines-forestieres","8":"pa_marca-milwaukee-tool","10":"first","11":"outofstock","12":"taxable","13":"shipping-taxable","14":"purchasable","15":"product-type-simple"},"acf":[],"_links":{"self":[{"href":"https:\/\/forestpioneer.es\/fr\/wp-json\/wp\/v2\/product\/14022","targetHints":{"allow":["GET"]}}],"collection":[{"href":"https:\/\/forestpioneer.es\/fr\/wp-json\/wp\/v2\/product"}],"about":[{"href":"https:\/\/forestpioneer.es\/fr\/wp-json\/wp\/v2\/types\/product"}],"wp:featuredmedia":[{"embeddable":true,"href":"https:\/\/forestpioneer.es\/fr\/wp-json\/wp\/v2\/media\/14007"}],"wp:attachment":[{"href":"https:\/\/forestpioneer.es\/fr\/wp-json\/wp\/v2\/media?parent=14022"}],"wp:term":[{"taxonomy":"product_brand","embeddable":true,"href":"https:\/\/forestpioneer.es\/fr\/wp-json\/wp\/v2\/product_brand?post=14022"},{"taxonomy":"product_cat","embeddable":true,"href":"https:\/\/forestpioneer.es\/fr\/wp-json\/wp\/v2\/product_cat?post=14022"},{"taxonomy":"product_tag","embeddable":true,"href":"https:\/\/forestpioneer.es\/fr\/wp-json\/wp\/v2\/product_tag?post=14022"},{"taxonomy":"translation_priority","embeddable":true,"href":"https:\/\/forestpioneer.es\/fr\/wp-json\/wp\/v2\/translation_priority?post=14022"}],"curies":[{"name":"wp","href":"https:\/\/api.w.org\/{rel}","templated":true}]}}