

{"id":13501,"date":"2025-02-19T08:03:36","date_gmt":"2025-02-19T07:03:36","guid":{"rendered":"https:\/\/forestpioneer.es\/producto\/kit-milwaukee-compose-par-cle-a-chocs-m18-fuel-onekey-3-4-avec-anneau-1627nm-serrage-2034-nm-desserrage-meuleuse-m18-sans-charbons-disque-125mm-8500-tours-min-pompe-a-graisse-m18-690-bar-3-b\/"},"modified":"2026-05-02T21:01:27","modified_gmt":"2026-05-02T19:01:27","slug":"kit-milwaukee-compose-par-cle-a-chocs-m18-fuel-onekey-3-4-avec-anneau-1627nm-serrage-2034-nm-desserrage-meuleuse-m18-sans-charbons-disque-125mm-8500-tours-min-pompe-a-graisse-m18-690-bar-3-b","status":"publish","type":"product","link":"https:\/\/forestpioneer.es\/fr\/produit\/kit-milwaukee-compose-par-cle-a-chocs-m18-fuel-onekey-3-4-avec-anneau-1627nm-serrage-2034-nm-desserrage-meuleuse-m18-sans-charbons-disque-125mm-8500-tours-min-pompe-a-graisse-m18-690-bar-3-b\/","title":{"rendered":"Kit Milwaukee avec Cl\u00e9 \u00e0 chocs M18 Fuel Onekey 3\/4 + Meuleuse M18 + pompe \u00e0 graisse + 3 batteries 5.5 Ah + chargeur et sac de transport"},"content":{"rendered":"<p>Kit Milwaukee compos\u00e9 par Cl\u00e9 \u00e0 chocs M18 Fuel Onekey 3\/4 avec anneau, 1627Nm serrage, 2034 Nm desserrage + Meuleuse M18 sans charbons, disque 125mm, 8500 tours\/min + pompe \u00e0 graisse M18-690 bar + 3 batteries 5.5 Ah High Output + chargeur et sac de transport<\/p>\n","protected":false},"excerpt":{"rendered":"<p>Kit Milwaukee compos\u00e9 par Cl\u00e9 \u00e0 chocs M18 Fuel Onekey 3\/4 avec anneau, 1627Nm serrage, 2034 Nm desserrage + Meuleuse M18 sans charbons, disque 125mm, 8500 tours\/min + pompe \u00e0 graisse M18-690 bar + 3 batteries 5.5 Ah High Output + chargeur et sac de transport<\/p>\n","protected":false},"featured_media":78471,"template":"","meta":{"_acf_changed":false,"_joinchat":[]},"product_brand":[527],"product_cat":[271],"product_tag":[],"translation_priority":[1627],"class_list":{"0":"post-13501","1":"product","2":"type-product","3":"status-publish","4":"has-post-thumbnail","6":"product_brand-milwaukee-tool-fr","7":"product_cat-outils-pour-machines-forestieres","8":"pa_marca-milwaukee-tool","9":"translation_priority-opcional","11":"first","12":"instock","13":"sale","14":"taxable","15":"shipping-taxable","16":"purchasable","17":"product-type-simple"},"acf":[],"_links":{"self":[{"href":"https:\/\/forestpioneer.es\/fr\/wp-json\/wp\/v2\/product\/13501","targetHints":{"allow":["GET"]}}],"collection":[{"href":"https:\/\/forestpioneer.es\/fr\/wp-json\/wp\/v2\/product"}],"about":[{"href":"https:\/\/forestpioneer.es\/fr\/wp-json\/wp\/v2\/types\/product"}],"wp:featuredmedia":[{"embeddable":true,"href":"https:\/\/forestpioneer.es\/fr\/wp-json\/wp\/v2\/media\/78471"}],"wp:attachment":[{"href":"https:\/\/forestpioneer.es\/fr\/wp-json\/wp\/v2\/media?parent=13501"}],"wp:term":[{"taxonomy":"product_brand","embeddable":true,"href":"https:\/\/forestpioneer.es\/fr\/wp-json\/wp\/v2\/product_brand?post=13501"},{"taxonomy":"product_cat","embeddable":true,"href":"https:\/\/forestpioneer.es\/fr\/wp-json\/wp\/v2\/product_cat?post=13501"},{"taxonomy":"product_tag","embeddable":true,"href":"https:\/\/forestpioneer.es\/fr\/wp-json\/wp\/v2\/product_tag?post=13501"},{"taxonomy":"translation_priority","embeddable":true,"href":"https:\/\/forestpioneer.es\/fr\/wp-json\/wp\/v2\/translation_priority?post=13501"}],"curies":[{"name":"wp","href":"https:\/\/api.w.org\/{rel}","templated":true}]}}