

{"id":13126,"date":"2025-02-19T06:59:43","date_gmt":"2025-02-19T05:59:43","guid":{"rendered":"https:\/\/forestpioneer.es\/producto\/ensemble-de-douilles-a-chocs-bahco-a-entrainement-carre-de-3-4\/"},"modified":"2026-04-29T21:01:24","modified_gmt":"2026-04-29T19:01:24","slug":"ensemble-de-douilles-a-chocs-bahco-a-entrainement-carre-de-3-4","status":"publish","type":"product","link":"https:\/\/forestpioneer.es\/fr\/produit\/ensemble-de-douilles-a-chocs-bahco-a-entrainement-carre-de-3-4\/","title":{"rendered":"Ensemble de douilles \u00e0 chocs BAHCO \u00e0 entra\u00eenement carr\u00e9 de 3\/4 \u00ab\u00a0"},"content":{"rendered":"","protected":false},"excerpt":{"rendered":"","protected":false},"featured_media":13117,"template":"","meta":{"_acf_changed":false,"_joinchat":[]},"product_brand":[533],"product_cat":[271,357],"product_tag":[],"translation_priority":[],"class_list":{"0":"post-13126","1":"product","2":"type-product","3":"status-publish","4":"has-post-thumbnail","6":"product_brand-bahco-fr","7":"product_cat-outils-pour-machines-forestieres","8":"product_cat-outlet-forestier","9":"pa_marca-bahco","11":"first","12":"instock","13":"taxable","14":"shipping-taxable","15":"purchasable","16":"product-type-simple"},"acf":[],"_links":{"self":[{"href":"https:\/\/forestpioneer.es\/fr\/wp-json\/wp\/v2\/product\/13126","targetHints":{"allow":["GET"]}}],"collection":[{"href":"https:\/\/forestpioneer.es\/fr\/wp-json\/wp\/v2\/product"}],"about":[{"href":"https:\/\/forestpioneer.es\/fr\/wp-json\/wp\/v2\/types\/product"}],"wp:featuredmedia":[{"embeddable":true,"href":"https:\/\/forestpioneer.es\/fr\/wp-json\/wp\/v2\/media\/13117"}],"wp:attachment":[{"href":"https:\/\/forestpioneer.es\/fr\/wp-json\/wp\/v2\/media?parent=13126"}],"wp:term":[{"taxonomy":"product_brand","embeddable":true,"href":"https:\/\/forestpioneer.es\/fr\/wp-json\/wp\/v2\/product_brand?post=13126"},{"taxonomy":"product_cat","embeddable":true,"href":"https:\/\/forestpioneer.es\/fr\/wp-json\/wp\/v2\/product_cat?post=13126"},{"taxonomy":"product_tag","embeddable":true,"href":"https:\/\/forestpioneer.es\/fr\/wp-json\/wp\/v2\/product_tag?post=13126"},{"taxonomy":"translation_priority","embeddable":true,"href":"https:\/\/forestpioneer.es\/fr\/wp-json\/wp\/v2\/translation_priority?post=13126"}],"curies":[{"name":"wp","href":"https:\/\/api.w.org\/{rel}","templated":true}]}}