

{"id":12979,"date":"2025-02-19T06:58:42","date_gmt":"2025-02-19T05:58:42","guid":{"rendered":"https:\/\/forestpioneer.es\/producto\/jeu-de-cles-bahco-males-6-pans-dimensions-en-pouces-finition-phosphatee-12-pcs\/"},"modified":"2026-04-19T21:01:21","modified_gmt":"2026-04-19T19:01:21","slug":"jeu-de-cles-bahco-males-6-pans-dimensions-en-pouces-finition-phosphatee-12-pcs","status":"publish","type":"product","link":"https:\/\/forestpioneer.es\/fr\/produit\/jeu-de-cles-bahco-males-6-pans-dimensions-en-pouces-finition-phosphatee-12-pcs\/","title":{"rendered":"Jeu de cl\u00e9s BAHCO m\u00e2les 6 pans, dimensions en pouces, finition phosphat\u00e9e &#8211; 12 pcs"},"content":{"rendered":"","protected":false},"excerpt":{"rendered":"","protected":false},"featured_media":28176,"template":"","meta":{"_acf_changed":false,"_joinchat":[]},"product_brand":[533],"product_cat":[271,357],"product_tag":[],"translation_priority":[],"class_list":{"0":"post-12979","1":"product","2":"type-product","3":"status-publish","4":"has-post-thumbnail","6":"product_brand-bahco-fr","7":"product_cat-outils-pour-machines-forestieres","8":"product_cat-outlet-forestier","9":"pa_marca-bahco","11":"first","12":"instock","13":"taxable","14":"shipping-taxable","15":"purchasable","16":"product-type-simple"},"acf":[],"_links":{"self":[{"href":"https:\/\/forestpioneer.es\/fr\/wp-json\/wp\/v2\/product\/12979","targetHints":{"allow":["GET"]}}],"collection":[{"href":"https:\/\/forestpioneer.es\/fr\/wp-json\/wp\/v2\/product"}],"about":[{"href":"https:\/\/forestpioneer.es\/fr\/wp-json\/wp\/v2\/types\/product"}],"wp:featuredmedia":[{"embeddable":true,"href":"https:\/\/forestpioneer.es\/fr\/wp-json\/wp\/v2\/media\/28176"}],"wp:attachment":[{"href":"https:\/\/forestpioneer.es\/fr\/wp-json\/wp\/v2\/media?parent=12979"}],"wp:term":[{"taxonomy":"product_brand","embeddable":true,"href":"https:\/\/forestpioneer.es\/fr\/wp-json\/wp\/v2\/product_brand?post=12979"},{"taxonomy":"product_cat","embeddable":true,"href":"https:\/\/forestpioneer.es\/fr\/wp-json\/wp\/v2\/product_cat?post=12979"},{"taxonomy":"product_tag","embeddable":true,"href":"https:\/\/forestpioneer.es\/fr\/wp-json\/wp\/v2\/product_tag?post=12979"},{"taxonomy":"translation_priority","embeddable":true,"href":"https:\/\/forestpioneer.es\/fr\/wp-json\/wp\/v2\/translation_priority?post=12979"}],"curies":[{"name":"wp","href":"https:\/\/api.w.org\/{rel}","templated":true}]}}